{"id":1362,"date":"2021-10-17T16:22:51","date_gmt":"2021-10-17T16:22:51","guid":{"rendered":"https:\/\/pesinasteel.com\/casa-roja-68m2\/"},"modified":"2021-10-18T20:04:47","modified_gmt":"2021-10-18T20:04:47","slug":"casa-roja-68m2","status":"publish","type":"page","link":"https:\/\/pesinasteel.com\/es\/casas-prefabricadas-residenciales\/casa-roja-68m2\/","title":{"rendered":"Casa Roja 68m2"},"content":{"rendered":"\t\t<div data-elementor-type=\"wp-page\" data-elementor-id=\"1362\" class=\"elementor elementor-1362 elementor-449\">\n\t\t\t\t\t\t<section class=\"elementor-section elementor-top-section elementor-element elementor-element-4f24d5e elementor-section-boxed elementor-section-height-default elementor-section-height-default\" data-id=\"4f24d5e\" data-element_type=\"section\" data-e-type=\"section\">\n\t\t\t\t\t\t<div class=\"elementor-container elementor-column-gap-default\">\n\t\t\t\t\t<div class=\"elementor-column elementor-col-50 elementor-top-column elementor-element elementor-element-a20fd2f\" data-id=\"a20fd2f\" data-element_type=\"column\" data-e-type=\"column\">\n\t\t\t<div class=\"elementor-widget-wrap elementor-element-populated\">\n\t\t\t\t\t\t<div class=\"elementor-element elementor-element-e8ec3d9 elementor-widget elementor-widget-text-editor\" data-id=\"e8ec3d9\" data-element_type=\"widget\" data-e-type=\"widget\" data-widget_type=\"text-editor.default\">\n\t\t\t\t<div class=\"elementor-widget-container\">\n\t\t\t\t\t\t\t\t\t<p>Las casas prefabricadas tienen m\u00f3dulos hechos en f\u00e1brica que aceleran el tiempo de construcci\u00f3n, especialmente en las zonas rurales. Pesina ofrece villas y casas prefabricadas en kit que incluyen ba\u00f1os y cocina como opci\u00f3n. Antes de la construcci\u00f3n de la superestructura, recuerde que debe preparar los cimientos seg\u00fan nuestros planos.<\/p>\n\t\t\t\t\t\t\t\t<\/div>\n\t\t\t\t<\/div>\n\t\t\t\t\t<\/div>\n\t\t<\/div>\n\t\t\t\t<div class=\"elementor-column elementor-col-25 elementor-top-column elementor-element elementor-element-01e435d\" data-id=\"01e435d\" data-element_type=\"column\" data-e-type=\"column\">\n\t\t\t<div class=\"elementor-widget-wrap elementor-element-populated\">\n\t\t\t\t\t\t<div class=\"elementor-element elementor-element-c6cb382 elementor-widget elementor-widget-text-editor\" data-id=\"c6cb382\" data-element_type=\"widget\" data-e-type=\"widget\" data-widget_type=\"text-editor.default\">\n\t\t\t\t<div class=\"elementor-widget-container\">\n\t\t\t\t\t\t\t\t\t<p>Ofrecemos algunos dise\u00f1os y modelos listos. Ser\u00e1 una soluci\u00f3n m\u00e1s econ\u00f3mica si eliges esos modelos. Porque est\u00e1n preparados arquitect\u00f3nicamente.<\/p>\n\t\t\t\t\t\t\t\t<\/div>\n\t\t\t\t<\/div>\n\t\t\t\t\t<\/div>\n\t\t<\/div>\n\t\t\t\t<div class=\"elementor-column elementor-col-25 elementor-top-column elementor-element elementor-element-a753400\" data-id=\"a753400\" data-element_type=\"column\" data-e-type=\"column\">\n\t\t\t<div class=\"elementor-widget-wrap elementor-element-populated\">\n\t\t\t\t\t\t<div class=\"elementor-element elementor-element-d0415ce elementor-widget elementor-widget-text-editor\" data-id=\"d0415ce\" data-element_type=\"widget\" data-e-type=\"widget\" data-widget_type=\"text-editor.default\">\n\t\t\t\t<div class=\"elementor-widget-container\">\n\t\t\t\t\t\t\t\t\t<p>Gracias a la flexibilidad y la libertad de opciones disponibles, puede personalizar f\u00e1cilmente su casa seg\u00fan sus necesidades.<\/p>\n\t\t\t\t\t\t\t\t<\/div>\n\t\t\t\t<\/div>\n\t\t\t\t\t<\/div>\n\t\t<\/div>\n\t\t\t\t\t<\/div>\n\t\t<\/section>\n\t\t\t\t<section class=\"elementor-section elementor-top-section elementor-element elementor-element-21dad662 elementor-section-boxed elementor-section-height-default elementor-section-height-default\" data-id=\"21dad662\" data-element_type=\"section\" data-e-type=\"section\">\n\t\t\t\t\t\t<div class=\"elementor-container elementor-column-gap-default\">\n\t\t\t\t\t<div class=\"elementor-column elementor-col-100 elementor-top-column elementor-element elementor-element-802db13\" data-id=\"802db13\" data-element_type=\"column\" data-e-type=\"column\">\n\t\t\t<div class=\"elementor-widget-wrap elementor-element-populated\">\n\t\t\t\t\t\t<div class=\"elementor-element elementor-element-e627fea elementor-widget elementor-widget-text-editor\" data-id=\"e627fea\" data-element_type=\"widget\" data-e-type=\"widget\" data-widget_type=\"text-editor.default\">\n\t\t\t\t<div class=\"elementor-widget-container\">\n\t\t\t\t\t\t\t\t\t<h2>Casa prefabricada residencial<\/h2>\n\t\t\t\t\t\t\t\t<\/div>\n\t\t\t\t<\/div>\n\t\t\t\t<section class=\"elementor-section elementor-inner-section elementor-element elementor-element-7529605 elementor-section-boxed elementor-section-height-default elementor-section-height-default\" data-id=\"7529605\" data-element_type=\"section\" data-e-type=\"section\">\n\t\t\t\t\t\t<div class=\"elementor-container elementor-column-gap-default\">\n\t\t\t\t\t<div class=\"elementor-column elementor-col-100 elementor-inner-column elementor-element elementor-element-1eb4cac\" data-id=\"1eb4cac\" data-element_type=\"column\" data-e-type=\"column\">\n\t\t\t<div class=\"elementor-widget-wrap elementor-element-populated\">\n\t\t\t\t\t\t<div class=\"elementor-element elementor-element-99495eb elementor-widget elementor-widget-heading\" data-id=\"99495eb\" data-element_type=\"widget\" data-e-type=\"widget\" data-widget_type=\"heading.default\">\n\t\t\t\t<div class=\"elementor-widget-container\">\n\t\t\t\t\t<h4 class=\"elementor-heading-title elementor-size-default\">Casa Roja 68m2<\/h4>\t\t\t\t<\/div>\n\t\t\t\t<\/div>\n\t\t\t\t\t<\/div>\n\t\t<\/div>\n\t\t\t\t\t<\/div>\n\t\t<\/section>\n\t\t\t\t<section class=\"elementor-section elementor-inner-section elementor-element elementor-element-258061d elementor-section-boxed elementor-section-height-default elementor-section-height-default\" data-id=\"258061d\" data-element_type=\"section\" data-e-type=\"section\">\n\t\t\t\t\t\t<div class=\"elementor-container elementor-column-gap-default\">\n\t\t\t\t\t<div class=\"elementor-column elementor-col-50 elementor-inner-column elementor-element elementor-element-4a1bb1e\" data-id=\"4a1bb1e\" data-element_type=\"column\" data-e-type=\"column\">\n\t\t\t<div class=\"elementor-widget-wrap elementor-element-populated\">\n\t\t\t\t\t\t<div class=\"elementor-element elementor-element-667d404 elementor-widget elementor-widget-image\" data-id=\"667d404\" data-element_type=\"widget\" data-e-type=\"widget\" data-widget_type=\"image.default\">\n\t\t\t\t<div class=\"elementor-widget-container\">\n\t\t\t\t\t\t\t\t\t\t\t\t\t\t\t\t<a href=\"https:\/\/pesinasteel.com\/wp-content\/uploads\/red_house_2.jpg\" data-elementor-open-lightbox=\"yes\" data-elementor-lightbox-title=\"casa roja casa prefabricada\" data-elementor-lightbox-description=\"casa roja casa prefabricada\" data-e-action-hash=\"#elementor-action%3Aaction%3Dlightbox%26settings%3DeyJpZCI6MTA0OCwidXJsIjoiaHR0cHM6XC9cL3Blc2luYXN0ZWVsLmNvbVwvd3AtY29udGVudFwvdXBsb2Fkc1wvcmVkX2hvdXNlXzIuanBnIn0%3D\">\n\t\t\t\t\t\t\t<img decoding=\"async\" width=\"800\" height=\"450\" data-src=\"https:\/\/pesinasteel.com\/wp-content\/uploads\/red_house_2.jpg\" class=\"attachment-large size-large wp-image-1048 lazyload\" alt=\"casa roja casa prefabricada\" data-srcset=\"https:\/\/pesinasteel.com\/wp-content\/uploads\/red_house_2.jpg 800w, https:\/\/pesinasteel.com\/wp-content\/uploads\/red_house_2-300x169.jpg 300w, https:\/\/pesinasteel.com\/wp-content\/uploads\/red_house_2-150x84.jpg 150w, https:\/\/pesinasteel.com\/wp-content\/uploads\/red_house_2-768x432.jpg 768w\" data-sizes=\"(max-width: 800px) 100vw, 800px\" src=\"data:image\/svg+xml;base64,PHN2ZyB3aWR0aD0iMSIgaGVpZ2h0PSIxIiB4bWxucz0iaHR0cDovL3d3dy53My5vcmcvMjAwMC9zdmciPjwvc3ZnPg==\" style=\"--smush-placeholder-width: 800px; --smush-placeholder-aspect-ratio: 800\/450;\" \/>\t\t\t\t\t\t\t\t<\/a>\n\t\t\t\t\t\t\t\t\t\t\t\t\t\t\t<\/div>\n\t\t\t\t<\/div>\n\t\t\t\t\t<\/div>\n\t\t<\/div>\n\t\t\t\t<div class=\"elementor-column elementor-col-50 elementor-inner-column elementor-element elementor-element-dc15d56\" data-id=\"dc15d56\" data-element_type=\"column\" data-e-type=\"column\">\n\t\t\t<div class=\"elementor-widget-wrap elementor-element-populated\">\n\t\t\t\t\t\t<div class=\"elementor-element elementor-element-a7660fd elementor-widget elementor-widget-image\" data-id=\"a7660fd\" data-element_type=\"widget\" data-e-type=\"widget\" data-widget_type=\"image.default\">\n\t\t\t\t<div class=\"elementor-widget-container\">\n\t\t\t\t\t\t\t\t\t\t\t\t\t\t\t\t<a href=\"https:\/\/pesinasteel.com\/wp-content\/uploads\/red_house_4.jpg\" data-elementor-open-lightbox=\"yes\" data-elementor-lightbox-title=\"casa_roja_4\" data-elementor-lightbox-description=\"casa roja casas prefabricadas\" data-e-action-hash=\"#elementor-action%3Aaction%3Dlightbox%26settings%3DeyJpZCI6MTA1MSwidXJsIjoiaHR0cHM6XC9cL3Blc2luYXN0ZWVsLmNvbVwvd3AtY29udGVudFwvdXBsb2Fkc1wvcmVkX2hvdXNlXzQuanBnIn0%3D\">\n\t\t\t\t\t\t\t<img decoding=\"async\" width=\"800\" height=\"450\" data-src=\"https:\/\/pesinasteel.com\/wp-content\/uploads\/red_house_4.jpg\" class=\"attachment-large size-large wp-image-1051 lazyload\" alt=\"casa roja casas prefabricadas\" data-srcset=\"https:\/\/pesinasteel.com\/wp-content\/uploads\/red_house_4.jpg 800w, https:\/\/pesinasteel.com\/wp-content\/uploads\/red_house_4-300x169.jpg 300w, https:\/\/pesinasteel.com\/wp-content\/uploads\/red_house_4-150x84.jpg 150w, https:\/\/pesinasteel.com\/wp-content\/uploads\/red_house_4-768x432.jpg 768w\" data-sizes=\"(max-width: 800px) 100vw, 800px\" src=\"data:image\/svg+xml;base64,PHN2ZyB3aWR0aD0iMSIgaGVpZ2h0PSIxIiB4bWxucz0iaHR0cDovL3d3dy53My5vcmcvMjAwMC9zdmciPjwvc3ZnPg==\" style=\"--smush-placeholder-width: 800px; --smush-placeholder-aspect-ratio: 800\/450;\" \/>\t\t\t\t\t\t\t\t<\/a>\n\t\t\t\t\t\t\t\t\t\t\t\t\t\t\t<\/div>\n\t\t\t\t<\/div>\n\t\t\t\t\t<\/div>\n\t\t<\/div>\n\t\t\t\t\t<\/div>\n\t\t<\/section>\n\t\t\t\t<section class=\"elementor-section elementor-inner-section elementor-element elementor-element-836ba78 elementor-section-boxed elementor-section-height-default elementor-section-height-default\" data-id=\"836ba78\" data-element_type=\"section\" data-e-type=\"section\">\n\t\t\t\t\t\t<div class=\"elementor-container elementor-column-gap-default\">\n\t\t\t\t\t<div class=\"elementor-column elementor-col-50 elementor-inner-column elementor-element elementor-element-e58c1fe\" data-id=\"e58c1fe\" data-element_type=\"column\" data-e-type=\"column\">\n\t\t\t<div class=\"elementor-widget-wrap elementor-element-populated\">\n\t\t\t\t\t\t<div class=\"elementor-element elementor-element-ac16e17 elementor-widget elementor-widget-image\" data-id=\"ac16e17\" data-element_type=\"widget\" data-e-type=\"widget\" data-widget_type=\"image.default\">\n\t\t\t\t<div class=\"elementor-widget-container\">\n\t\t\t\t\t\t\t\t\t\t\t\t\t\t\t\t<a href=\"https:\/\/pesinasteel.com\/wp-content\/uploads\/red_house_interior.jpg\" data-elementor-open-lightbox=\"yes\" data-elementor-lightbox-title=\"casa roja interior casa prefabricada\" data-elementor-lightbox-description=\"casa roja interior casa prefabricada\" data-e-action-hash=\"#elementor-action%3Aaction%3Dlightbox%26settings%3DeyJpZCI6MTA1NCwidXJsIjoiaHR0cHM6XC9cL3Blc2luYXN0ZWVsLmNvbVwvd3AtY29udGVudFwvdXBsb2Fkc1wvcmVkX2hvdXNlX2ludGVyaW9yLmpwZyJ9\">\n\t\t\t\t\t\t\t<img decoding=\"async\" width=\"800\" height=\"450\" data-src=\"https:\/\/pesinasteel.com\/wp-content\/uploads\/red_house_interior.jpg\" class=\"attachment-large size-large wp-image-1054 lazyload\" alt=\"casa roja interior casa prefabricada\" data-srcset=\"https:\/\/pesinasteel.com\/wp-content\/uploads\/red_house_interior.jpg 800w, https:\/\/pesinasteel.com\/wp-content\/uploads\/red_house_interior-300x169.jpg 300w, https:\/\/pesinasteel.com\/wp-content\/uploads\/red_house_interior-150x84.jpg 150w, https:\/\/pesinasteel.com\/wp-content\/uploads\/red_house_interior-768x432.jpg 768w\" data-sizes=\"(max-width: 800px) 100vw, 800px\" src=\"data:image\/svg+xml;base64,PHN2ZyB3aWR0aD0iMSIgaGVpZ2h0PSIxIiB4bWxucz0iaHR0cDovL3d3dy53My5vcmcvMjAwMC9zdmciPjwvc3ZnPg==\" style=\"--smush-placeholder-width: 800px; --smush-placeholder-aspect-ratio: 800\/450;\" \/>\t\t\t\t\t\t\t\t<\/a>\n\t\t\t\t\t\t\t\t\t\t\t\t\t\t\t<\/div>\n\t\t\t\t<\/div>\n\t\t\t\t\t<\/div>\n\t\t<\/div>\n\t\t\t\t<div class=\"elementor-column elementor-col-50 elementor-inner-column elementor-element elementor-element-1214a4e\" data-id=\"1214a4e\" data-element_type=\"column\" data-e-type=\"column\">\n\t\t\t<div class=\"elementor-widget-wrap elementor-element-populated\">\n\t\t\t\t\t\t<div class=\"elementor-element elementor-element-bd26b6e elementor-widget elementor-widget-image\" data-id=\"bd26b6e\" data-element_type=\"widget\" data-e-type=\"widget\" data-widget_type=\"image.default\">\n\t\t\t\t<div class=\"elementor-widget-container\">\n\t\t\t\t\t\t\t\t\t\t\t\t\t\t\t\t<a href=\"https:\/\/pesinasteel.com\/wp-content\/uploads\/red_house_6.jpg\" data-elementor-open-lightbox=\"yes\" data-elementor-lightbox-title=\"casa_roja_6\" data-elementor-lightbox-description=\"casa roja casa prefabricada parte trasera\" data-e-action-hash=\"#elementor-action%3Aaction%3Dlightbox%26settings%3DeyJpZCI6MTA1NywidXJsIjoiaHR0cHM6XC9cL3Blc2luYXN0ZWVsLmNvbVwvd3AtY29udGVudFwvdXBsb2Fkc1wvcmVkX2hvdXNlXzYuanBnIn0%3D\">\n\t\t\t\t\t\t\t<img decoding=\"async\" width=\"800\" height=\"450\" data-src=\"https:\/\/pesinasteel.com\/wp-content\/uploads\/red_house_6.jpg\" class=\"attachment-large size-large wp-image-1057 lazyload\" alt=\"casa roja casa prefabricada parte trasera\" data-srcset=\"https:\/\/pesinasteel.com\/wp-content\/uploads\/red_house_6.jpg 800w, https:\/\/pesinasteel.com\/wp-content\/uploads\/red_house_6-300x169.jpg 300w, https:\/\/pesinasteel.com\/wp-content\/uploads\/red_house_6-150x84.jpg 150w, https:\/\/pesinasteel.com\/wp-content\/uploads\/red_house_6-768x432.jpg 768w\" data-sizes=\"(max-width: 800px) 100vw, 800px\" src=\"data:image\/svg+xml;base64,PHN2ZyB3aWR0aD0iMSIgaGVpZ2h0PSIxIiB4bWxucz0iaHR0cDovL3d3dy53My5vcmcvMjAwMC9zdmciPjwvc3ZnPg==\" style=\"--smush-placeholder-width: 800px; --smush-placeholder-aspect-ratio: 800\/450;\" \/>\t\t\t\t\t\t\t\t<\/a>\n\t\t\t\t\t\t\t\t\t\t\t\t\t\t\t<\/div>\n\t\t\t\t<\/div>\n\t\t\t\t\t<\/div>\n\t\t<\/div>\n\t\t\t\t\t<\/div>\n\t\t<\/section>\n\t\t\t\t<section class=\"elementor-section elementor-inner-section elementor-element elementor-element-69ff3de elementor-section-boxed elementor-section-height-default elementor-section-height-default\" data-id=\"69ff3de\" data-element_type=\"section\" data-e-type=\"section\">\n\t\t\t\t\t\t<div class=\"elementor-container elementor-column-gap-default\">\n\t\t\t\t\t<div class=\"elementor-column elementor-col-100 elementor-inner-column elementor-element elementor-element-2a2ee49\" data-id=\"2a2ee49\" data-element_type=\"column\" data-e-type=\"column\">\n\t\t\t<div class=\"elementor-widget-wrap elementor-element-populated\">\n\t\t\t\t\t\t<div class=\"elementor-element elementor-element-4de3b7d elementor-widget elementor-widget-text-editor\" data-id=\"4de3b7d\" data-element_type=\"widget\" data-e-type=\"widget\" data-widget_type=\"text-editor.default\">\n\t\t\t\t<div class=\"elementor-widget-container\">\n\t\t\t\t\t\t\t\t\t<p><span style=\"font-size: 15px; font-style: normal; font-weight: 400;\">3 Habitaciones * 1 Aseo * Cocina<\/span><\/p>\n<p>\u00c1rea de construcci\u00f3n: 68m2<\/p>\n<p>Muros exteriores: 10cm de espesor (Placa de Fibrocemento-EPS Espuma R\u00edgida-Fibrocemento)<\/p>\n<p>Paredes interiores: 6 cm de espesor&nbsp;<span style=\"font-size: 16px; font-style: normal; font-weight: 400;\">(Placa de fibrocemento-EPS Espuma r\u00edgida-fibrocemento)<\/span><\/p>\n<p><span style=\"font-size: 16px; font-style: normal; font-weight: 400;\">Ventanas: Ventanas de PVC con doble acristalamiento<\/span><\/p>\n<p><span style=\"font-size: 16px;\">Puerta exterior: Puerta de acero decorativa<\/span><\/p>\n<p><span style=\"font-size: 16px;\">Puertas interiores: Puertas de panel de madera<\/span><\/p>\n<p><span style=\"font-size: 16px;\">Electricidad: Cableado el\u00e9ctrico b\u00e1sico (l\u00e1mparas, enchufes, etc.)<\/span><\/p>\n<p><span style=\"font-size: 16px;\">Techo: Chapa met\u00e1lica, lana de vidrio<\/span><\/p>\n<p><span style=\"font-size: 16px;\">Canal\u00f3n y bajante: No se incluye<\/span><\/p>\n<p><span style=\"font-size: 16px;\">Suelo: No se incluye<\/span><\/p>\n<p><span style=\"font-size: 16px;\">Valla y balaustradas: No se incluye<\/span><\/p>\n<p><span style=\"font-size: 16px;\">Aseo y ba\u00f1o: 1 juego<\/span><\/p><\/p>\n\t\t\t\t\t\t\t\t<\/div>\n\t\t\t\t<\/div>\n\t\t\t\t<div class=\"elementor-element elementor-element-e298fc9 elementor-widget elementor-widget-spacer\" data-id=\"e298fc9\" data-element_type=\"widget\" data-e-type=\"widget\" data-widget_type=\"spacer.default\">\n\t\t\t\t<div class=\"elementor-widget-container\">\n\t\t\t\t\t\t\t<div class=\"elementor-spacer\">\n\t\t\t<div class=\"elementor-spacer-inner\"><\/div>\n\t\t<\/div>\n\t\t\t\t\t\t<\/div>\n\t\t\t\t<\/div>\n\t\t\t\t\t<\/div>\n\t\t<\/div>\n\t\t\t\t\t<\/div>\n\t\t<\/section>\n\t\t\t\t<div class=\"elementor-element elementor-element-ac4ca22 elementor-align-center elementor-widget elementor-widget-button\" data-id=\"ac4ca22\" data-element_type=\"widget\" data-e-type=\"widget\" data-widget_type=\"button.default\">\n\t\t\t\t<div class=\"elementor-widget-container\">\n\t\t\t\t\t\t\t\t\t<div class=\"elementor-button-wrapper\">\n\t\t\t\t\t<a class=\"elementor-button elementor-button-link elementor-size-lg\" href=\"https:\/\/pesinasteel.com\/get-a-quotation\/\">\n\t\t\t\t\t\t<span class=\"elementor-button-content-wrapper\">\n\t\t\t\t\t\t\t\t\t<span class=\"elementor-button-text\">Obtenga un presupuesto ahora<\/span>\n\t\t\t\t\t<\/span>\n\t\t\t\t\t<\/a>\n\t\t\t\t<\/div>\n\t\t\t\t\t\t\t\t<\/div>\n\t\t\t\t<\/div>\n\t\t\t\t<div class=\"elementor-element elementor-element-2447d10 elementor-widget-divider--view-line elementor-widget elementor-widget-divider\" data-id=\"2447d10\" data-element_type=\"widget\" data-e-type=\"widget\" data-widget_type=\"divider.default\">\n\t\t\t\t<div class=\"elementor-widget-container\">\n\t\t\t\t\t\t\t<div class=\"elementor-divider\">\n\t\t\t<span class=\"elementor-divider-separator\">\n\t\t\t\t\t\t<\/span>\n\t\t<\/div>\n\t\t\t\t\t\t<\/div>\n\t\t\t\t<\/div>\n\t\t\t\t\t<\/div>\n\t\t<\/div>\n\t\t\t\t\t<\/div>\n\t\t<\/section>\n\t\t\t\t<section class=\"elementor-section elementor-top-section elementor-element elementor-element-a6a290c elementor-section-boxed elementor-section-height-default elementor-section-height-default\" data-id=\"a6a290c\" data-element_type=\"section\" data-e-type=\"section\">\n\t\t\t\t\t\t<div class=\"elementor-container elementor-column-gap-default\">\n\t\t\t\t\t<div class=\"elementor-column elementor-col-100 elementor-top-column elementor-element elementor-element-cb73329\" data-id=\"cb73329\" data-element_type=\"column\" data-e-type=\"column\">\n\t\t\t<div class=\"elementor-widget-wrap elementor-element-populated\">\n\t\t\t\t\t\t<div class=\"elementor-element elementor-element-7af5922 elementor-shape-rounded elementor-grid-0 e-grid-align-center elementor-widget elementor-widget-social-icons\" data-id=\"7af5922\" data-element_type=\"widget\" data-e-type=\"widget\" data-widget_type=\"social-icons.default\">\n\t\t\t\t<div class=\"elementor-widget-container\">\n\t\t\t\t\t\t\t<div class=\"elementor-social-icons-wrapper elementor-grid\" role=\"list\">\n\t\t\t\t\t\t\t<span class=\"elementor-grid-item\" role=\"listitem\">\n\t\t\t\t\t<a class=\"elementor-icon elementor-social-icon elementor-social-icon-facebook elementor-repeater-item-e46aa6a\" href=\"https:\/\/www.facebook.com\/pg\/PesinaLTD\/about\/\" target=\"_blank\">\n\t\t\t\t\t\t<span class=\"elementor-screen-only\">Facebook<\/span>\n\t\t\t\t\t\t<i aria-hidden=\"true\" class=\"fab fa-facebook\"><\/i>\t\t\t\t\t<\/a>\n\t\t\t\t<\/span>\n\t\t\t\t\t\t\t<span class=\"elementor-grid-item\" role=\"listitem\">\n\t\t\t\t\t<a class=\"elementor-icon elementor-social-icon elementor-social-icon-linkedin elementor-repeater-item-5ffe4b8\" href=\"https:\/\/www.linkedin.com\/company\/pesina-construction-trading-ltd\/\" target=\"_blank\">\n\t\t\t\t\t\t<span class=\"elementor-screen-only\">Linkedin<\/span>\n\t\t\t\t\t\t<i aria-hidden=\"true\" class=\"fab fa-linkedin\"><\/i>\t\t\t\t\t<\/a>\n\t\t\t\t<\/span>\n\t\t\t\t\t\t\t<span class=\"elementor-grid-item\" role=\"listitem\">\n\t\t\t\t\t<a class=\"elementor-icon elementor-social-icon elementor-social-icon-youtube elementor-repeater-item-b304aa1\" href=\"https:\/\/www.youtube.com\/watch?v=YsZ1UQ-goY4\" target=\"_blank\">\n\t\t\t\t\t\t<span class=\"elementor-screen-only\">Youtube<\/span>\n\t\t\t\t\t\t<i aria-hidden=\"true\" class=\"fab fa-youtube\"><\/i>\t\t\t\t\t<\/a>\n\t\t\t\t<\/span>\n\t\t\t\t\t\t\t<span class=\"elementor-grid-item\" role=\"listitem\">\n\t\t\t\t\t<a class=\"elementor-icon elementor-social-icon elementor-social-icon-whatsapp elementor-repeater-item-f5e21a9\" href=\"https:\/\/wa.me\/902169697399\" target=\"_blank\">\n\t\t\t\t\t\t<span class=\"elementor-screen-only\">Whatsapp<\/span>\n\t\t\t\t\t\t<i aria-hidden=\"true\" class=\"fab fa-whatsapp\"><\/i>\t\t\t\t\t<\/a>\n\t\t\t\t<\/span>\n\t\t\t\t\t<\/div>\n\t\t\t\t\t\t<\/div>\n\t\t\t\t<\/div>\n\t\t\t\t\t<\/div>\n\t\t<\/div>\n\t\t\t\t\t<\/div>\n\t\t<\/section>\n\t\t\t\t<\/div>\n\t\t","protected":false},"excerpt":{"rendered":"<p>Las casas prefabricadas tienen m\u00f3dulos hechos en f\u00e1brica que aceleran el tiempo de construcci\u00f3n, especialmente en las zonas rurales. Pesina ofrece villas y casas prefabricadas en kit que incluyen ba\u00f1os y cocina como opci\u00f3n. Antes de la construcci\u00f3n de la superestructura, recuerde que debe preparar los cimientos seg\u00fan nuestros planos. Ofrecemos algunos dise\u00f1os y modelos [&hellip;]<\/p>\n","protected":false},"author":2,"featured_media":1093,"parent":1819,"menu_order":1,"comment_status":"closed","ping_status":"closed","template":"","meta":{"_seopress_robots_primary_cat":"","_seopress_titles_title":"Casas prefabricadas %%sep%% %%post_title%%","_seopress_titles_desc":"","_seopress_robots_index":"","content-type":"","site-sidebar-layout":"default","site-content-layout":"default","ast-site-content-layout":"default","site-content-style":"default","site-sidebar-style":"default","ast-global-header-display":"","ast-banner-title-visibility":"","ast-main-header-display":"","ast-hfb-above-header-display":"","ast-hfb-below-header-display":"","ast-hfb-mobile-header-display":"","site-post-title":"","ast-breadcrumbs-content":"","ast-featured-img":"","footer-sml-layout":"","ast-disable-related-posts":"","theme-transparent-header-meta":"default","adv-header-id-meta":"","stick-header-meta":"","header-above-stick-meta":"","header-main-stick-meta":"","header-below-stick-meta":"","astra-migrate-meta-layouts":"default","ast-page-background-enabled":"default","ast-page-background-meta":{"desktop":{"background-color":"var(--ast-global-color-4)","background-image":"","background-repeat":"repeat","background-position":"center center","background-size":"auto","background-attachment":"scroll","background-type":"","background-media":"","overlay-type":"","overlay-color":"","overlay-opacity":"","overlay-gradient":""},"tablet":{"background-color":"","background-image":"","background-repeat":"repeat","background-position":"center center","background-size":"auto","background-attachment":"scroll","background-type":"","background-media":"","overlay-type":"","overlay-color":"","overlay-opacity":"","overlay-gradient":""},"mobile":{"background-color":"","background-image":"","background-repeat":"repeat","background-position":"center center","background-size":"auto","background-attachment":"scroll","background-type":"","background-media":"","overlay-type":"","overlay-color":"","overlay-opacity":"","overlay-gradient":""}},"ast-content-background-meta":{"desktop":{"background-color":"var(--ast-global-color-5)","background-image":"","background-repeat":"repeat","background-position":"center center","background-size":"auto","background-attachment":"scroll","background-type":"","background-media":"","overlay-type":"","overlay-color":"","overlay-opacity":"","overlay-gradient":""},"tablet":{"background-color":"var(--ast-global-color-5)","background-image":"","background-repeat":"repeat","background-position":"center center","background-size":"auto","background-attachment":"scroll","background-type":"","background-media":"","overlay-type":"","overlay-color":"","overlay-opacity":"","overlay-gradient":""},"mobile":{"background-color":"var(--ast-global-color-5)","background-image":"","background-repeat":"repeat","background-position":"center center","background-size":"auto","background-attachment":"scroll","background-type":"","background-media":"","overlay-type":"","overlay-color":"","overlay-opacity":"","overlay-gradient":""}},"footnotes":""},"class_list":["post-1362","page","type-page","status-publish","has-post-thumbnail","hentry"],"_links":{"self":[{"href":"https:\/\/pesinasteel.com\/es\/wp-json\/wp\/v2\/pages\/1362","targetHints":{"allow":["GET"]}}],"collection":[{"href":"https:\/\/pesinasteel.com\/es\/wp-json\/wp\/v2\/pages"}],"about":[{"href":"https:\/\/pesinasteel.com\/es\/wp-json\/wp\/v2\/types\/page"}],"author":[{"embeddable":true,"href":"https:\/\/pesinasteel.com\/es\/wp-json\/wp\/v2\/users\/2"}],"replies":[{"embeddable":true,"href":"https:\/\/pesinasteel.com\/es\/wp-json\/wp\/v2\/comments?post=1362"}],"version-history":[{"count":0,"href":"https:\/\/pesinasteel.com\/es\/wp-json\/wp\/v2\/pages\/1362\/revisions"}],"up":[{"embeddable":true,"href":"https:\/\/pesinasteel.com\/es\/wp-json\/wp\/v2\/pages\/1819"}],"wp:featuredmedia":[{"embeddable":true,"href":"https:\/\/pesinasteel.com\/es\/wp-json\/wp\/v2\/media\/1093"}],"wp:attachment":[{"href":"https:\/\/pesinasteel.com\/es\/wp-json\/wp\/v2\/media?parent=1362"}],"curies":[{"name":"wp","href":"https:\/\/api.w.org\/{rel}","templated":true}]}}