{"id":1378,"date":"2021-10-28T16:30:03","date_gmt":"2021-10-28T16:30:03","guid":{"rendered":"https:\/\/pesinasteel.com\/casa-amarilla-104m2\/"},"modified":"2024-07-01T16:13:01","modified_gmt":"2024-07-01T16:13:01","slug":"casa-amarilla-104m2","status":"publish","type":"page","link":"https:\/\/pesinasteel.com\/es\/casas-prefabricadas-residenciales\/casa-amarilla-104m2\/","title":{"rendered":"Casa Amarilla 104m2"},"content":{"rendered":"\t\t<div data-elementor-type=\"wp-page\" data-elementor-id=\"1378\" class=\"elementor elementor-1378 elementor-506\">\n\t\t\t\t\t\t<section class=\"elementor-section elementor-top-section elementor-element elementor-element-4f24d5e elementor-section-boxed elementor-section-height-default elementor-section-height-default\" data-id=\"4f24d5e\" data-element_type=\"section\" data-e-type=\"section\">\n\t\t\t\t\t\t<div class=\"elementor-container elementor-column-gap-default\">\n\t\t\t\t\t<div class=\"elementor-column elementor-col-50 elementor-top-column elementor-element elementor-element-a20fd2f\" data-id=\"a20fd2f\" data-element_type=\"column\" data-e-type=\"column\">\n\t\t\t<div class=\"elementor-widget-wrap elementor-element-populated\">\n\t\t\t\t\t\t<div class=\"elementor-element elementor-element-e8ec3d9 elementor-widget elementor-widget-text-editor\" data-id=\"e8ec3d9\" data-element_type=\"widget\" data-e-type=\"widget\" data-widget_type=\"text-editor.default\">\n\t\t\t\t<div class=\"elementor-widget-container\">\n\t\t\t\t\t\t\t\t\t<p>Las casas prefabricadas tienen m\u00f3dulos hechos en f\u00e1brica que acelerar\u00e1n el tiempo de construcci\u00f3n, especialmente en \u00e1reas rurales.&nbsp;<\/p>\n<p>Pesina ofrece villas prefabricadas y casas en kit que incluye ba\u00f1os, cocina. Antes de la construcci\u00f3n de la estructura superior, tenga en cuenta que el concreto del piso debe colocarse antes de la instalaci\u00f3n.<\/p>\t\t\t\t\t\t\t\t<\/div>\n\t\t\t\t<\/div>\n\t\t\t\t\t<\/div>\n\t\t<\/div>\n\t\t\t\t<div class=\"elementor-column elementor-col-25 elementor-top-column elementor-element elementor-element-01e435d\" data-id=\"01e435d\" data-element_type=\"column\" data-e-type=\"column\">\n\t\t\t<div class=\"elementor-widget-wrap elementor-element-populated\">\n\t\t\t\t\t\t<div class=\"elementor-element elementor-element-c6cb382 elementor-widget elementor-widget-text-editor\" data-id=\"c6cb382\" data-element_type=\"widget\" data-e-type=\"widget\" data-widget_type=\"text-editor.default\">\n\t\t\t\t<div class=\"elementor-widget-container\">\n\t\t\t\t\t\t\t\t\t<p>Ofrecemos algunos dise\u00f1os y modelos listos. Esa ser\u00e1 una soluci\u00f3n m\u00e1s econ\u00f3mica si elige esos modelos. Porque ellos est\u00e1n arquitect\u00f3nicamente listos.<\/p>\n\t\t\t\t\t\t\t\t<\/div>\n\t\t\t\t<\/div>\n\t\t\t\t\t<\/div>\n\t\t<\/div>\n\t\t\t\t<div class=\"elementor-column elementor-col-25 elementor-top-column elementor-element elementor-element-a753400\" data-id=\"a753400\" data-element_type=\"column\" data-e-type=\"column\">\n\t\t\t<div class=\"elementor-widget-wrap elementor-element-populated\">\n\t\t\t\t\t\t<div class=\"elementor-element elementor-element-d0415ce elementor-widget elementor-widget-text-editor\" data-id=\"d0415ce\" data-element_type=\"widget\" data-e-type=\"widget\" data-widget_type=\"text-editor.default\">\n\t\t\t\t<div class=\"elementor-widget-container\">\n\t\t\t\t\t\t\t\t\t<p>Dando la flexibilidad y la libertad de opciones disponibles, puede personalizar f\u00e1cilmente su casa seg\u00fan sus necesidades.<\/p>\n\t\t\t\t\t\t\t\t<\/div>\n\t\t\t\t<\/div>\n\t\t\t\t\t<\/div>\n\t\t<\/div>\n\t\t\t\t\t<\/div>\n\t\t<\/section>\n\t\t\t\t<section class=\"elementor-section elementor-top-section elementor-element elementor-element-21dad662 elementor-section-boxed elementor-section-height-default elementor-section-height-default\" data-id=\"21dad662\" data-element_type=\"section\" data-e-type=\"section\">\n\t\t\t\t\t\t<div class=\"elementor-container elementor-column-gap-default\">\n\t\t\t\t\t<div class=\"elementor-column elementor-col-100 elementor-top-column elementor-element elementor-element-802db13\" data-id=\"802db13\" data-element_type=\"column\" data-e-type=\"column\">\n\t\t\t<div class=\"elementor-widget-wrap elementor-element-populated\">\n\t\t\t\t\t\t<div class=\"elementor-element elementor-element-e627fea elementor-widget elementor-widget-text-editor\" data-id=\"e627fea\" data-element_type=\"widget\" data-e-type=\"widget\" data-widget_type=\"text-editor.default\">\n\t\t\t\t<div class=\"elementor-widget-container\">\n\t\t\t\t\t\t\t\t\t<p><span style=\"font-size: 30px; font-style: normal; font-weight: 400; font-family: var( --e-global-typography-primary-font-family ), Sans-serif;\">Residencial&nbsp;<\/span>Casas prefabricadas 2 Dormitorios<\/p>\n\t\t\t\t\t\t\t\t<\/div>\n\t\t\t\t<\/div>\n\t\t\t\t<section class=\"elementor-section elementor-inner-section elementor-element elementor-element-7529605 elementor-section-boxed elementor-section-height-default elementor-section-height-default\" data-id=\"7529605\" data-element_type=\"section\" data-e-type=\"section\">\n\t\t\t\t\t\t<div class=\"elementor-container elementor-column-gap-default\">\n\t\t\t\t\t<div class=\"elementor-column elementor-col-100 elementor-inner-column elementor-element elementor-element-1eb4cac\" data-id=\"1eb4cac\" data-element_type=\"column\" data-e-type=\"column\">\n\t\t\t<div class=\"elementor-widget-wrap elementor-element-populated\">\n\t\t\t\t\t\t<div class=\"elementor-element elementor-element-99495eb elementor-widget elementor-widget-heading\" data-id=\"99495eb\" data-element_type=\"widget\" data-e-type=\"widget\" data-widget_type=\"heading.default\">\n\t\t\t\t<div class=\"elementor-widget-container\">\n\t\t\t\t\t<h1 class=\"elementor-heading-title elementor-size-default\">Casa Amarilla 104m2<\/h1>\t\t\t\t<\/div>\n\t\t\t\t<\/div>\n\t\t\t\t\t<\/div>\n\t\t<\/div>\n\t\t\t\t\t<\/div>\n\t\t<\/section>\n\t\t\t\t<section class=\"elementor-section elementor-inner-section elementor-element elementor-element-258061d elementor-section-boxed elementor-section-height-default elementor-section-height-default\" data-id=\"258061d\" data-element_type=\"section\" data-e-type=\"section\">\n\t\t\t\t\t\t<div class=\"elementor-container elementor-column-gap-default\">\n\t\t\t\t\t<div class=\"elementor-column elementor-col-50 elementor-inner-column elementor-element elementor-element-4a1bb1e\" data-id=\"4a1bb1e\" data-element_type=\"column\" data-e-type=\"column\">\n\t\t\t<div class=\"elementor-widget-wrap elementor-element-populated\">\n\t\t\t\t\t\t<div class=\"elementor-element elementor-element-667d404 elementor-widget elementor-widget-image\" data-id=\"667d404\" data-element_type=\"widget\" data-e-type=\"widget\" data-widget_type=\"image.default\">\n\t\t\t\t<div class=\"elementor-widget-container\">\n\t\t\t\t\t\t\t\t\t\t\t\t\t\t\t\t<a href=\"https:\/\/pesinasteel.com\/wp-content\/uploads\/Yellow_house_1-1.jpg\" data-elementor-open-lightbox=\"yes\" data-elementor-lightbox-title=\"Casa_Amarilla_1\" data-elementor-lightbox-description=\"Casa Prefabricada\nCasa Prefabricada\nVilla\" data-e-action-hash=\"#elementor-action%3Aaction%3Dlightbox%26settings%3DeyJpZCI6MTEwOCwidXJsIjoiaHR0cHM6XC9cL3Blc2luYXN0ZWVsLmNvbVwvd3AtY29udGVudFwvdXBsb2Fkc1wvWWVsbG93X2hvdXNlXzEtMS5qcGcifQ%3D%3D\">\n\t\t\t\t\t\t\t<img decoding=\"async\" width=\"515\" height=\"511\" data-src=\"https:\/\/pesinasteel.com\/wp-content\/uploads\/Yellow_house_1-1.jpg\" class=\"attachment-large size-large wp-image-1108 lazyload\" alt=\"Casa Amarilla Prefabricada\" data-srcset=\"https:\/\/pesinasteel.com\/wp-content\/uploads\/Yellow_house_1-1.jpg 515w, https:\/\/pesinasteel.com\/wp-content\/uploads\/Yellow_house_1-1-300x298.jpg 300w, https:\/\/pesinasteel.com\/wp-content\/uploads\/Yellow_house_1-1-150x150.jpg 150w\" data-sizes=\"(max-width: 515px) 100vw, 515px\" src=\"data:image\/svg+xml;base64,PHN2ZyB3aWR0aD0iMSIgaGVpZ2h0PSIxIiB4bWxucz0iaHR0cDovL3d3dy53My5vcmcvMjAwMC9zdmciPjwvc3ZnPg==\" style=\"--smush-placeholder-width: 515px; --smush-placeholder-aspect-ratio: 515\/511;\" \/>\t\t\t\t\t\t\t\t<\/a>\n\t\t\t\t\t\t\t\t\t\t\t\t\t\t\t<\/div>\n\t\t\t\t<\/div>\n\t\t\t\t\t<\/div>\n\t\t<\/div>\n\t\t\t\t<div class=\"elementor-column elementor-col-50 elementor-inner-column elementor-element elementor-element-dc15d56\" data-id=\"dc15d56\" data-element_type=\"column\" data-e-type=\"column\">\n\t\t\t<div class=\"elementor-widget-wrap elementor-element-populated\">\n\t\t\t\t\t\t<div class=\"elementor-element elementor-element-a7660fd elementor-widget elementor-widget-image\" data-id=\"a7660fd\" data-element_type=\"widget\" data-e-type=\"widget\" data-widget_type=\"image.default\">\n\t\t\t\t<div class=\"elementor-widget-container\">\n\t\t\t\t\t\t\t\t\t\t\t\t\t\t\t\t<a href=\"https:\/\/pesinasteel.com\/wp-content\/uploads\/Yellow_house_2.jpg\" data-elementor-open-lightbox=\"yes\" data-elementor-lightbox-title=\"Casa_Amarilla_2\" data-e-action-hash=\"#elementor-action%3Aaction%3Dlightbox%26settings%3DeyJpZCI6MTExMSwidXJsIjoiaHR0cHM6XC9cL3Blc2luYXN0ZWVsLmNvbVwvd3AtY29udGVudFwvdXBsb2Fkc1wvWWVsbG93X2hvdXNlXzIuanBnIn0%3D\">\n\t\t\t\t\t\t\t<img decoding=\"async\" width=\"700\" height=\"461\" data-src=\"https:\/\/pesinasteel.com\/wp-content\/uploads\/Yellow_house_2.jpg\" class=\"attachment-large size-large wp-image-1111 lazyload\" alt=\"Casa Amarilla Prefabricada\" data-srcset=\"https:\/\/pesinasteel.com\/wp-content\/uploads\/Yellow_house_2.jpg 700w, https:\/\/pesinasteel.com\/wp-content\/uploads\/Yellow_house_2-300x198.jpg 300w, https:\/\/pesinasteel.com\/wp-content\/uploads\/Yellow_house_2-150x99.jpg 150w\" data-sizes=\"(max-width: 700px) 100vw, 700px\" src=\"data:image\/svg+xml;base64,PHN2ZyB3aWR0aD0iMSIgaGVpZ2h0PSIxIiB4bWxucz0iaHR0cDovL3d3dy53My5vcmcvMjAwMC9zdmciPjwvc3ZnPg==\" style=\"--smush-placeholder-width: 700px; --smush-placeholder-aspect-ratio: 700\/461;\" \/>\t\t\t\t\t\t\t\t<\/a>\n\t\t\t\t\t\t\t\t\t\t\t\t\t\t\t<\/div>\n\t\t\t\t<\/div>\n\t\t\t\t\t<\/div>\n\t\t<\/div>\n\t\t\t\t\t<\/div>\n\t\t<\/section>\n\t\t\t\t<section class=\"elementor-section elementor-inner-section elementor-element elementor-element-836ba78 elementor-section-boxed elementor-section-height-default elementor-section-height-default\" data-id=\"836ba78\" data-element_type=\"section\" data-e-type=\"section\">\n\t\t\t\t\t\t<div class=\"elementor-container elementor-column-gap-default\">\n\t\t\t\t\t<div class=\"elementor-column elementor-col-50 elementor-inner-column elementor-element elementor-element-e58c1fe\" data-id=\"e58c1fe\" data-element_type=\"column\" data-e-type=\"column\">\n\t\t\t<div class=\"elementor-widget-wrap elementor-element-populated\">\n\t\t\t\t\t\t<div class=\"elementor-element elementor-element-ac16e17 elementor-widget elementor-widget-image\" data-id=\"ac16e17\" data-element_type=\"widget\" data-e-type=\"widget\" data-widget_type=\"image.default\">\n\t\t\t\t<div class=\"elementor-widget-container\">\n\t\t\t\t\t\t\t\t\t\t\t\t\t\t\t\t<a href=\"https:\/\/pesinasteel.com\/wp-content\/uploads\/Yellow_house_8.jpg\" data-elementor-open-lightbox=\"yes\" data-elementor-lightbox-title=\"Casa_Amarilla_8\" data-e-action-hash=\"#elementor-action%3Aaction%3Dlightbox%26settings%3DeyJpZCI6MTExNCwidXJsIjoiaHR0cHM6XC9cL3Blc2luYXN0ZWVsLmNvbVwvd3AtY29udGVudFwvdXBsb2Fkc1wvWWVsbG93X2hvdXNlXzguanBnIn0%3D\">\n\t\t\t\t\t\t\t<img decoding=\"async\" width=\"800\" height=\"563\" data-src=\"https:\/\/pesinasteel.com\/wp-content\/uploads\/Yellow_house_8.jpg\" class=\"attachment-large size-large wp-image-1114 lazyload\" alt=\"Casa Amarilla Prefabricada\" data-srcset=\"https:\/\/pesinasteel.com\/wp-content\/uploads\/Yellow_house_8.jpg 800w, https:\/\/pesinasteel.com\/wp-content\/uploads\/Yellow_house_8-300x211.jpg 300w, https:\/\/pesinasteel.com\/wp-content\/uploads\/Yellow_house_8-150x106.jpg 150w, https:\/\/pesinasteel.com\/wp-content\/uploads\/Yellow_house_8-768x540.jpg 768w\" data-sizes=\"(max-width: 800px) 100vw, 800px\" src=\"data:image\/svg+xml;base64,PHN2ZyB3aWR0aD0iMSIgaGVpZ2h0PSIxIiB4bWxucz0iaHR0cDovL3d3dy53My5vcmcvMjAwMC9zdmciPjwvc3ZnPg==\" style=\"--smush-placeholder-width: 800px; --smush-placeholder-aspect-ratio: 800\/563;\" \/>\t\t\t\t\t\t\t\t<\/a>\n\t\t\t\t\t\t\t\t\t\t\t\t\t\t\t<\/div>\n\t\t\t\t<\/div>\n\t\t\t\t\t<\/div>\n\t\t<\/div>\n\t\t\t\t<div class=\"elementor-column elementor-col-50 elementor-inner-column elementor-element elementor-element-1214a4e\" data-id=\"1214a4e\" data-element_type=\"column\" data-e-type=\"column\">\n\t\t\t<div class=\"elementor-widget-wrap elementor-element-populated\">\n\t\t\t\t\t\t<div class=\"elementor-element elementor-element-bd26b6e elementor-widget elementor-widget-image\" data-id=\"bd26b6e\" data-element_type=\"widget\" data-e-type=\"widget\" data-widget_type=\"image.default\">\n\t\t\t\t<div class=\"elementor-widget-container\">\n\t\t\t\t\t\t\t\t\t\t\t\t\t\t\t\t<a href=\"https:\/\/pesinasteel.com\/wp-content\/uploads\/Yellow_house_10.jpg\" data-elementor-open-lightbox=\"yes\" data-elementor-lightbox-title=\"Casa_Amarilla_10\" data-e-action-hash=\"#elementor-action%3Aaction%3Dlightbox%26settings%3DeyJpZCI6MTExNywidXJsIjoiaHR0cHM6XC9cL3Blc2luYXN0ZWVsLmNvbVwvd3AtY29udGVudFwvdXBsb2Fkc1wvWWVsbG93X2hvdXNlXzEwLmpwZyJ9\">\n\t\t\t\t\t\t\t<img decoding=\"async\" width=\"600\" height=\"443\" data-src=\"https:\/\/pesinasteel.com\/wp-content\/uploads\/Yellow_house_10.jpg\" class=\"attachment-large size-large wp-image-1117 lazyload\" alt=\"casa amarilla prefabricada interior\" data-srcset=\"https:\/\/pesinasteel.com\/wp-content\/uploads\/Yellow_house_10.jpg 600w, https:\/\/pesinasteel.com\/wp-content\/uploads\/Yellow_house_10-300x222.jpg 300w, https:\/\/pesinasteel.com\/wp-content\/uploads\/Yellow_house_10-150x111.jpg 150w\" data-sizes=\"(max-width: 600px) 100vw, 600px\" src=\"data:image\/svg+xml;base64,PHN2ZyB3aWR0aD0iMSIgaGVpZ2h0PSIxIiB4bWxucz0iaHR0cDovL3d3dy53My5vcmcvMjAwMC9zdmciPjwvc3ZnPg==\" style=\"--smush-placeholder-width: 600px; --smush-placeholder-aspect-ratio: 600\/443;\" \/>\t\t\t\t\t\t\t\t<\/a>\n\t\t\t\t\t\t\t\t\t\t\t\t\t\t\t<\/div>\n\t\t\t\t<\/div>\n\t\t\t\t\t<\/div>\n\t\t<\/div>\n\t\t\t\t\t<\/div>\n\t\t<\/section>\n\t\t\t\t<section class=\"elementor-section elementor-inner-section elementor-element elementor-element-69ff3de elementor-section-boxed elementor-section-height-default elementor-section-height-default\" data-id=\"69ff3de\" data-element_type=\"section\" data-e-type=\"section\">\n\t\t\t\t\t\t<div class=\"elementor-container elementor-column-gap-default\">\n\t\t\t\t\t<div class=\"elementor-column elementor-col-100 elementor-inner-column elementor-element elementor-element-2a2ee49\" data-id=\"2a2ee49\" data-element_type=\"column\" data-e-type=\"column\">\n\t\t\t<div class=\"elementor-widget-wrap elementor-element-populated\">\n\t\t\t\t\t\t<div class=\"elementor-element elementor-element-4de3b7d elementor-widget elementor-widget-text-editor\" data-id=\"4de3b7d\" data-element_type=\"widget\" data-e-type=\"widget\" data-widget_type=\"text-editor.default\">\n\t\t\t\t<div class=\"elementor-widget-container\">\n\t\t\t\t\t\t\t\t\t<p><span style=\"font-size: 15px; font-style: normal; font-weight: 400;\">2 Habitaciones * 1 Sala de estar * Cocina * 1 Ba\u00f1o<\/span><\/p>\n<p><span style=\"font-size: 15px; font-style: normal; font-weight: 400;\">Las casas prefabricadas de 2 dormitorios est\u00e1n fabricadas con pared modular y techo de acero para poder montarlas f\u00e1cilmente. A continuaci\u00f3n se enumeran las propiedades y especificaciones de los edificios;<\/span><\/p>\n<p><span style=\"font-size: 15px; font-style: normal; font-weight: 400;\">La placa de fibrocemento son placas fabricadas a base de cemento que se utilizan en paredes. Son materiales duros y duraderos como el hormig\u00f3n, pero preparados como placas listas.<\/span><\/p><p><span style=\"font-size: 15px; font-style: normal; font-weight: 400;\">La espuma r\u00edgida EPS es una espuma de poliestireno que est\u00e1 ampliamente disponible en muchos casos para fines de aislamiento t\u00e9rmico. Junto con las placas de fibrocemento son paneles s\u00e1ndwich duros y duraderos con aislamiento t\u00e9rmico.&nbsp;<\/span><\/p>\n<p>\u00c1rea de construcci\u00f3n: 104m2<\/p>\n<p>Paredes Exteriores: 10cm de espesor (Placa de Fibrocemento-Espuma r\u00edgida EPS-Fibrocemento)<\/p>\n<p>Tabiques Interiores: 6 cm de espesor&nbsp; <span style=\"font-size: 16px; font-style: normal; font-weight: 400;\">(Placa de Fibrocemento-EPS Espuma R\u00edgida-Fibrocemento)<\/span><\/p>\n<p><span style=\"font-size: 16px; font-style: normal; font-weight: 400;\">Ventanas: Ventanas de PVC con doble acristalamiento<\/span><\/p>\n<p><span style=\"font-size: 16px;\">Puerta exterior: Puerta de seguridad decorativa con cerraduras y manijas<\/span><\/p>\n<p><span style=\"font-size: 16px;\">Puertas Interiores: Puertas De Panel De Madera<\/span><\/p>\n<p><span style=\"font-size: 16px;\">Electricidad: Se incluye el cableado el\u00e9ctrico b\u00e1sico y las l\u00e1mparas, enchufes, etc.<\/span><\/p>\n<p><span style=\"font-size: 16px;\">Cubierta: Chapa Met\u00e1lica, Lana de vidrio<\/span><\/p>\n<p><span style=\"font-size: 16px;\">Canal\u00f3n y bajante: No incluido (opcional)<\/span><\/p>\n<p><span style=\"font-size: 16px;\">Suelo: No incluido (opcional)<\/span><\/p>\n<p><span style=\"font-size: 16px;\">Valla y barandillas: No incluidas (opcional)<\/span><\/p>\n<p><span style=\"font-size: 16px;\">Mobiliario: No incluido (opcional)<\/span><\/p>\n<p><span style=\"font-size: 16px;\">Cuarto de ba\u00f1o con WC: 1 juego<\/span><\/p>\n<p><\/p>\t\t\t\t\t\t\t\t<\/div>\n\t\t\t\t<\/div>\n\t\t\t\t<div class=\"elementor-element elementor-element-cf60015 elementor-widget elementor-widget-spacer\" data-id=\"cf60015\" data-element_type=\"widget\" data-e-type=\"widget\" data-widget_type=\"spacer.default\">\n\t\t\t\t<div class=\"elementor-widget-container\">\n\t\t\t\t\t\t\t<div class=\"elementor-spacer\">\n\t\t\t<div class=\"elementor-spacer-inner\"><\/div>\n\t\t<\/div>\n\t\t\t\t\t\t<\/div>\n\t\t\t\t<\/div>\n\t\t\t\t\t<\/div>\n\t\t<\/div>\n\t\t\t\t\t<\/div>\n\t\t<\/section>\n\t\t\t\t<div class=\"elementor-element elementor-element-ac4ca22 elementor-align-center elementor-widget elementor-widget-button\" data-id=\"ac4ca22\" data-element_type=\"widget\" data-e-type=\"widget\" data-widget_type=\"button.default\">\n\t\t\t\t<div class=\"elementor-widget-container\">\n\t\t\t\t\t\t\t\t\t<div class=\"elementor-button-wrapper\">\n\t\t\t\t\t<a class=\"elementor-button elementor-button-link elementor-size-lg\" href=\"https:\/\/pesinasteel.com\/es\/obtenga-una-cotizacion\/\">\n\t\t\t\t\t\t<span class=\"elementor-button-content-wrapper\">\n\t\t\t\t\t\t\t\t\t<span class=\"elementor-button-text\">Obtenga una cotizaci\u00f3n ahora<\/span>\n\t\t\t\t\t<\/span>\n\t\t\t\t\t<\/a>\n\t\t\t\t<\/div>\n\t\t\t\t\t\t\t\t<\/div>\n\t\t\t\t<\/div>\n\t\t\t\t<div class=\"elementor-element elementor-element-305c98f elementor-widget elementor-widget-spacer\" data-id=\"305c98f\" data-element_type=\"widget\" data-e-type=\"widget\" data-widget_type=\"spacer.default\">\n\t\t\t\t<div class=\"elementor-widget-container\">\n\t\t\t\t\t\t\t<div class=\"elementor-spacer\">\n\t\t\t<div class=\"elementor-spacer-inner\"><\/div>\n\t\t<\/div>\n\t\t\t\t\t\t<\/div>\n\t\t\t\t<\/div>\n\t\t\t\t<div class=\"elementor-element elementor-element-a7e195b elementor-shape-square elementor-grid-0 e-grid-align-center elementor-widget elementor-widget-social-icons\" data-id=\"a7e195b\" data-element_type=\"widget\" data-e-type=\"widget\" data-widget_type=\"social-icons.default\">\n\t\t\t\t<div class=\"elementor-widget-container\">\n\t\t\t\t\t\t\t<div class=\"elementor-social-icons-wrapper elementor-grid\" role=\"list\">\n\t\t\t\t\t\t\t<span class=\"elementor-grid-item\" role=\"listitem\">\n\t\t\t\t\t<a class=\"elementor-icon elementor-social-icon elementor-social-icon-facebook elementor-repeater-item-afb8fbb\" href=\"https:\/\/www.facebook.com\/PesinaTurkey\" target=\"_blank\">\n\t\t\t\t\t\t<span class=\"elementor-screen-only\">Facebook<\/span>\n\t\t\t\t\t\t<i aria-hidden=\"true\" class=\"fab fa-facebook\"><\/i>\t\t\t\t\t<\/a>\n\t\t\t\t<\/span>\n\t\t\t\t\t\t\t<span class=\"elementor-grid-item\" role=\"listitem\">\n\t\t\t\t\t<a class=\"elementor-icon elementor-social-icon elementor-social-icon-linkedin elementor-repeater-item-ab309d4\" href=\"https:\/\/www.linkedin.com\/company\/pesina-construction-trading-ltd\/\" target=\"_blank\">\n\t\t\t\t\t\t<span class=\"elementor-screen-only\">Linkedin<\/span>\n\t\t\t\t\t\t<i aria-hidden=\"true\" class=\"fab fa-linkedin\"><\/i>\t\t\t\t\t<\/a>\n\t\t\t\t<\/span>\n\t\t\t\t\t\t\t<span class=\"elementor-grid-item\" role=\"listitem\">\n\t\t\t\t\t<a class=\"elementor-icon elementor-social-icon elementor-social-icon-youtube elementor-repeater-item-f0c831e\" href=\"https:\/\/www.youtube.com\/watch?v=YsZ1UQ-goY4\" target=\"_blank\">\n\t\t\t\t\t\t<span class=\"elementor-screen-only\">Youtube<\/span>\n\t\t\t\t\t\t<i aria-hidden=\"true\" class=\"fab fa-youtube\"><\/i>\t\t\t\t\t<\/a>\n\t\t\t\t<\/span>\n\t\t\t\t\t\t\t<span class=\"elementor-grid-item\" role=\"listitem\">\n\t\t\t\t\t<a class=\"elementor-icon elementor-social-icon elementor-social-icon-link elementor-repeater-item-7f7a041\" href=\"https:\/\/pesina.com.tr\/project\/prefabricated-buildings-containers\/\" target=\"_blank\">\n\t\t\t\t\t\t<span class=\"elementor-screen-only\">Link<\/span>\n\t\t\t\t\t\t<i aria-hidden=\"true\" class=\"fas fa-link\"><\/i>\t\t\t\t\t<\/a>\n\t\t\t\t<\/span>\n\t\t\t\t\t<\/div>\n\t\t\t\t\t\t<\/div>\n\t\t\t\t<\/div>\n\t\t\t\t\t<\/div>\n\t\t<\/div>\n\t\t\t\t\t<\/div>\n\t\t<\/section>\n\t\t\t\t<\/div>\n\t\t","protected":false},"excerpt":{"rendered":"<p>Las casas prefabricadas tienen m\u00f3dulos hechos en f\u00e1brica que acelerar\u00e1n el tiempo de construcci\u00f3n, especialmente en \u00e1reas rurales.&nbsp; Pesina ofrece villas prefabricadas y casas en kit que incluye ba\u00f1os, cocina. Antes de la construcci\u00f3n de la estructura superior, tenga en cuenta que el concreto del piso debe colocarse antes de la instalaci\u00f3n. Ofrecemos algunos dise\u00f1os [&hellip;]<\/p>\n","protected":false},"author":2,"featured_media":0,"parent":1819,"menu_order":2,"comment_status":"closed","ping_status":"closed","template":"elementor_header_footer","meta":{"_seopress_robots_primary_cat":"","_seopress_titles_title":"Casas prefabricadas %%sep%% %%post_title%%","_seopress_titles_desc":"","_seopress_robots_index":"","content-type":"","site-sidebar-layout":"default","site-content-layout":"default","ast-site-content-layout":"default","site-content-style":"default","site-sidebar-style":"default","ast-global-header-display":"","ast-banner-title-visibility":"","ast-main-header-display":"","ast-hfb-above-header-display":"","ast-hfb-below-header-display":"","ast-hfb-mobile-header-display":"","site-post-title":"","ast-breadcrumbs-content":"","ast-featured-img":"","footer-sml-layout":"","ast-disable-related-posts":"","theme-transparent-header-meta":"default","adv-header-id-meta":"","stick-header-meta":"","header-above-stick-meta":"","header-main-stick-meta":"","header-below-stick-meta":"","astra-migrate-meta-layouts":"default","ast-page-background-enabled":"default","ast-page-background-meta":{"desktop":{"background-color":"var(--ast-global-color-4)","background-image":"","background-repeat":"repeat","background-position":"center center","background-size":"auto","background-attachment":"scroll","background-type":"","background-media":"","overlay-type":"","overlay-color":"","overlay-opacity":"","overlay-gradient":""},"tablet":{"background-color":"","background-image":"","background-repeat":"repeat","background-position":"center center","background-size":"auto","background-attachment":"scroll","background-type":"","background-media":"","overlay-type":"","overlay-color":"","overlay-opacity":"","overlay-gradient":""},"mobile":{"background-color":"","background-image":"","background-repeat":"repeat","background-position":"center center","background-size":"auto","background-attachment":"scroll","background-type":"","background-media":"","overlay-type":"","overlay-color":"","overlay-opacity":"","overlay-gradient":""}},"ast-content-background-meta":{"desktop":{"background-color":"var(--ast-global-color-5)","background-image":"","background-repeat":"repeat","background-position":"center center","background-size":"auto","background-attachment":"scroll","background-type":"","background-media":"","overlay-type":"","overlay-color":"","overlay-opacity":"","overlay-gradient":""},"tablet":{"background-color":"var(--ast-global-color-5)","background-image":"","background-repeat":"repeat","background-position":"center center","background-size":"auto","background-attachment":"scroll","background-type":"","background-media":"","overlay-type":"","overlay-color":"","overlay-opacity":"","overlay-gradient":""},"mobile":{"background-color":"var(--ast-global-color-5)","background-image":"","background-repeat":"repeat","background-position":"center center","background-size":"auto","background-attachment":"scroll","background-type":"","background-media":"","overlay-type":"","overlay-color":"","overlay-opacity":"","overlay-gradient":""}},"footnotes":""},"class_list":["post-1378","page","type-page","status-publish","hentry"],"_links":{"self":[{"href":"https:\/\/pesinasteel.com\/es\/wp-json\/wp\/v2\/pages\/1378","targetHints":{"allow":["GET"]}}],"collection":[{"href":"https:\/\/pesinasteel.com\/es\/wp-json\/wp\/v2\/pages"}],"about":[{"href":"https:\/\/pesinasteel.com\/es\/wp-json\/wp\/v2\/types\/page"}],"author":[{"embeddable":true,"href":"https:\/\/pesinasteel.com\/es\/wp-json\/wp\/v2\/users\/2"}],"replies":[{"embeddable":true,"href":"https:\/\/pesinasteel.com\/es\/wp-json\/wp\/v2\/comments?post=1378"}],"version-history":[{"count":2,"href":"https:\/\/pesinasteel.com\/es\/wp-json\/wp\/v2\/pages\/1378\/revisions"}],"predecessor-version":[{"id":2305,"href":"https:\/\/pesinasteel.com\/es\/wp-json\/wp\/v2\/pages\/1378\/revisions\/2305"}],"up":[{"embeddable":true,"href":"https:\/\/pesinasteel.com\/es\/wp-json\/wp\/v2\/pages\/1819"}],"wp:attachment":[{"href":"https:\/\/pesinasteel.com\/es\/wp-json\/wp\/v2\/media?parent=1378"}],"curies":[{"name":"wp","href":"https:\/\/api.w.org\/{rel}","templated":true}]}}