{"id":1470,"date":"2022-04-24T13:05:32","date_gmt":"2022-04-24T13:05:32","guid":{"rendered":"https:\/\/pesinasteel.com\/casas-con-marco-de-acero\/"},"modified":"2023-10-08T20:09:59","modified_gmt":"2023-10-08T20:09:59","slug":"casas-con-marco-de-acero","status":"publish","type":"page","link":"https:\/\/pesinasteel.com\/es\/casas-con-marco-de-acero\/","title":{"rendered":"Casas con marco de acero"},"content":{"rendered":"\t\t<div data-elementor-type=\"wp-page\" data-elementor-id=\"1470\" class=\"elementor elementor-1470 elementor-680\">\n\t\t\t\t\t\t<section class=\"elementor-section elementor-top-section elementor-element elementor-element-4f24d5e elementor-section-boxed elementor-section-height-default elementor-section-height-default\" data-id=\"4f24d5e\" data-element_type=\"section\" data-e-type=\"section\">\n\t\t\t\t\t\t<div class=\"elementor-container elementor-column-gap-default\">\n\t\t\t\t\t<div class=\"elementor-column elementor-col-50 elementor-top-column elementor-element elementor-element-a20fd2f\" data-id=\"a20fd2f\" data-element_type=\"column\" data-e-type=\"column\">\n\t\t\t<div class=\"elementor-widget-wrap elementor-element-populated\">\n\t\t\t\t\t\t<div class=\"elementor-element elementor-element-e8ec3d9 elementor-widget elementor-widget-text-editor\" data-id=\"e8ec3d9\" data-element_type=\"widget\" data-e-type=\"widget\" data-widget_type=\"text-editor.default\">\n\t\t\t\t<div class=\"elementor-widget-container\">\n\t\t\t\t\t\t\t\t\t<p>Las casas con marco de acero son una forma flexible de construcci\u00f3n de la casa. Debido al marco de acero, es fuerte en comparaci\u00f3n con el peso ligero de toda la estructura. A diferencia de otras construcciones prefabricadas o modulares, da cierta flexibilidad en el dise\u00f1o.<\/p>\n<p>Al construir la casa, se utiliza aislamiento, barreras de vapor, l\u00e1minas exteriores e interiores. Por lo tanto, a diferencia de la casa de ladrillo, no requiere una capa de aislamiento adicional.<\/p>\n\t\t\t\t\t\t\t\t<\/div>\n\t\t\t\t<\/div>\n\t\t\t\t\t<\/div>\n\t\t<\/div>\n\t\t\t\t<div class=\"elementor-column elementor-col-50 elementor-top-column elementor-element elementor-element-01e435d\" data-id=\"01e435d\" data-element_type=\"column\" data-e-type=\"column\">\n\t\t\t<div class=\"elementor-widget-wrap elementor-element-populated\">\n\t\t\t\t\t\t<div class=\"elementor-element elementor-element-c6cb382 elementor-widget elementor-widget-text-editor\" data-id=\"c6cb382\" data-element_type=\"widget\" data-e-type=\"widget\" data-widget_type=\"text-editor.default\">\n\t\t\t\t<div class=\"elementor-widget-container\">\n\t\t\t\t\t\t\t\t\t<p>El sistema de estructura de acero m\u00e1s conocido es LGS Light Gauge Steel, que consiste en marcos de acero galvanizado. Como la galvanizaci\u00f3n evita la corrosi\u00f3n en el acero, la durabilidad de las casas con marco de acero es de 60 a\u00f1os o m\u00e1s.<\/p>\n<p>El acero es material reciclable. Por lo tanto, es respetuoso con el medio ambiente y no se producen escombros como el hormig\u00f3n.<\/p>\n\t\t\t\t\t\t\t\t<\/div>\n\t\t\t\t<\/div>\n\t\t\t\t\t<\/div>\n\t\t<\/div>\n\t\t\t\t\t<\/div>\n\t\t<\/section>\n\t\t\t\t<section class=\"elementor-section elementor-top-section elementor-element elementor-element-385f41e elementor-section-boxed elementor-section-height-default elementor-section-height-default\" data-id=\"385f41e\" data-element_type=\"section\" data-e-type=\"section\">\n\t\t\t\t\t\t<div class=\"elementor-container elementor-column-gap-default\">\n\t\t\t\t\t<div class=\"elementor-column elementor-col-100 elementor-top-column elementor-element elementor-element-044ea3e\" data-id=\"044ea3e\" data-element_type=\"column\" data-e-type=\"column\">\n\t\t\t<div class=\"elementor-widget-wrap elementor-element-populated\">\n\t\t\t\t\t\t<div class=\"elementor-element elementor-element-848481c gallery-spacing-custom elementor-widget elementor-widget-image-gallery\" data-id=\"848481c\" data-element_type=\"widget\" data-e-type=\"widget\" data-widget_type=\"image-gallery.default\">\n\t\t\t\t<div class=\"elementor-widget-container\">\n\t\t\t\t\t\t\t<div class=\"elementor-image-gallery\">\n\t\t\t<div id='gallery-1' class='gallery galleryid-1470 gallery-columns-2 gallery-size-thumbnail'><figure class='gallery-item'>\n\t\t\t<div class='gallery-icon landscape'>\n\t\t\t\t<a data-elementor-open-lightbox=\"yes\" data-elementor-lightbox-slideshow=\"848481c\" data-elementor-lightbox-title=\"steel_framed_house_view\" data-e-action-hash=\"#elementor-action%3Aaction%3Dlightbox%26settings%3DeyJpZCI6MTI5NywidXJsIjoiaHR0cHM6XC9cL3Blc2luYXN0ZWVsLmNvbVwvd3AtY29udGVudFwvdXBsb2Fkc1wvc3RlZWxfZnJhbWVkX2hvdXNlX3ZpZXcuanBlZyIsInNsaWRlc2hvdyI6Ijg0ODQ4MWMifQ%3D%3D\" href='https:\/\/pesinasteel.com\/wp-content\/uploads\/steel_framed_house_view.jpeg'><img decoding=\"async\" width=\"150\" height=\"84\" data-src=\"https:\/\/pesinasteel.com\/wp-content\/uploads\/steel_framed_house_view-150x84.jpeg\" class=\"attachment-thumbnail size-thumbnail lazyload\" alt=\"casa con marco de acero\" data-srcset=\"https:\/\/pesinasteel.com\/wp-content\/uploads\/steel_framed_house_view-150x84.jpeg 150w, https:\/\/pesinasteel.com\/wp-content\/uploads\/steel_framed_house_view-300x169.jpeg 300w, https:\/\/pesinasteel.com\/wp-content\/uploads\/steel_framed_house_view-1024x576.jpeg 1024w, https:\/\/pesinasteel.com\/wp-content\/uploads\/steel_framed_house_view-768x432.jpeg 768w, https:\/\/pesinasteel.com\/wp-content\/uploads\/steel_framed_house_view.jpeg 1280w\" data-sizes=\"(max-width: 150px) 100vw, 150px\" src=\"data:image\/svg+xml;base64,PHN2ZyB3aWR0aD0iMSIgaGVpZ2h0PSIxIiB4bWxucz0iaHR0cDovL3d3dy53My5vcmcvMjAwMC9zdmciPjwvc3ZnPg==\" style=\"--smush-placeholder-width: 150px; --smush-placeholder-aspect-ratio: 150\/84;\" \/><\/a>\n\t\t\t<\/div><\/figure><figure class='gallery-item'>\n\t\t\t<div class='gallery-icon landscape'>\n\t\t\t\t<a data-elementor-open-lightbox=\"yes\" data-elementor-lightbox-slideshow=\"848481c\" data-elementor-lightbox-title=\"Modelo-2-1_villa\" data-e-action-hash=\"#elementor-action%3Aaction%3Dlightbox%26settings%3DeyJpZCI6MTMwMCwidXJsIjoiaHR0cHM6XC9cL3Blc2luYXN0ZWVsLmNvbVwvd3AtY29udGVudFwvdXBsb2Fkc1wvTW9kZWwtMi0xX3ZpbGxhLmpwZyIsInNsaWRlc2hvdyI6Ijg0ODQ4MWMifQ%3D%3D\" href='https:\/\/pesinasteel.com\/wp-content\/uploads\/Model-2-1_villa.jpg'><img decoding=\"async\" width=\"150\" height=\"77\" data-src=\"https:\/\/pesinasteel.com\/wp-content\/uploads\/Model-2-1_villa-150x77.jpg\" class=\"attachment-thumbnail size-thumbnail lazyload\" alt=\"\" data-srcset=\"https:\/\/pesinasteel.com\/wp-content\/uploads\/Model-2-1_villa-150x77.jpg 150w, https:\/\/pesinasteel.com\/wp-content\/uploads\/Model-2-1_villa-300x155.jpg 300w, https:\/\/pesinasteel.com\/wp-content\/uploads\/Model-2-1_villa-768x397.jpg 768w, https:\/\/pesinasteel.com\/wp-content\/uploads\/Model-2-1_villa.jpg 1024w\" data-sizes=\"(max-width: 150px) 100vw, 150px\" src=\"data:image\/svg+xml;base64,PHN2ZyB3aWR0aD0iMSIgaGVpZ2h0PSIxIiB4bWxucz0iaHR0cDovL3d3dy53My5vcmcvMjAwMC9zdmciPjwvc3ZnPg==\" style=\"--smush-placeholder-width: 150px; --smush-placeholder-aspect-ratio: 150\/77;\" \/><\/a>\n\t\t\t<\/div><\/figure>\n\t\t<\/div>\n\t\t<\/div>\n\t\t\t\t\t\t<\/div>\n\t\t\t\t<\/div>\n\t\t\t\t\t<\/div>\n\t\t<\/div>\n\t\t\t\t\t<\/div>\n\t\t<\/section>\n\t\t\t\t<section class=\"elementor-section elementor-top-section elementor-element elementor-element-21dad662 elementor-section-boxed elementor-section-height-default elementor-section-height-default\" data-id=\"21dad662\" data-element_type=\"section\" data-e-type=\"section\">\n\t\t\t\t\t\t<div class=\"elementor-container elementor-column-gap-default\">\n\t\t\t\t\t<div class=\"elementor-column elementor-col-100 elementor-top-column elementor-element elementor-element-802db13\" data-id=\"802db13\" data-element_type=\"column\" data-e-type=\"column\">\n\t\t\t<div class=\"elementor-widget-wrap elementor-element-populated\">\n\t\t\t\t\t\t<div class=\"elementor-element elementor-element-97f40ed elementor-widget elementor-widget-text-editor\" data-id=\"97f40ed\" data-element_type=\"widget\" data-e-type=\"widget\" data-widget_type=\"text-editor.default\">\n\t\t\t\t<div class=\"elementor-widget-container\">\n\t\t\t\t\t\t\t\t\t<p>\u00bfHay alguna necesidad de cimientos para casas con marco de acero?<\/p>\n<p>Le ayudaremos a preparar su plan de fundaci\u00f3n. O si puede enviar su informe de suelo, podemos aconsejarle el plan de cimentaci\u00f3n. Tenga en cuenta que es posible que tenga que obtener la aprobaci\u00f3n de las autoridades locales.<\/p>\n\t\t\t\t\t\t\t\t<\/div>\n\t\t\t\t<\/div>\n\t\t\t\t<div class=\"elementor-element elementor-element-e627fea elementor-widget elementor-widget-text-editor\" data-id=\"e627fea\" data-element_type=\"widget\" data-e-type=\"widget\" data-widget_type=\"text-editor.default\">\n\t\t\t\t<div class=\"elementor-widget-container\">\n\t\t\t\t\t\t\t\t\t<h1>Villas o Mansionettes<\/h1>\n\t\t\t\t\t\t\t\t<\/div>\n\t\t\t\t<\/div>\n\t\t\t\t<div class=\"elementor-element elementor-element-cb934e8 elementor-widget elementor-widget-image-gallery\" data-id=\"cb934e8\" data-element_type=\"widget\" data-e-type=\"widget\" data-widget_type=\"image-gallery.default\">\n\t\t\t\t<div class=\"elementor-widget-container\">\n\t\t\t\t\t\t\t<div class=\"elementor-image-gallery\">\n\t\t\t<div id='gallery-2' class='gallery galleryid-1470 gallery-columns-4 gallery-size-thumbnail'><figure class='gallery-item'>\n\t\t\t<div class='gallery-icon landscape'>\n\t\t\t\t<a data-elementor-open-lightbox=\"yes\" data-elementor-lightbox-slideshow=\"cb934e8\" data-elementor-lightbox-title=\"casa con marco de acero\" data-e-action-hash=\"#elementor-action%3Aaction%3Dlightbox%26settings%3DeyJpZCI6MTI0MCwidXJsIjoiaHR0cHM6XC9cL3Blc2luYXN0ZWVsLmNvbVwvd3AtY29udGVudFwvdXBsb2Fkc1wvUHJlZmFiX3ZpbGxhX2hvdXNlcy5qcGciLCJzbGlkZXNob3ciOiJjYjkzNGU4In0%3D\" href='https:\/\/pesinasteel.com\/wp-content\/uploads\/Prefab_villa_houses.jpg'><img decoding=\"async\" width=\"150\" height=\"150\" data-src=\"https:\/\/pesinasteel.com\/wp-content\/uploads\/Prefab_villa_houses-150x150.jpg\" class=\"attachment-thumbnail size-thumbnail lazyload\" alt=\"casa con marco de acero\" aria-describedby=\"gallery-2-1240\" data-srcset=\"https:\/\/pesinasteel.com\/wp-content\/uploads\/Prefab_villa_houses-150x150.jpg 150w, https:\/\/pesinasteel.com\/wp-content\/uploads\/Prefab_villa_houses-300x300.jpg 300w, https:\/\/pesinasteel.com\/wp-content\/uploads\/Prefab_villa_houses-768x768.jpg 768w, https:\/\/pesinasteel.com\/wp-content\/uploads\/Prefab_villa_houses.jpg 800w\" data-sizes=\"(max-width: 150px) 100vw, 150px\" src=\"data:image\/svg+xml;base64,PHN2ZyB3aWR0aD0iMSIgaGVpZ2h0PSIxIiB4bWxucz0iaHR0cDovL3d3dy53My5vcmcvMjAwMC9zdmciPjwvc3ZnPg==\" style=\"--smush-placeholder-width: 150px; --smush-placeholder-aspect-ratio: 150\/150;\" \/><\/a>\n\t\t\t<\/div>\n\t\t\t\t<figcaption class='wp-caption-text gallery-caption' id='gallery-2-1240'>\n\t\t\t\tVilla de dos plantas tipo5\n\t\t\t\t<\/figcaption><\/figure><figure class='gallery-item'>\n\t\t\t<div class='gallery-icon landscape'>\n\t\t\t\t<a data-elementor-open-lightbox=\"yes\" data-elementor-lightbox-slideshow=\"cb934e8\" data-elementor-lightbox-title=\"two_storey_villa\" data-e-action-hash=\"#elementor-action%3Aaction%3Dlightbox%26settings%3DeyJpZCI6MTI0MywidXJsIjoiaHR0cHM6XC9cL3Blc2luYXN0ZWVsLmNvbVwvd3AtY29udGVudFwvdXBsb2Fkc1wvdHdvX3N0b3JleV92aWxsYS1lMTczMjM5Mzg1MTEyMS5qcGciLCJzbGlkZXNob3ciOiJjYjkzNGU4In0%3D\" href='https:\/\/pesinasteel.com\/wp-content\/uploads\/two_storey_villa-e1732393851121.jpg'><img decoding=\"async\" width=\"150\" height=\"113\" data-src=\"https:\/\/pesinasteel.com\/wp-content\/uploads\/two_storey_villa-150x113.jpg\" class=\"attachment-thumbnail size-thumbnail lazyload\" alt=\"\" aria-describedby=\"gallery-2-1243\" data-srcset=\"https:\/\/pesinasteel.com\/wp-content\/uploads\/two_storey_villa-150x113.jpg 150w, https:\/\/pesinasteel.com\/wp-content\/uploads\/two_storey_villa-300x225.jpg 300w, https:\/\/pesinasteel.com\/wp-content\/uploads\/two_storey_villa-768x576.jpg 768w, https:\/\/pesinasteel.com\/wp-content\/uploads\/two_storey_villa.jpg 1024w\" data-sizes=\"(max-width: 150px) 100vw, 150px\" src=\"data:image\/svg+xml;base64,PHN2ZyB3aWR0aD0iMSIgaGVpZ2h0PSIxIiB4bWxucz0iaHR0cDovL3d3dy53My5vcmcvMjAwMC9zdmciPjwvc3ZnPg==\" style=\"--smush-placeholder-width: 150px; --smush-placeholder-aspect-ratio: 150\/113;\" \/><\/a>\n\t\t\t<\/div>\n\t\t\t\t<figcaption class='wp-caption-text gallery-caption' id='gallery-2-1243'>\n\t\t\t\tVilla de dos plantas tipo4\n\t\t\t\t<\/figcaption><\/figure><figure class='gallery-item'>\n\t\t\t<div class='gallery-icon landscape'>\n\t\t\t\t<a data-elementor-open-lightbox=\"yes\" data-elementor-lightbox-slideshow=\"cb934e8\" data-elementor-lightbox-title=\"house_1493071 de acero\" data-e-action-hash=\"#elementor-action%3Aaction%3Dlightbox%26settings%3DeyJpZCI6MTI0NiwidXJsIjoiaHR0cHM6XC9cL3Blc2luYXN0ZWVsLmNvbVwvd3AtY29udGVudFwvdXBsb2Fkc1wvc3RlZWwtaG91c2VfMTQ5MzA3MS5qcGciLCJzbGlkZXNob3ciOiJjYjkzNGU4In0%3D\" href='https:\/\/pesinasteel.com\/wp-content\/uploads\/steel-house_1493071.jpg'><img decoding=\"async\" width=\"150\" height=\"113\" data-src=\"https:\/\/pesinasteel.com\/wp-content\/uploads\/steel-house_1493071-150x113.jpg\" class=\"attachment-thumbnail size-thumbnail lazyload\" alt=\"\" aria-describedby=\"gallery-2-1246\" data-srcset=\"https:\/\/pesinasteel.com\/wp-content\/uploads\/steel-house_1493071-150x113.jpg 150w, https:\/\/pesinasteel.com\/wp-content\/uploads\/steel-house_1493071-300x225.jpg 300w, https:\/\/pesinasteel.com\/wp-content\/uploads\/steel-house_1493071-768x576.jpg 768w, https:\/\/pesinasteel.com\/wp-content\/uploads\/steel-house_1493071.jpg 800w\" data-sizes=\"(max-width: 150px) 100vw, 150px\" src=\"data:image\/svg+xml;base64,PHN2ZyB3aWR0aD0iMSIgaGVpZ2h0PSIxIiB4bWxucz0iaHR0cDovL3d3dy53My5vcmcvMjAwMC9zdmciPjwvc3ZnPg==\" style=\"--smush-placeholder-width: 150px; --smush-placeholder-aspect-ratio: 150\/113;\" \/><\/a>\n\t\t\t<\/div>\n\t\t\t\t<figcaption class='wp-caption-text gallery-caption' id='gallery-2-1246'>\n\t\t\t\tmarcos de acero durante const.\n\t\t\t\t<\/figcaption><\/figure><figure class='gallery-item'>\n\t\t\t<div class='gallery-icon landscape'>\n\t\t\t\t<a data-elementor-open-lightbox=\"yes\" data-elementor-lightbox-slideshow=\"cb934e8\" data-elementor-lightbox-title=\"fora_houses\" data-e-action-hash=\"#elementor-action%3Aaction%3Dlightbox%26settings%3DeyJpZCI6MTI0OSwidXJsIjoiaHR0cHM6XC9cL3Blc2luYXN0ZWVsLmNvbVwvd3AtY29udGVudFwvdXBsb2Fkc1wvZm9yYV9ob3VzZXMuanBnIiwic2xpZGVzaG93IjoiY2I5MzRlOCJ9\" href='https:\/\/pesinasteel.com\/wp-content\/uploads\/fora_houses.jpg'><img decoding=\"async\" width=\"150\" height=\"93\" data-src=\"https:\/\/pesinasteel.com\/wp-content\/uploads\/fora_houses-150x93.jpg\" class=\"attachment-thumbnail size-thumbnail lazyload\" alt=\"\" aria-describedby=\"gallery-2-1249\" data-srcset=\"https:\/\/pesinasteel.com\/wp-content\/uploads\/fora_houses-150x93.jpg 150w, https:\/\/pesinasteel.com\/wp-content\/uploads\/fora_houses-300x186.jpg 300w, https:\/\/pesinasteel.com\/wp-content\/uploads\/fora_houses.jpg 647w\" data-sizes=\"(max-width: 150px) 100vw, 150px\" src=\"data:image\/svg+xml;base64,PHN2ZyB3aWR0aD0iMSIgaGVpZ2h0PSIxIiB4bWxucz0iaHR0cDovL3d3dy53My5vcmcvMjAwMC9zdmciPjwvc3ZnPg==\" style=\"--smush-placeholder-width: 150px; --smush-placeholder-aspect-ratio: 150\/93;\" \/><\/a>\n\t\t\t<\/div>\n\t\t\t\t<figcaption class='wp-caption-text gallery-caption' id='gallery-2-1249'>\n\t\t\t\tVillla de acero con revestimiento de piedra natural\n\t\t\t\t<\/figcaption><\/figure><figure class='gallery-item'>\n\t\t\t<div class='gallery-icon landscape'>\n\t\t\t\t<a data-elementor-open-lightbox=\"yes\" data-elementor-lightbox-slideshow=\"cb934e8\" data-elementor-lightbox-title=\"fora_houses2\" data-e-action-hash=\"#elementor-action%3Aaction%3Dlightbox%26settings%3DeyJpZCI6MTI1MiwidXJsIjoiaHR0cHM6XC9cL3Blc2luYXN0ZWVsLmNvbVwvd3AtY29udGVudFwvdXBsb2Fkc1wvZm9yYV9ob3VzZXMyLmpwZyIsInNsaWRlc2hvdyI6ImNiOTM0ZTgifQ%3D%3D\" href='https:\/\/pesinasteel.com\/wp-content\/uploads\/fora_houses2.jpg'><img decoding=\"async\" width=\"150\" height=\"93\" data-src=\"https:\/\/pesinasteel.com\/wp-content\/uploads\/fora_houses2-150x93.jpg\" class=\"attachment-thumbnail size-thumbnail lazyload\" alt=\"casas con marco de acero\" aria-describedby=\"gallery-2-1252\" data-srcset=\"https:\/\/pesinasteel.com\/wp-content\/uploads\/fora_houses2-150x93.jpg 150w, https:\/\/pesinasteel.com\/wp-content\/uploads\/fora_houses2-300x186.jpg 300w, https:\/\/pesinasteel.com\/wp-content\/uploads\/fora_houses2.jpg 647w\" data-sizes=\"(max-width: 150px) 100vw, 150px\" src=\"data:image\/svg+xml;base64,PHN2ZyB3aWR0aD0iMSIgaGVpZ2h0PSIxIiB4bWxucz0iaHR0cDovL3d3dy53My5vcmcvMjAwMC9zdmciPjwvc3ZnPg==\" style=\"--smush-placeholder-width: 150px; --smush-placeholder-aspect-ratio: 150\/93;\" \/><\/a>\n\t\t\t<\/div>\n\t\t\t\t<figcaption class='wp-caption-text gallery-caption' id='gallery-2-1252'>\n\t\t\t\tVillas en Acero\n\t\t\t\t<\/figcaption><\/figure>\n\t\t<\/div>\n\t\t<\/div>\n\t\t\t\t\t\t<\/div>\n\t\t\t\t<\/div>\n\t\t\t\t<div class=\"elementor-element elementor-element-ac4ca22 elementor-align-center elementor-widget elementor-widget-button\" data-id=\"ac4ca22\" data-element_type=\"widget\" data-e-type=\"widget\" data-widget_type=\"button.default\">\n\t\t\t\t<div class=\"elementor-widget-container\">\n\t\t\t\t\t\t\t\t\t<div class=\"elementor-button-wrapper\">\n\t\t\t\t\t<a class=\"elementor-button elementor-button-link elementor-size-lg\" href=\"https:\/\/pesinasteel.com\/es\/contacto\/\">\n\t\t\t\t\t\t<span class=\"elementor-button-content-wrapper\">\n\t\t\t\t\t\t\t\t\t<span class=\"elementor-button-text\">Cont\u00e1ctenos<\/span>\n\t\t\t\t\t<\/span>\n\t\t\t\t\t<\/a>\n\t\t\t\t<\/div>\n\t\t\t\t\t\t\t\t<\/div>\n\t\t\t\t<\/div>\n\t\t\t\t<div class=\"elementor-element elementor-element-58d6747 elementor-widget-divider--view-line elementor-widget elementor-widget-divider\" data-id=\"58d6747\" data-element_type=\"widget\" data-e-type=\"widget\" data-widget_type=\"divider.default\">\n\t\t\t\t<div class=\"elementor-widget-container\">\n\t\t\t\t\t\t\t<div class=\"elementor-divider\">\n\t\t\t<span class=\"elementor-divider-separator\">\n\t\t\t\t\t\t<\/span>\n\t\t<\/div>\n\t\t\t\t\t\t<\/div>\n\t\t\t\t<\/div>\n\t\t\t\t<div class=\"elementor-element elementor-element-505198b elementor-widget elementor-widget-spacer\" data-id=\"505198b\" data-element_type=\"widget\" data-e-type=\"widget\" data-widget_type=\"spacer.default\">\n\t\t\t\t<div class=\"elementor-widget-container\">\n\t\t\t\t\t\t\t<div class=\"elementor-spacer\">\n\t\t\t<div class=\"elementor-spacer-inner\"><\/div>\n\t\t<\/div>\n\t\t\t\t\t\t<\/div>\n\t\t\t\t<\/div>\n\t\t\t\t<div class=\"elementor-element elementor-element-e42e650 elementor-shape-square elementor-grid-0 e-grid-align-center elementor-widget elementor-widget-social-icons\" data-id=\"e42e650\" data-element_type=\"widget\" data-e-type=\"widget\" data-widget_type=\"social-icons.default\">\n\t\t\t\t<div class=\"elementor-widget-container\">\n\t\t\t\t\t\t\t<div class=\"elementor-social-icons-wrapper elementor-grid\" role=\"list\">\n\t\t\t\t\t\t\t<span class=\"elementor-grid-item\" role=\"listitem\">\n\t\t\t\t\t<a class=\"elementor-icon elementor-social-icon elementor-social-icon-facebook elementor-repeater-item-0237abd\" href=\"https:\/\/www.facebook.com\/pg\/PesinaLTD\/about\/\" target=\"_blank\">\n\t\t\t\t\t\t<span class=\"elementor-screen-only\">Facebook<\/span>\n\t\t\t\t\t\t<i aria-hidden=\"true\" class=\"fab fa-facebook\"><\/i>\t\t\t\t\t<\/a>\n\t\t\t\t<\/span>\n\t\t\t\t\t\t\t<span class=\"elementor-grid-item\" role=\"listitem\">\n\t\t\t\t\t<a class=\"elementor-icon elementor-social-icon elementor-social-icon-youtube elementor-repeater-item-3074f69\" href=\"https:\/\/www.youtube.com\/watch?v=YsZ1UQ-goY4\" target=\"_blank\">\n\t\t\t\t\t\t<span class=\"elementor-screen-only\">Youtube<\/span>\n\t\t\t\t\t\t<i aria-hidden=\"true\" class=\"fab fa-youtube\"><\/i>\t\t\t\t\t<\/a>\n\t\t\t\t<\/span>\n\t\t\t\t\t\t\t<span class=\"elementor-grid-item\" role=\"listitem\">\n\t\t\t\t\t<a class=\"elementor-icon elementor-social-icon elementor-social-icon-linkedin elementor-repeater-item-86dd49b\" href=\"https:\/\/www.linkedin.com\/company\/pesina-construction-trading-ltd\" target=\"_blank\">\n\t\t\t\t\t\t<span class=\"elementor-screen-only\">Linkedin<\/span>\n\t\t\t\t\t\t<i aria-hidden=\"true\" class=\"fab fa-linkedin\"><\/i>\t\t\t\t\t<\/a>\n\t\t\t\t<\/span>\n\t\t\t\t\t\t\t<span class=\"elementor-grid-item\" role=\"listitem\">\n\t\t\t\t\t<a class=\"elementor-icon elementor-social-icon elementor-social-icon-whatsapp elementor-repeater-item-78b70cc\" href=\"https:\/\/wa.me\/902169697399\" target=\"_blank\">\n\t\t\t\t\t\t<span class=\"elementor-screen-only\">Whatsapp<\/span>\n\t\t\t\t\t\t<i aria-hidden=\"true\" class=\"fab fa-whatsapp\"><\/i>\t\t\t\t\t<\/a>\n\t\t\t\t<\/span>\n\t\t\t\t\t\t\t<span class=\"elementor-grid-item\" role=\"listitem\">\n\t\t\t\t\t<a class=\"elementor-icon elementor-social-icon elementor-social-icon-link elementor-repeater-item-63aa5e8\" href=\"https:\/\/pesina.com.tr\/project\/prefabricated-buildings-containers\/\" target=\"_blank\">\n\t\t\t\t\t\t<span class=\"elementor-screen-only\">Link<\/span>\n\t\t\t\t\t\t<i aria-hidden=\"true\" class=\"fas fa-link\"><\/i>\t\t\t\t\t<\/a>\n\t\t\t\t<\/span>\n\t\t\t\t\t<\/div>\n\t\t\t\t\t\t<\/div>\n\t\t\t\t<\/div>\n\t\t\t\t\t<\/div>\n\t\t<\/div>\n\t\t\t\t\t<\/div>\n\t\t<\/section>\n\t\t\t\t<\/div>\n\t\t","protected":false},"excerpt":{"rendered":"<p>Las casas con marco de acero son una forma flexible de construcci\u00f3n de la casa. Debido al marco de acero, es fuerte en comparaci\u00f3n con el peso ligero de toda la estructura. A diferencia de otras construcciones prefabricadas o modulares, da cierta flexibilidad en el dise\u00f1o. Al construir la casa, se utiliza aislamiento, barreras de [&hellip;]<\/p>\n","protected":false},"author":2,"featured_media":1537,"parent":0,"menu_order":3,"comment_status":"closed","ping_status":"closed","template":"","meta":{"_seopress_robots_primary_cat":"","_seopress_titles_title":" %%post_title%% %%sep%% Edificios Met\u00e1licos Asequibles","_seopress_titles_desc":"","_seopress_robots_index":"","content-type":"","site-sidebar-layout":"default","site-content-layout":"default","ast-site-content-layout":"default","site-content-style":"default","site-sidebar-style":"default","ast-global-header-display":"","ast-banner-title-visibility":"","ast-main-header-display":"","ast-hfb-above-header-display":"","ast-hfb-below-header-display":"","ast-hfb-mobile-header-display":"","site-post-title":"","ast-breadcrumbs-content":"","ast-featured-img":"","footer-sml-layout":"","ast-disable-related-posts":"","theme-transparent-header-meta":"default","adv-header-id-meta":"","stick-header-meta":"","header-above-stick-meta":"","header-main-stick-meta":"","header-below-stick-meta":"","astra-migrate-meta-layouts":"default","ast-page-background-enabled":"default","ast-page-background-meta":{"desktop":{"background-color":"var(--ast-global-color-4)","background-image":"","background-repeat":"repeat","background-position":"center center","background-size":"auto","background-attachment":"scroll","background-type":"","background-media":"","overlay-type":"","overlay-color":"","overlay-opacity":"","overlay-gradient":""},"tablet":{"background-color":"","background-image":"","background-repeat":"repeat","background-position":"center center","background-size":"auto","background-attachment":"scroll","background-type":"","background-media":"","overlay-type":"","overlay-color":"","overlay-opacity":"","overlay-gradient":""},"mobile":{"background-color":"","background-image":"","background-repeat":"repeat","background-position":"center center","background-size":"auto","background-attachment":"scroll","background-type":"","background-media":"","overlay-type":"","overlay-color":"","overlay-opacity":"","overlay-gradient":""}},"ast-content-background-meta":{"desktop":{"background-color":"var(--ast-global-color-5)","background-image":"","background-repeat":"repeat","background-position":"center center","background-size":"auto","background-attachment":"scroll","background-type":"","background-media":"","overlay-type":"","overlay-color":"","overlay-opacity":"","overlay-gradient":""},"tablet":{"background-color":"var(--ast-global-color-5)","background-image":"","background-repeat":"repeat","background-position":"center center","background-size":"auto","background-attachment":"scroll","background-type":"","background-media":"","overlay-type":"","overlay-color":"","overlay-opacity":"","overlay-gradient":""},"mobile":{"background-color":"var(--ast-global-color-5)","background-image":"","background-repeat":"repeat","background-position":"center center","background-size":"auto","background-attachment":"scroll","background-type":"","background-media":"","overlay-type":"","overlay-color":"","overlay-opacity":"","overlay-gradient":""}},"footnotes":""},"class_list":["post-1470","page","type-page","status-publish","has-post-thumbnail","hentry"],"_links":{"self":[{"href":"https:\/\/pesinasteel.com\/es\/wp-json\/wp\/v2\/pages\/1470","targetHints":{"allow":["GET"]}}],"collection":[{"href":"https:\/\/pesinasteel.com\/es\/wp-json\/wp\/v2\/pages"}],"about":[{"href":"https:\/\/pesinasteel.com\/es\/wp-json\/wp\/v2\/types\/page"}],"author":[{"embeddable":true,"href":"https:\/\/pesinasteel.com\/es\/wp-json\/wp\/v2\/users\/2"}],"replies":[{"embeddable":true,"href":"https:\/\/pesinasteel.com\/es\/wp-json\/wp\/v2\/comments?post=1470"}],"version-history":[{"count":2,"href":"https:\/\/pesinasteel.com\/es\/wp-json\/wp\/v2\/pages\/1470\/revisions"}],"predecessor-version":[{"id":2103,"href":"https:\/\/pesinasteel.com\/es\/wp-json\/wp\/v2\/pages\/1470\/revisions\/2103"}],"wp:featuredmedia":[{"embeddable":true,"href":"https:\/\/pesinasteel.com\/es\/wp-json\/wp\/v2\/media\/1537"}],"wp:attachment":[{"href":"https:\/\/pesinasteel.com\/es\/wp-json\/wp\/v2\/media?parent=1470"}],"curies":[{"name":"wp","href":"https:\/\/api.w.org\/{rel}","templated":true}]}}