{"id":1476,"date":"2022-04-24T13:12:23","date_gmt":"2022-04-24T13:12:23","guid":{"rendered":"https:\/\/pesinasteel.com\/edificios-metalicos\/"},"modified":"2023-10-08T20:04:43","modified_gmt":"2023-10-08T20:04:43","slug":"edificios-metalicos","status":"publish","type":"page","link":"https:\/\/pesinasteel.com\/es\/soluciones\/edificios-metalicos\/","title":{"rendered":"Edificios met\u00e1licos"},"content":{"rendered":"\t\t<div data-elementor-type=\"wp-page\" data-elementor-id=\"1476\" class=\"elementor elementor-1476 elementor-784\">\n\t\t\t\t\t\t<section class=\"elementor-section elementor-top-section elementor-element elementor-element-4f24d5e elementor-section-boxed elementor-section-height-default elementor-section-height-default\" data-id=\"4f24d5e\" data-element_type=\"section\" data-e-type=\"section\">\n\t\t\t\t\t\t<div class=\"elementor-container elementor-column-gap-default\">\n\t\t\t\t\t<div class=\"elementor-column elementor-col-50 elementor-top-column elementor-element elementor-element-a20fd2f\" data-id=\"a20fd2f\" data-element_type=\"column\" data-e-type=\"column\">\n\t\t\t<div class=\"elementor-widget-wrap elementor-element-populated\">\n\t\t\t\t\t\t<div class=\"elementor-element elementor-element-e8ec3d9 elementor-widget elementor-widget-text-editor\" data-id=\"e8ec3d9\" data-element_type=\"widget\" data-e-type=\"widget\" data-widget_type=\"text-editor.default\">\n\t\t\t\t<div class=\"elementor-widget-container\">\n\t\t\t\t\t\t\t\t\t<p><span class=\"tlid-translation translation\" lang=\"en\"><span title=\"\">Ofrecemos la realizaci\u00f3n de todo tipo de edificios met\u00e1licos.<\/span> <span class=\"\" title=\"\">Las diferentes dimensiones pueden ser, edificio de metal de 30&#215;30, edificio de metal de 40&#215;40, edificio de metal de 40&#215;60, edificio de metal de 40&#215;80, etc.<\/span><\/span><\/p>\n<p><span class=\"\" title=\"\">Nuestro equipo le acompa\u00f1a en su proyecto de la A a la Z y le apoya en todas las fases de su estructura met\u00e1lica incluyendo el concepto, la fabricaci\u00f3n, la entrega as\u00ed como el montaje.<\/span><\/p>\n<p><span class=\"\" title=\"\">Visite nuestro sitio web <a href=\"http:\/\/www.pesinacelik.com\">pesinacelik.com<\/a> para turco.<\/span><\/p>\n\t\t\t\t\t\t\t\t<\/div>\n\t\t\t\t<\/div>\n\t\t\t\t\t<\/div>\n\t\t<\/div>\n\t\t\t\t<div class=\"elementor-column elementor-col-25 elementor-top-column elementor-element elementor-element-01e435d\" data-id=\"01e435d\" data-element_type=\"column\" data-e-type=\"column\">\n\t\t\t<div class=\"elementor-widget-wrap elementor-element-populated\">\n\t\t\t\t\t\t<div class=\"elementor-element elementor-element-c6cb382 elementor-widget elementor-widget-text-editor\" data-id=\"c6cb382\" data-element_type=\"widget\" data-e-type=\"widget\" data-widget_type=\"text-editor.default\">\n\t\t\t\t<div class=\"elementor-widget-container\">\n\t\t\t\t\t\t\t\t\t<p>Ahora, servimos en todos los pa\u00edses africanos, incluidos Ghana, Sud\u00e1frica, Kenia, Somalia, Etiop\u00eda, Sud\u00e1n, Sud\u00e1n del Sur, Zambia, Zimbabwe, Malawi, Namibia, Angola, Tanzania, Mozambique, Gambia y m\u00e1s.<\/p>\n<p>Reuni\u00f3n, Madagascar, Islas Mauricio.<\/p>\n\t\t\t\t\t\t\t\t<\/div>\n\t\t\t\t<\/div>\n\t\t\t\t\t<\/div>\n\t\t<\/div>\n\t\t\t\t<div class=\"elementor-column elementor-col-25 elementor-top-column elementor-element elementor-element-a753400\" data-id=\"a753400\" data-element_type=\"column\" data-e-type=\"column\">\n\t\t\t<div class=\"elementor-widget-wrap elementor-element-populated\">\n\t\t\t\t\t\t<div class=\"elementor-element elementor-element-d0415ce elementor-widget elementor-widget-text-editor\" data-id=\"d0415ce\" data-element_type=\"widget\" data-e-type=\"widget\" data-widget_type=\"text-editor.default\">\n\t\t\t\t<div class=\"elementor-widget-container\">\n\t\t\t\t\t\t\t\t\t<p>Tambi\u00e9n, pa\u00edses del Caribe, Trinidad y Tobago, Barbados, Hait\u00ed, Rep\u00fablica Dominicana, Jamaica, Surinam, Guadalupe, Bahamas, Belice, Curazao, Aruba, Granada, Antigua Barbuda, etc.<\/p>\n\t\t\t\t\t\t\t\t<\/div>\n\t\t\t\t<\/div>\n\t\t\t\t\t<\/div>\n\t\t<\/div>\n\t\t\t\t\t<\/div>\n\t\t<\/section>\n\t\t\t\t<section class=\"elementor-section elementor-top-section elementor-element elementor-element-21dad662 elementor-section-boxed elementor-section-height-default elementor-section-height-default\" data-id=\"21dad662\" data-element_type=\"section\" data-e-type=\"section\">\n\t\t\t\t\t\t<div class=\"elementor-container elementor-column-gap-default\">\n\t\t\t\t\t<div class=\"elementor-column elementor-col-100 elementor-top-column elementor-element elementor-element-802db13\" data-id=\"802db13\" data-element_type=\"column\" data-e-type=\"column\">\n\t\t\t<div class=\"elementor-widget-wrap elementor-element-populated\">\n\t\t\t\t\t\t<div class=\"elementor-element elementor-element-e627fea elementor-widget elementor-widget-text-editor\" data-id=\"e627fea\" data-element_type=\"widget\" data-e-type=\"widget\" data-widget_type=\"text-editor.default\">\n\t\t\t\t<div class=\"elementor-widget-container\">\n\t\t\t\t\t\t\t\t\t<h2>Edificios met\u00e1licos<\/h2>\n\t\t\t\t\t\t\t\t<\/div>\n\t\t\t\t<\/div>\n\t\t\t\t<section class=\"elementor-section elementor-inner-section elementor-element elementor-element-7529605 elementor-section-boxed elementor-section-height-default elementor-section-height-default\" data-id=\"7529605\" data-element_type=\"section\" data-e-type=\"section\">\n\t\t\t\t\t\t<div class=\"elementor-container elementor-column-gap-default\">\n\t\t\t\t\t<div class=\"elementor-column elementor-col-100 elementor-inner-column elementor-element elementor-element-1eb4cac\" data-id=\"1eb4cac\" data-element_type=\"column\" data-e-type=\"column\">\n\t\t\t<div class=\"elementor-widget-wrap elementor-element-populated\">\n\t\t\t\t\t\t<div class=\"elementor-element elementor-element-99495eb elementor-widget elementor-widget-heading\" data-id=\"99495eb\" data-element_type=\"widget\" data-e-type=\"widget\" data-widget_type=\"heading.default\">\n\t\t\t\t<div class=\"elementor-widget-container\">\n\t\t\t\t\t<h4 class=\"elementor-heading-title elementor-size-default\">Almacenes, Taller de Metal, Edificios de F\u00e1brica<\/h4>\t\t\t\t<\/div>\n\t\t\t\t<\/div>\n\t\t\t\t\t<\/div>\n\t\t<\/div>\n\t\t\t\t\t<\/div>\n\t\t<\/section>\n\t\t\t\t<section class=\"elementor-section elementor-inner-section elementor-element elementor-element-258061d elementor-section-boxed elementor-section-height-default elementor-section-height-default\" data-id=\"258061d\" data-element_type=\"section\" data-e-type=\"section\">\n\t\t\t\t\t\t<div class=\"elementor-container elementor-column-gap-default\">\n\t\t\t\t\t<div class=\"elementor-column elementor-col-50 elementor-inner-column elementor-element elementor-element-4a1bb1e\" data-id=\"4a1bb1e\" data-element_type=\"column\" data-e-type=\"column\">\n\t\t\t<div class=\"elementor-widget-wrap elementor-element-populated\">\n\t\t\t\t\t\t<div class=\"elementor-element elementor-element-667d404 elementor-widget elementor-widget-image\" data-id=\"667d404\" data-element_type=\"widget\" data-e-type=\"widget\" data-widget_type=\"image.default\">\n\t\t\t\t<div class=\"elementor-widget-container\">\n\t\t\t\t\t\t\t\t\t\t\t\t\t\t\t\t<a href=\"https:\/\/pesinasteel.com\/wp-content\/uploads\/metalbuilding.jpg\" data-elementor-open-lightbox=\"yes\" data-elementor-lightbox-title=\"metalurgia\" data-elementor-lightbox-description=\"Almac\u00e9n de acero\" data-e-action-hash=\"#elementor-action%3Aaction%3Dlightbox%26settings%3DeyJpZCI6MTI2NCwidXJsIjoiaHR0cHM6XC9cL3Blc2luYXN0ZWVsLmNvbVwvd3AtY29udGVudFwvdXBsb2Fkc1wvbWV0YWxidWlsZGluZy5qcGcifQ%3D%3D\">\n\t\t\t\t\t\t\t<img decoding=\"async\" width=\"1024\" height=\"576\" data-src=\"https:\/\/pesinasteel.com\/wp-content\/uploads\/metalbuilding.jpg\" class=\"attachment-large size-large wp-image-1264 lazyload\" alt=\"Almac\u00e9n de acero\" data-srcset=\"https:\/\/pesinasteel.com\/wp-content\/uploads\/metalbuilding.jpg 1024w, https:\/\/pesinasteel.com\/wp-content\/uploads\/metalbuilding-300x169.jpg 300w, https:\/\/pesinasteel.com\/wp-content\/uploads\/metalbuilding-150x84.jpg 150w, https:\/\/pesinasteel.com\/wp-content\/uploads\/metalbuilding-768x432.jpg 768w\" data-sizes=\"(max-width: 1024px) 100vw, 1024px\" src=\"data:image\/svg+xml;base64,PHN2ZyB3aWR0aD0iMSIgaGVpZ2h0PSIxIiB4bWxucz0iaHR0cDovL3d3dy53My5vcmcvMjAwMC9zdmciPjwvc3ZnPg==\" style=\"--smush-placeholder-width: 1024px; --smush-placeholder-aspect-ratio: 1024\/576;\" \/>\t\t\t\t\t\t\t\t<\/a>\n\t\t\t\t\t\t\t\t\t\t\t\t\t\t\t<\/div>\n\t\t\t\t<\/div>\n\t\t\t\t\t<\/div>\n\t\t<\/div>\n\t\t\t\t<div class=\"elementor-column elementor-col-50 elementor-inner-column elementor-element elementor-element-dc15d56\" data-id=\"dc15d56\" data-element_type=\"column\" data-e-type=\"column\">\n\t\t\t<div class=\"elementor-widget-wrap elementor-element-populated\">\n\t\t\t\t\t\t<div class=\"elementor-element elementor-element-a7660fd elementor-widget elementor-widget-image\" data-id=\"a7660fd\" data-element_type=\"widget\" data-e-type=\"widget\" data-widget_type=\"image.default\">\n\t\t\t\t<div class=\"elementor-widget-container\">\n\t\t\t\t\t\t\t\t\t\t\t\t\t\t\t\t<a href=\"https:\/\/pesinasteel.com\/wp-content\/uploads\/steel_warehouse.jpg\" data-elementor-open-lightbox=\"yes\" data-elementor-lightbox-title=\"acero_almac\u00e9n\" data-elementor-lightbox-description=\"almac\u00e9n de acero\" data-e-action-hash=\"#elementor-action%3Aaction%3Dlightbox%26settings%3DeyJpZCI6MTI3MywidXJsIjoiaHR0cHM6XC9cL3Blc2luYXN0ZWVsLmNvbVwvd3AtY29udGVudFwvdXBsb2Fkc1wvc3RlZWxfd2FyZWhvdXNlLmpwZyJ9\">\n\t\t\t\t\t\t\t<img decoding=\"async\" width=\"700\" height=\"467\" data-src=\"https:\/\/pesinasteel.com\/wp-content\/uploads\/steel_warehouse.jpg\" class=\"attachment-large size-large wp-image-1273 lazyload\" alt=\"almac\u00e9n de acero\" data-srcset=\"https:\/\/pesinasteel.com\/wp-content\/uploads\/steel_warehouse.jpg 700w, https:\/\/pesinasteel.com\/wp-content\/uploads\/steel_warehouse-300x200.jpg 300w, https:\/\/pesinasteel.com\/wp-content\/uploads\/steel_warehouse-150x100.jpg 150w\" data-sizes=\"(max-width: 700px) 100vw, 700px\" src=\"data:image\/svg+xml;base64,PHN2ZyB3aWR0aD0iMSIgaGVpZ2h0PSIxIiB4bWxucz0iaHR0cDovL3d3dy53My5vcmcvMjAwMC9zdmciPjwvc3ZnPg==\" style=\"--smush-placeholder-width: 700px; --smush-placeholder-aspect-ratio: 700\/467;\" \/>\t\t\t\t\t\t\t\t<\/a>\n\t\t\t\t\t\t\t\t\t\t\t\t\t\t\t<\/div>\n\t\t\t\t<\/div>\n\t\t\t\t\t<\/div>\n\t\t<\/div>\n\t\t\t\t\t<\/div>\n\t\t<\/section>\n\t\t\t\t<section class=\"elementor-section elementor-inner-section elementor-element elementor-element-836ba78 elementor-section-boxed elementor-section-height-default elementor-section-height-default\" data-id=\"836ba78\" data-element_type=\"section\" data-e-type=\"section\">\n\t\t\t\t\t\t<div class=\"elementor-container elementor-column-gap-default\">\n\t\t\t\t\t<div class=\"elementor-column elementor-col-50 elementor-inner-column elementor-element elementor-element-e58c1fe\" data-id=\"e58c1fe\" data-element_type=\"column\" data-e-type=\"column\">\n\t\t\t<div class=\"elementor-widget-wrap elementor-element-populated\">\n\t\t\t\t\t\t<div class=\"elementor-element elementor-element-ac16e17 elementor-widget elementor-widget-image\" data-id=\"ac16e17\" data-element_type=\"widget\" data-e-type=\"widget\" data-widget_type=\"image.default\">\n\t\t\t\t<div class=\"elementor-widget-container\">\n\t\t\t\t\t\t\t\t\t\t\t\t\t\t\t\t<a href=\"https:\/\/pesinasteel.com\/wp-content\/uploads\/steel_structure.jpg\" data-elementor-open-lightbox=\"yes\" data-elementor-lightbox-title=\"steel_structure\" data-elementor-lightbox-description=\"marco de estructura de acero\" data-e-action-hash=\"#elementor-action%3Aaction%3Dlightbox%26settings%3DeyJpZCI6MTI3MCwidXJsIjoiaHR0cHM6XC9cL3Blc2luYXN0ZWVsLmNvbVwvd3AtY29udGVudFwvdXBsb2Fkc1wvc3RlZWxfc3RydWN0dXJlLmpwZyJ9\">\n\t\t\t\t\t\t\t<img decoding=\"async\" width=\"600\" height=\"321\" data-src=\"https:\/\/pesinasteel.com\/wp-content\/uploads\/steel_structure.jpg\" class=\"attachment-large size-large wp-image-1270 lazyload\" alt=\"marco de estructura de acero\" data-srcset=\"https:\/\/pesinasteel.com\/wp-content\/uploads\/steel_structure.jpg 600w, https:\/\/pesinasteel.com\/wp-content\/uploads\/steel_structure-300x161.jpg 300w, https:\/\/pesinasteel.com\/wp-content\/uploads\/steel_structure-150x80.jpg 150w\" data-sizes=\"(max-width: 600px) 100vw, 600px\" src=\"data:image\/svg+xml;base64,PHN2ZyB3aWR0aD0iMSIgaGVpZ2h0PSIxIiB4bWxucz0iaHR0cDovL3d3dy53My5vcmcvMjAwMC9zdmciPjwvc3ZnPg==\" style=\"--smush-placeholder-width: 600px; --smush-placeholder-aspect-ratio: 600\/321;\" \/>\t\t\t\t\t\t\t\t<\/a>\n\t\t\t\t\t\t\t\t\t\t\t\t\t\t\t<\/div>\n\t\t\t\t<\/div>\n\t\t\t\t\t<\/div>\n\t\t<\/div>\n\t\t\t\t<div class=\"elementor-column elementor-col-50 elementor-inner-column elementor-element elementor-element-1214a4e\" data-id=\"1214a4e\" data-element_type=\"column\" data-e-type=\"column\">\n\t\t\t<div class=\"elementor-widget-wrap elementor-element-populated\">\n\t\t\t\t\t\t<div class=\"elementor-element elementor-element-bd26b6e elementor-widget elementor-widget-image\" data-id=\"bd26b6e\" data-element_type=\"widget\" data-e-type=\"widget\" data-widget_type=\"image.default\">\n\t\t\t\t<div class=\"elementor-widget-container\">\n\t\t\t\t\t\t\t\t\t\t\t\t\t\t\t\t<a href=\"https:\/\/pesinasteel.com\/wp-content\/uploads\/steel_frames_pesina.jpg\" data-elementor-open-lightbox=\"yes\" data-elementor-lightbox-title=\"steel_frames_pesina\" data-elementor-lightbox-description=\"steel frames\" data-e-action-hash=\"#elementor-action%3Aaction%3Dlightbox%26settings%3DeyJpZCI6MTY0NSwidXJsIjoiaHR0cHM6XC9cL3Blc2luYXN0ZWVsLmNvbVwvd3AtY29udGVudFwvdXBsb2Fkc1wvc3RlZWxfZnJhbWVzX3Blc2luYS5qcGcifQ%3D%3D\">\n\t\t\t\t\t\t\t<img decoding=\"async\" width=\"800\" height=\"450\" data-src=\"https:\/\/pesinasteel.com\/wp-content\/uploads\/steel_frames_pesina.jpg\" class=\"attachment-large size-large wp-image-1645 lazyload\" alt=\"Steel frames\" data-srcset=\"https:\/\/pesinasteel.com\/wp-content\/uploads\/steel_frames_pesina.jpg 800w, https:\/\/pesinasteel.com\/wp-content\/uploads\/steel_frames_pesina-300x169.jpg 300w, https:\/\/pesinasteel.com\/wp-content\/uploads\/steel_frames_pesina-150x84.jpg 150w, https:\/\/pesinasteel.com\/wp-content\/uploads\/steel_frames_pesina-768x432.jpg 768w\" data-sizes=\"(max-width: 800px) 100vw, 800px\" src=\"data:image\/svg+xml;base64,PHN2ZyB3aWR0aD0iMSIgaGVpZ2h0PSIxIiB4bWxucz0iaHR0cDovL3d3dy53My5vcmcvMjAwMC9zdmciPjwvc3ZnPg==\" style=\"--smush-placeholder-width: 800px; --smush-placeholder-aspect-ratio: 800\/450;\" \/>\t\t\t\t\t\t\t\t<\/a>\n\t\t\t\t\t\t\t\t\t\t\t\t\t\t\t<\/div>\n\t\t\t\t<\/div>\n\t\t\t\t\t<\/div>\n\t\t<\/div>\n\t\t\t\t\t<\/div>\n\t\t<\/section>\n\t\t\t\t<section class=\"elementor-section elementor-inner-section elementor-element elementor-element-69ff3de elementor-section-boxed elementor-section-height-default elementor-section-height-default\" data-id=\"69ff3de\" data-element_type=\"section\" data-e-type=\"section\">\n\t\t\t\t\t\t<div class=\"elementor-container elementor-column-gap-default\">\n\t\t\t\t\t<div class=\"elementor-column elementor-col-100 elementor-inner-column elementor-element elementor-element-2a2ee49\" data-id=\"2a2ee49\" data-element_type=\"column\" data-e-type=\"column\">\n\t\t\t<div class=\"elementor-widget-wrap elementor-element-populated\">\n\t\t\t\t\t\t<div class=\"elementor-element elementor-element-4de3b7d elementor-widget elementor-widget-text-editor\" data-id=\"4de3b7d\" data-element_type=\"widget\" data-e-type=\"widget\" data-widget_type=\"text-editor.default\">\n\t\t\t\t<div class=\"elementor-widget-container\">\n\t\t\t\t\t\t\t\t\t<p>Dise\u00f1o de Ingenier\u00eda y C\u00e1lculos Estructurales<\/p>\n<p>Fabricaci\u00f3n de marcos de estructura de acero<\/p>\n<p>Perfiles galvanizados en caliente<\/p>\n<p>Cubiertas y muros con chapas met\u00e1licas galvanizadas prepintadas (sin aislamiento)<\/p>\n<p>Paneles s\u00e1ndwich (dos l\u00e1minas met\u00e1licas con aislamiento)<\/p>\n<p>Puertas (Correderas)<\/p>\n<p>Pasarelas<\/p>\n<p>Adornos, crestas, etc.<\/p>\n<p>Para obtener un precio, inf\u00f3rmenos con las dimensiones (ancho, largo, alto).<\/p>\n\t\t\t\t\t\t\t\t<\/div>\n\t\t\t\t<\/div>\n\t\t\t\t<div class=\"elementor-element elementor-element-803503a elementor-widget elementor-widget-spacer\" data-id=\"803503a\" data-element_type=\"widget\" data-e-type=\"widget\" data-widget_type=\"spacer.default\">\n\t\t\t\t<div class=\"elementor-widget-container\">\n\t\t\t\t\t\t\t<div class=\"elementor-spacer\">\n\t\t\t<div class=\"elementor-spacer-inner\"><\/div>\n\t\t<\/div>\n\t\t\t\t\t\t<\/div>\n\t\t\t\t<\/div>\n\t\t\t\t\t<\/div>\n\t\t<\/div>\n\t\t\t\t\t<\/div>\n\t\t<\/section>\n\t\t\t\t<div class=\"elementor-element elementor-element-ac4ca22 elementor-align-center elementor-widget elementor-widget-button\" data-id=\"ac4ca22\" data-element_type=\"widget\" data-e-type=\"widget\" data-widget_type=\"button.default\">\n\t\t\t\t<div class=\"elementor-widget-container\">\n\t\t\t\t\t\t\t\t\t<div class=\"elementor-button-wrapper\">\n\t\t\t\t\t<a class=\"elementor-button elementor-button-link elementor-size-lg\" href=\"https:\/\/pesinasteel.com\/es\/obtenga-una-cotizacion\/\">\n\t\t\t\t\t\t<span class=\"elementor-button-content-wrapper\">\n\t\t\t\t\t\t\t\t\t<span class=\"elementor-button-text\">Obtenga una cotizaci\u00f3n ahora<\/span>\n\t\t\t\t\t<\/span>\n\t\t\t\t\t<\/a>\n\t\t\t\t<\/div>\n\t\t\t\t\t\t\t\t<\/div>\n\t\t\t\t<\/div>\n\t\t\t\t<div class=\"elementor-element elementor-element-58d6747 elementor-widget-divider--view-line elementor-widget elementor-widget-divider\" data-id=\"58d6747\" data-element_type=\"widget\" data-e-type=\"widget\" data-widget_type=\"divider.default\">\n\t\t\t\t<div class=\"elementor-widget-container\">\n\t\t\t\t\t\t\t<div class=\"elementor-divider\">\n\t\t\t<span class=\"elementor-divider-separator\">\n\t\t\t\t\t\t<\/span>\n\t\t<\/div>\n\t\t\t\t\t\t<\/div>\n\t\t\t\t<\/div>\n\t\t\t\t<div class=\"elementor-element elementor-element-f9c6a15 elementor-widget elementor-widget-spacer\" data-id=\"f9c6a15\" data-element_type=\"widget\" data-e-type=\"widget\" data-widget_type=\"spacer.default\">\n\t\t\t\t<div class=\"elementor-widget-container\">\n\t\t\t\t\t\t\t<div class=\"elementor-spacer\">\n\t\t\t<div class=\"elementor-spacer-inner\"><\/div>\n\t\t<\/div>\n\t\t\t\t\t\t<\/div>\n\t\t\t\t<\/div>\n\t\t\t\t<div class=\"elementor-element elementor-element-e42e650 elementor-shape-square elementor-grid-0 e-grid-align-center elementor-widget elementor-widget-social-icons\" data-id=\"e42e650\" data-element_type=\"widget\" data-e-type=\"widget\" data-widget_type=\"social-icons.default\">\n\t\t\t\t<div class=\"elementor-widget-container\">\n\t\t\t\t\t\t\t<div class=\"elementor-social-icons-wrapper elementor-grid\" role=\"list\">\n\t\t\t\t\t\t\t<span class=\"elementor-grid-item\" role=\"listitem\">\n\t\t\t\t\t<a class=\"elementor-icon elementor-social-icon elementor-social-icon-facebook elementor-repeater-item-0237abd\" href=\"https:\/\/www.facebook.com\/pg\/PesinaLTD\/about\/\" target=\"_blank\">\n\t\t\t\t\t\t<span class=\"elementor-screen-only\">Facebook<\/span>\n\t\t\t\t\t\t<i aria-hidden=\"true\" class=\"fab fa-facebook\"><\/i>\t\t\t\t\t<\/a>\n\t\t\t\t<\/span>\n\t\t\t\t\t\t\t<span class=\"elementor-grid-item\" role=\"listitem\">\n\t\t\t\t\t<a class=\"elementor-icon elementor-social-icon elementor-social-icon-youtube elementor-repeater-item-3074f69\" href=\"https:\/\/www.youtube.com\/watch?v=YsZ1UQ-goY4\" target=\"_blank\">\n\t\t\t\t\t\t<span class=\"elementor-screen-only\">Youtube<\/span>\n\t\t\t\t\t\t<i aria-hidden=\"true\" class=\"fab fa-youtube\"><\/i>\t\t\t\t\t<\/a>\n\t\t\t\t<\/span>\n\t\t\t\t\t\t\t<span class=\"elementor-grid-item\" role=\"listitem\">\n\t\t\t\t\t<a class=\"elementor-icon elementor-social-icon elementor-social-icon-linkedin elementor-repeater-item-86dd49b\" href=\"https:\/\/www.linkedin.com\/company\/pesina-construction-trading-ltd\" target=\"_blank\">\n\t\t\t\t\t\t<span class=\"elementor-screen-only\">Linkedin<\/span>\n\t\t\t\t\t\t<i aria-hidden=\"true\" class=\"fab fa-linkedin\"><\/i>\t\t\t\t\t<\/a>\n\t\t\t\t<\/span>\n\t\t\t\t\t\t\t<span class=\"elementor-grid-item\" role=\"listitem\">\n\t\t\t\t\t<a class=\"elementor-icon elementor-social-icon elementor-social-icon-whatsapp elementor-repeater-item-78b70cc\" href=\"https:\/\/wa.me\/902169697399\" target=\"_blank\">\n\t\t\t\t\t\t<span class=\"elementor-screen-only\">Whatsapp<\/span>\n\t\t\t\t\t\t<i aria-hidden=\"true\" class=\"fab fa-whatsapp\"><\/i>\t\t\t\t\t<\/a>\n\t\t\t\t<\/span>\n\t\t\t\t\t\t\t<span class=\"elementor-grid-item\" role=\"listitem\">\n\t\t\t\t\t<a class=\"elementor-icon elementor-social-icon elementor-social-icon-link elementor-repeater-item-53f3cf5\" href=\"https:\/\/pesina.com.tr\/project\/warehouse\/\" target=\"_blank\">\n\t\t\t\t\t\t<span class=\"elementor-screen-only\">Link<\/span>\n\t\t\t\t\t\t<i aria-hidden=\"true\" class=\"fas fa-link\"><\/i>\t\t\t\t\t<\/a>\n\t\t\t\t<\/span>\n\t\t\t\t\t<\/div>\n\t\t\t\t\t\t<\/div>\n\t\t\t\t<\/div>\n\t\t\t\t\t<\/div>\n\t\t<\/div>\n\t\t\t\t\t<\/div>\n\t\t<\/section>\n\t\t\t\t<\/div>\n\t\t","protected":false},"excerpt":{"rendered":"<p>Ofrecemos la realizaci\u00f3n de todo tipo de edificios met\u00e1licos. Las diferentes dimensiones pueden ser, edificio de metal de 30&#215;30, edificio de metal de 40&#215;40, edificio de metal de 40&#215;60, edificio de metal de 40&#215;80, etc. Nuestro equipo le acompa\u00f1a en su proyecto de la A a la Z y le apoya en todas las fases [&hellip;]<\/p>\n","protected":false},"author":2,"featured_media":0,"parent":1846,"menu_order":0,"comment_status":"closed","ping_status":"closed","template":"","meta":{"_seopress_robots_primary_cat":"","_seopress_titles_title":" %%post_title%% - Dise\u00f1amos, Fabricamos, Transportamos ","_seopress_titles_desc":"Ofrecemos edificios met\u00e1licos con la experiencia de Pesina. Los edificios met\u00e1licos cuidadosamente dise\u00f1ados con integridad estructural y durabilidad se transportan a ultramar, \u00c1frica, Europa y Am\u00e9rica","_seopress_robots_index":"","content-type":"","site-sidebar-layout":"default","site-content-layout":"default","ast-site-content-layout":"default","site-content-style":"default","site-sidebar-style":"default","ast-global-header-display":"","ast-banner-title-visibility":"","ast-main-header-display":"","ast-hfb-above-header-display":"","ast-hfb-below-header-display":"","ast-hfb-mobile-header-display":"","site-post-title":"","ast-breadcrumbs-content":"","ast-featured-img":"","footer-sml-layout":"","ast-disable-related-posts":"","theme-transparent-header-meta":"default","adv-header-id-meta":"","stick-header-meta":"","header-above-stick-meta":"","header-main-stick-meta":"","header-below-stick-meta":"","astra-migrate-meta-layouts":"default","ast-page-background-enabled":"default","ast-page-background-meta":{"desktop":{"background-color":"var(--ast-global-color-4)","background-image":"","background-repeat":"repeat","background-position":"center center","background-size":"auto","background-attachment":"scroll","background-type":"","background-media":"","overlay-type":"","overlay-color":"","overlay-opacity":"","overlay-gradient":""},"tablet":{"background-color":"","background-image":"","background-repeat":"repeat","background-position":"center center","background-size":"auto","background-attachment":"scroll","background-type":"","background-media":"","overlay-type":"","overlay-color":"","overlay-opacity":"","overlay-gradient":""},"mobile":{"background-color":"","background-image":"","background-repeat":"repeat","background-position":"center center","background-size":"auto","background-attachment":"scroll","background-type":"","background-media":"","overlay-type":"","overlay-color":"","overlay-opacity":"","overlay-gradient":""}},"ast-content-background-meta":{"desktop":{"background-color":"var(--ast-global-color-5)","background-image":"","background-repeat":"repeat","background-position":"center center","background-size":"auto","background-attachment":"scroll","background-type":"","background-media":"","overlay-type":"","overlay-color":"","overlay-opacity":"","overlay-gradient":""},"tablet":{"background-color":"var(--ast-global-color-5)","background-image":"","background-repeat":"repeat","background-position":"center center","background-size":"auto","background-attachment":"scroll","background-type":"","background-media":"","overlay-type":"","overlay-color":"","overlay-opacity":"","overlay-gradient":""},"mobile":{"background-color":"var(--ast-global-color-5)","background-image":"","background-repeat":"repeat","background-position":"center center","background-size":"auto","background-attachment":"scroll","background-type":"","background-media":"","overlay-type":"","overlay-color":"","overlay-opacity":"","overlay-gradient":""}},"footnotes":""},"class_list":["post-1476","page","type-page","status-publish","hentry"],"_links":{"self":[{"href":"https:\/\/pesinasteel.com\/es\/wp-json\/wp\/v2\/pages\/1476","targetHints":{"allow":["GET"]}}],"collection":[{"href":"https:\/\/pesinasteel.com\/es\/wp-json\/wp\/v2\/pages"}],"about":[{"href":"https:\/\/pesinasteel.com\/es\/wp-json\/wp\/v2\/types\/page"}],"author":[{"embeddable":true,"href":"https:\/\/pesinasteel.com\/es\/wp-json\/wp\/v2\/users\/2"}],"replies":[{"embeddable":true,"href":"https:\/\/pesinasteel.com\/es\/wp-json\/wp\/v2\/comments?post=1476"}],"version-history":[{"count":2,"href":"https:\/\/pesinasteel.com\/es\/wp-json\/wp\/v2\/pages\/1476\/revisions"}],"predecessor-version":[{"id":2081,"href":"https:\/\/pesinasteel.com\/es\/wp-json\/wp\/v2\/pages\/1476\/revisions\/2081"}],"up":[{"embeddable":true,"href":"https:\/\/pesinasteel.com\/es\/wp-json\/wp\/v2\/pages\/1846"}],"wp:attachment":[{"href":"https:\/\/pesinasteel.com\/es\/wp-json\/wp\/v2\/media?parent=1476"}],"curies":[{"name":"wp","href":"https:\/\/api.w.org\/{rel}","templated":true}]}}