{"id":1480,"date":"2022-04-24T13:16:01","date_gmt":"2022-04-24T13:16:01","guid":{"rendered":"https:\/\/pesinasteel.com\/batiments-metalliques\/"},"modified":"2024-12-24T10:22:59","modified_gmt":"2024-12-24T10:22:59","slug":"batiments-metalliques","status":"publish","type":"page","link":"https:\/\/pesinasteel.com\/fr\/solutions\/batiments-metalliques\/","title":{"rendered":"Charpente M\u00e9talliques"},"content":{"rendered":"\t\t<div data-elementor-type=\"wp-page\" data-elementor-id=\"1480\" class=\"elementor elementor-1480 elementor-784\">\n\t\t\t\t\t\t<section class=\"elementor-section elementor-top-section elementor-element elementor-element-4f24d5e elementor-section-boxed elementor-section-height-default elementor-section-height-default\" data-id=\"4f24d5e\" data-element_type=\"section\" data-e-type=\"section\">\n\t\t\t\t\t\t<div class=\"elementor-container elementor-column-gap-default\">\n\t\t\t\t\t<div class=\"elementor-column elementor-col-50 elementor-top-column elementor-element elementor-element-a20fd2f\" data-id=\"a20fd2f\" data-element_type=\"column\" data-e-type=\"column\">\n\t\t\t<div class=\"elementor-widget-wrap elementor-element-populated\">\n\t\t\t\t\t\t<div class=\"elementor-element elementor-element-e8ec3d9 elementor-widget elementor-widget-text-editor\" data-id=\"e8ec3d9\" data-element_type=\"widget\" data-e-type=\"widget\" data-widget_type=\"text-editor.default\">\n\t\t\t\t<div class=\"elementor-widget-container\">\n\t\t\t\t\t\t\t\t\t<p><span class=\"tlid-translation translation\" lang=\"en\"><span title=\"\">Nous proposons la r\u00e9alisation de tous types de b\u00e2timent m\u00e9tallique, charpentes m\u00e9talliques en kit.<\/span> <span class=\"\" title=\"\">Diff\u00e9rents types de b\u00e2timents m\u00e9talliques en kit, hangar en kit 1000m2, hangar en kit 6&#215;100, hangar en kit 400m2, batiments agricoles en kit, abris m\u00e9tallique en kit, b\u00e2timent industriel en kit, entrepot en kit etc.<\/span><\/span><\/p>\n<p><span class=\"\" title=\"\">Notre \u00e9quipe vous accompagne dans votre projet de A \u00e0 Z et vous accompagne dans toutes les phases de votre structure m\u00e9tallique dont le concept, la fabrication, la livraison ainsi que l\u2019assemblage.<\/span><\/p>\n<p><span class=\"\" title=\"\">Veuillez visiter notre <a href=\"http:\/\/www.pesinacelik.com\">pesinacelik.com<\/a> site Web pour le Turc.<\/span><\/p>\n\t\t\t\t\t\t\t\t<\/div>\n\t\t\t\t<\/div>\n\t\t\t\t\t<\/div>\n\t\t<\/div>\n\t\t\t\t<div class=\"elementor-column elementor-col-25 elementor-top-column elementor-element elementor-element-01e435d\" data-id=\"01e435d\" data-element_type=\"column\" data-e-type=\"column\">\n\t\t\t<div class=\"elementor-widget-wrap elementor-element-populated\">\n\t\t\t\t\t\t<div class=\"elementor-element elementor-element-c6cb382 elementor-widget elementor-widget-text-editor\" data-id=\"c6cb382\" data-element_type=\"widget\" data-e-type=\"widget\" data-widget_type=\"text-editor.default\">\n\t\t\t\t<div class=\"elementor-widget-container\">\n\t\t\t\t\t\t\t\t\t<p>Maintenant, nous desservons dans tous les pays Francophone, y compris France, Belgique, Suisse, Luxembourg, Monaco, Canada, Ha\u00efti, C\u00f4te d\u2019Ivoire, S\u00e9n\u00e9gal, Mali, Burkina Faso, Niger, Togo, B\u00e9nin, Guin\u00e9e, Cameroun, R\u00e9publique D\u00e9mocratique du Congo, R\u00e9publique du Congo, Gabon, Tchad, R\u00e9publique Centrafricaine, Madagascar, Djibouti, Seychelles, Comores, Rwanda, Burundi, Vanuatu<\/p>\n<p>La R\u00e9union, Mayotte, Guadeloupe, Martinique, Saint-Pierre-et-Miquelon, Saint-Barth\u00e9lemy, Saint-Martin, Polyn\u00e9sie fran\u00e7aise, Nouvelle-Cal\u00e9donie, Wallis-et-Futuna<\/p>\n\t\t\t\t\t\t\t\t<\/div>\n\t\t\t\t<\/div>\n\t\t\t\t\t<\/div>\n\t\t<\/div>\n\t\t\t\t<div class=\"elementor-column elementor-col-25 elementor-top-column elementor-element elementor-element-a753400\" data-id=\"a753400\" data-element_type=\"column\" data-e-type=\"column\">\n\t\t\t<div class=\"elementor-widget-wrap elementor-element-populated\">\n\t\t\t\t\t\t<div class=\"elementor-element elementor-element-d0415ce elementor-widget elementor-widget-text-editor\" data-id=\"d0415ce\" data-element_type=\"widget\" data-e-type=\"widget\" data-widget_type=\"text-editor.default\">\n\t\t\t\t<div class=\"elementor-widget-container\">\n\t\t\t\t\t\t\t\t\t<p>En outre, les pays des Cara\u00efbes, Trinit\u00e9-et-Tobago, la Barbade, la R\u00e9publique Dominicaine, la Jama\u00efque, le Suriname, les Bahamas, le Belize, Cura\u00e7ao, Aruba, la Grenade, Antigua-Barbuda, etc.<\/p>\n\t\t\t\t\t\t\t\t<\/div>\n\t\t\t\t<\/div>\n\t\t\t\t\t<\/div>\n\t\t<\/div>\n\t\t\t\t\t<\/div>\n\t\t<\/section>\n\t\t\t\t<section class=\"elementor-section elementor-top-section elementor-element elementor-element-21dad662 elementor-section-boxed elementor-section-height-default elementor-section-height-default\" data-id=\"21dad662\" data-element_type=\"section\" data-e-type=\"section\">\n\t\t\t\t\t\t<div class=\"elementor-container elementor-column-gap-default\">\n\t\t\t\t\t<div class=\"elementor-column elementor-col-100 elementor-top-column elementor-element elementor-element-802db13\" data-id=\"802db13\" data-element_type=\"column\" data-e-type=\"column\">\n\t\t\t<div class=\"elementor-widget-wrap elementor-element-populated\">\n\t\t\t\t\t\t<div class=\"elementor-element elementor-element-22ac5b3 elementor-widget elementor-widget-heading\" data-id=\"22ac5b3\" data-element_type=\"widget\" data-e-type=\"widget\" data-widget_type=\"heading.default\">\n\t\t\t\t<div class=\"elementor-widget-container\">\n\t\t\t\t\t<h2 class=\"elementor-heading-title elementor-size-default\">B\u00e2timent Industriel<\/h2>\t\t\t\t<\/div>\n\t\t\t\t<\/div>\n\t\t\t\t<section class=\"elementor-section elementor-inner-section elementor-element elementor-element-7529605 elementor-section-boxed elementor-section-height-default elementor-section-height-default\" data-id=\"7529605\" data-element_type=\"section\" data-e-type=\"section\">\n\t\t\t\t\t\t<div class=\"elementor-container elementor-column-gap-default\">\n\t\t\t\t\t<div class=\"elementor-column elementor-col-100 elementor-inner-column elementor-element elementor-element-1eb4cac\" data-id=\"1eb4cac\" data-element_type=\"column\" data-e-type=\"column\">\n\t\t\t<div class=\"elementor-widget-wrap elementor-element-populated\">\n\t\t\t\t\t\t<div class=\"elementor-element elementor-element-99495eb elementor-widget elementor-widget-heading\" data-id=\"99495eb\" data-element_type=\"widget\" data-e-type=\"widget\" data-widget_type=\"heading.default\">\n\t\t\t\t<div class=\"elementor-widget-container\">\n\t\t\t\t\t<h4 class=\"elementor-heading-title elementor-size-default\">Hangar M\u00e9tallique<\/h4>\t\t\t\t<\/div>\n\t\t\t\t<\/div>\n\t\t\t\t\t<\/div>\n\t\t<\/div>\n\t\t\t\t\t<\/div>\n\t\t<\/section>\n\t\t\t\t<section class=\"elementor-section elementor-inner-section elementor-element elementor-element-258061d elementor-section-boxed elementor-section-height-default elementor-section-height-default\" data-id=\"258061d\" data-element_type=\"section\" data-e-type=\"section\">\n\t\t\t\t\t\t<div class=\"elementor-container elementor-column-gap-default\">\n\t\t\t\t\t<div class=\"elementor-column elementor-col-50 elementor-inner-column elementor-element elementor-element-4a1bb1e\" data-id=\"4a1bb1e\" data-element_type=\"column\" data-e-type=\"column\">\n\t\t\t<div class=\"elementor-widget-wrap elementor-element-populated\">\n\t\t\t\t\t\t<div class=\"elementor-element elementor-element-667d404 elementor-widget elementor-widget-image\" data-id=\"667d404\" data-element_type=\"widget\" data-e-type=\"widget\" data-widget_type=\"image.default\">\n\t\t\t\t<div class=\"elementor-widget-container\">\n\t\t\t\t\t\t\t\t\t\t\t\t\t\t\t\t<a href=\"https:\/\/pesinasteel.com\/wp-content\/uploads\/metalbuilding.jpg\" data-elementor-open-lightbox=\"yes\" data-elementor-lightbox-title=\"construction m\u00e9tallique\" data-elementor-lightbox-description=\"Entrep\u00f4t d\u2019acier\" data-e-action-hash=\"#elementor-action%3Aaction%3Dlightbox%26settings%3DeyJpZCI6MTI2MiwidXJsIjoiaHR0cHM6XC9cL3Blc2luYXN0ZWVsLmNvbVwvd3AtY29udGVudFwvdXBsb2Fkc1wvbWV0YWxidWlsZGluZy5qcGcifQ%3D%3D\">\n\t\t\t\t\t\t\t<img decoding=\"async\" width=\"1024\" height=\"576\" data-src=\"https:\/\/pesinasteel.com\/wp-content\/uploads\/metalbuilding.jpg\" class=\"attachment-large size-large wp-image-1262 lazyload\" alt=\"Entrep\u00f4t d\u2019acier\" data-srcset=\"https:\/\/pesinasteel.com\/wp-content\/uploads\/metalbuilding.jpg 1024w, https:\/\/pesinasteel.com\/wp-content\/uploads\/metalbuilding-300x169.jpg 300w, https:\/\/pesinasteel.com\/wp-content\/uploads\/metalbuilding-150x84.jpg 150w, https:\/\/pesinasteel.com\/wp-content\/uploads\/metalbuilding-768x432.jpg 768w\" data-sizes=\"(max-width: 1024px) 100vw, 1024px\" src=\"data:image\/svg+xml;base64,PHN2ZyB3aWR0aD0iMSIgaGVpZ2h0PSIxIiB4bWxucz0iaHR0cDovL3d3dy53My5vcmcvMjAwMC9zdmciPjwvc3ZnPg==\" style=\"--smush-placeholder-width: 1024px; --smush-placeholder-aspect-ratio: 1024\/576;\" \/>\t\t\t\t\t\t\t\t<\/a>\n\t\t\t\t\t\t\t\t\t\t\t\t\t\t\t<\/div>\n\t\t\t\t<\/div>\n\t\t\t\t\t<\/div>\n\t\t<\/div>\n\t\t\t\t<div class=\"elementor-column elementor-col-50 elementor-inner-column elementor-element elementor-element-dc15d56\" data-id=\"dc15d56\" data-element_type=\"column\" data-e-type=\"column\">\n\t\t\t<div class=\"elementor-widget-wrap elementor-element-populated\">\n\t\t\t\t\t\t<div class=\"elementor-element elementor-element-a7660fd elementor-widget elementor-widget-image\" data-id=\"a7660fd\" data-element_type=\"widget\" data-e-type=\"widget\" data-widget_type=\"image.default\">\n\t\t\t\t<div class=\"elementor-widget-container\">\n\t\t\t\t\t\t\t\t\t\t\t\t\t\t\t\t<a href=\"https:\/\/pesinasteel.com\/wp-content\/uploads\/steel_warehouse.jpg\" data-elementor-open-lightbox=\"yes\" data-elementor-lightbox-title=\"steel_warehouse\" data-elementor-lightbox-description=\"entrep\u00f4t d\u2019acier\" data-e-action-hash=\"#elementor-action%3Aaction%3Dlightbox%26settings%3DeyJpZCI6MTI3MSwidXJsIjoiaHR0cHM6XC9cL3Blc2luYXN0ZWVsLmNvbVwvd3AtY29udGVudFwvdXBsb2Fkc1wvc3RlZWxfd2FyZWhvdXNlLmpwZyJ9\">\n\t\t\t\t\t\t\t<img decoding=\"async\" width=\"700\" height=\"467\" data-src=\"https:\/\/pesinasteel.com\/wp-content\/uploads\/steel_warehouse.jpg\" class=\"attachment-large size-large wp-image-1271 lazyload\" alt=\"entrep\u00f4t d\u2019acier\" data-srcset=\"https:\/\/pesinasteel.com\/wp-content\/uploads\/steel_warehouse.jpg 700w, https:\/\/pesinasteel.com\/wp-content\/uploads\/steel_warehouse-300x200.jpg 300w, https:\/\/pesinasteel.com\/wp-content\/uploads\/steel_warehouse-150x100.jpg 150w\" data-sizes=\"(max-width: 700px) 100vw, 700px\" src=\"data:image\/svg+xml;base64,PHN2ZyB3aWR0aD0iMSIgaGVpZ2h0PSIxIiB4bWxucz0iaHR0cDovL3d3dy53My5vcmcvMjAwMC9zdmciPjwvc3ZnPg==\" style=\"--smush-placeholder-width: 700px; --smush-placeholder-aspect-ratio: 700\/467;\" \/>\t\t\t\t\t\t\t\t<\/a>\n\t\t\t\t\t\t\t\t\t\t\t\t\t\t\t<\/div>\n\t\t\t\t<\/div>\n\t\t\t\t\t<\/div>\n\t\t<\/div>\n\t\t\t\t\t<\/div>\n\t\t<\/section>\n\t\t\t\t<section class=\"elementor-section elementor-inner-section elementor-element elementor-element-836ba78 elementor-section-boxed elementor-section-height-default elementor-section-height-default\" data-id=\"836ba78\" data-element_type=\"section\" data-e-type=\"section\">\n\t\t\t\t\t\t<div class=\"elementor-container elementor-column-gap-default\">\n\t\t\t\t\t<div class=\"elementor-column elementor-col-50 elementor-inner-column elementor-element elementor-element-e58c1fe\" data-id=\"e58c1fe\" data-element_type=\"column\" data-e-type=\"column\">\n\t\t\t<div class=\"elementor-widget-wrap elementor-element-populated\">\n\t\t\t\t\t\t<div class=\"elementor-element elementor-element-ac16e17 elementor-widget elementor-widget-image\" data-id=\"ac16e17\" data-element_type=\"widget\" data-e-type=\"widget\" data-widget_type=\"image.default\">\n\t\t\t\t<div class=\"elementor-widget-container\">\n\t\t\t\t\t\t\t\t\t\t\t\t\t\t\t\t<a href=\"https:\/\/pesinasteel.com\/wp-content\/uploads\/steel_structure.jpg\" data-elementor-open-lightbox=\"yes\" data-elementor-lightbox-title=\"steel_structure\" data-elementor-lightbox-description=\"cadre de structure en acier\" data-e-action-hash=\"#elementor-action%3Aaction%3Dlightbox%26settings%3DeyJpZCI6MTI2OCwidXJsIjoiaHR0cHM6XC9cL3Blc2luYXN0ZWVsLmNvbVwvd3AtY29udGVudFwvdXBsb2Fkc1wvc3RlZWxfc3RydWN0dXJlLmpwZyJ9\">\n\t\t\t\t\t\t\t<img decoding=\"async\" width=\"600\" height=\"321\" data-src=\"https:\/\/pesinasteel.com\/wp-content\/uploads\/steel_structure.jpg\" class=\"attachment-large size-large wp-image-1268 lazyload\" alt=\"cadre de structure en acier\" data-srcset=\"https:\/\/pesinasteel.com\/wp-content\/uploads\/steel_structure.jpg 600w, https:\/\/pesinasteel.com\/wp-content\/uploads\/steel_structure-300x161.jpg 300w, https:\/\/pesinasteel.com\/wp-content\/uploads\/steel_structure-150x80.jpg 150w\" data-sizes=\"(max-width: 600px) 100vw, 600px\" src=\"data:image\/svg+xml;base64,PHN2ZyB3aWR0aD0iMSIgaGVpZ2h0PSIxIiB4bWxucz0iaHR0cDovL3d3dy53My5vcmcvMjAwMC9zdmciPjwvc3ZnPg==\" style=\"--smush-placeholder-width: 600px; --smush-placeholder-aspect-ratio: 600\/321;\" \/>\t\t\t\t\t\t\t\t<\/a>\n\t\t\t\t\t\t\t\t\t\t\t\t\t\t\t<\/div>\n\t\t\t\t<\/div>\n\t\t\t\t\t<\/div>\n\t\t<\/div>\n\t\t\t\t<div class=\"elementor-column elementor-col-50 elementor-inner-column elementor-element elementor-element-1214a4e\" data-id=\"1214a4e\" data-element_type=\"column\" data-e-type=\"column\">\n\t\t\t<div class=\"elementor-widget-wrap elementor-element-populated\">\n\t\t\t\t\t\t<div class=\"elementor-element elementor-element-bd26b6e elementor-widget elementor-widget-image\" data-id=\"bd26b6e\" data-element_type=\"widget\" data-e-type=\"widget\" data-widget_type=\"image.default\">\n\t\t\t\t<div class=\"elementor-widget-container\">\n\t\t\t\t\t\t\t\t\t\t\t\t\t\t\t\t<a href=\"https:\/\/pesinasteel.com\/wp-content\/uploads\/steel_frames_pesina.jpg\" data-elementor-open-lightbox=\"yes\" data-elementor-lightbox-title=\"steel_frames_pesina\" data-elementor-lightbox-description=\"steel frames\" data-e-action-hash=\"#elementor-action%3Aaction%3Dlightbox%26settings%3DeyJpZCI6MTY0MywidXJsIjoiaHR0cHM6XC9cL3Blc2luYXN0ZWVsLmNvbVwvd3AtY29udGVudFwvdXBsb2Fkc1wvc3RlZWxfZnJhbWVzX3Blc2luYS5qcGcifQ%3D%3D\">\n\t\t\t\t\t\t\t<img decoding=\"async\" width=\"800\" height=\"450\" data-src=\"https:\/\/pesinasteel.com\/wp-content\/uploads\/steel_frames_pesina.jpg\" class=\"attachment-large size-large wp-image-1643 lazyload\" alt=\"Steel frames\" data-srcset=\"https:\/\/pesinasteel.com\/wp-content\/uploads\/steel_frames_pesina.jpg 800w, https:\/\/pesinasteel.com\/wp-content\/uploads\/steel_frames_pesina-300x169.jpg 300w, https:\/\/pesinasteel.com\/wp-content\/uploads\/steel_frames_pesina-150x84.jpg 150w, https:\/\/pesinasteel.com\/wp-content\/uploads\/steel_frames_pesina-768x432.jpg 768w\" data-sizes=\"(max-width: 800px) 100vw, 800px\" src=\"data:image\/svg+xml;base64,PHN2ZyB3aWR0aD0iMSIgaGVpZ2h0PSIxIiB4bWxucz0iaHR0cDovL3d3dy53My5vcmcvMjAwMC9zdmciPjwvc3ZnPg==\" style=\"--smush-placeholder-width: 800px; --smush-placeholder-aspect-ratio: 800\/450;\" \/>\t\t\t\t\t\t\t\t<\/a>\n\t\t\t\t\t\t\t\t\t\t\t\t\t\t\t<\/div>\n\t\t\t\t<\/div>\n\t\t\t\t\t<\/div>\n\t\t<\/div>\n\t\t\t\t\t<\/div>\n\t\t<\/section>\n\t\t\t\t<section class=\"elementor-section elementor-inner-section elementor-element elementor-element-69ff3de elementor-section-boxed elementor-section-height-default elementor-section-height-default\" data-id=\"69ff3de\" data-element_type=\"section\" data-e-type=\"section\">\n\t\t\t\t\t\t<div class=\"elementor-container elementor-column-gap-default\">\n\t\t\t\t\t<div class=\"elementor-column elementor-col-100 elementor-inner-column elementor-element elementor-element-2a2ee49\" data-id=\"2a2ee49\" data-element_type=\"column\" data-e-type=\"column\">\n\t\t\t<div class=\"elementor-widget-wrap elementor-element-populated\">\n\t\t\t\t\t\t<div class=\"elementor-element elementor-element-4de3b7d elementor-widget elementor-widget-text-editor\" data-id=\"4de3b7d\" data-element_type=\"widget\" data-e-type=\"widget\" data-widget_type=\"text-editor.default\">\n\t\t\t\t<div class=\"elementor-widget-container\">\n\t\t\t\t\t\t\t\t\t<p>Si vous recherchez une solution fiable et rentable pour vos projets de construction, vous pourriez envisager d&rsquo;utiliser des profil\u00e9s en acier de faible \u00e9paisseur. Les profil\u00e9s en acier de faible \u00e9paisseur sont de minces feuilles d&rsquo;acier qui sont pli\u00e9es pour former des poutres, des colonnes, des montants, des poutrelles et d&rsquo;autres \u00e9l\u00e9ments structurels. Ils sont faciles \u00e0 transporter, \u00e0 installer et \u00e0 modifier, et offrent une r\u00e9sistance et une durabilit\u00e9 \u00e9lev\u00e9es.  <\/p>\n<p>En tant que fabricant d&rsquo;acier et fournisseur de profil\u00e9s en acier de faible \u00e9paisseur, notre entreprise dispose de l&rsquo;expertise et de l&rsquo;\u00e9quipement n\u00e9cessaires pour produire des profil\u00e9s sur mesure qui r\u00e9pondent \u00e0 vos sp\u00e9cifications et \u00e0 vos exigences. Nous pouvons \u00e9galement vous fournir une aide \u00e0 la conception, une assistance technique et des services d&rsquo;installation. Que vous ayez besoin de profil\u00e9s en acier de faible \u00e9paisseur pour des applications r\u00e9sidentielles, commerciales ou industrielles, nous pouvons vous aider \u00e0 atteindre vos objectifs.  <\/p>\n<p>Contactez-nous d\u00e8s aujourd&rsquo;hui pour obtenir un devis gratuit et en savoir plus sur acier l\u00e9ger et Construction en acier profil\u00e9 lamin\u00e9. Nous sommes convaincus que vous serez satisfaits de nos produits de qualit\u00e9 et de notre excellent service \u00e0 la client\u00e8le. <\/p>\n\t\t\t\t\t\t\t\t<\/div>\n\t\t\t\t<\/div>\n\t\t\t\t<div class=\"elementor-element elementor-element-803503a elementor-widget elementor-widget-spacer\" data-id=\"803503a\" data-element_type=\"widget\" data-e-type=\"widget\" data-widget_type=\"spacer.default\">\n\t\t\t\t<div class=\"elementor-widget-container\">\n\t\t\t\t\t\t\t<div class=\"elementor-spacer\">\n\t\t\t<div class=\"elementor-spacer-inner\"><\/div>\n\t\t<\/div>\n\t\t\t\t\t\t<\/div>\n\t\t\t\t<\/div>\n\t\t\t\t\t<\/div>\n\t\t<\/div>\n\t\t\t\t\t<\/div>\n\t\t<\/section>\n\t\t\t\t<div class=\"elementor-element elementor-element-ac4ca22 elementor-align-center elementor-widget elementor-widget-button\" data-id=\"ac4ca22\" data-element_type=\"widget\" data-e-type=\"widget\" data-widget_type=\"button.default\">\n\t\t\t\t<div class=\"elementor-widget-container\">\n\t\t\t\t\t\t\t\t\t<div class=\"elementor-button-wrapper\">\n\t\t\t\t\t<a class=\"elementor-button elementor-button-link elementor-size-lg\" href=\"https:\/\/pesinasteel.com\/fr\/obtenez-un-devis\/\">\n\t\t\t\t\t\t<span class=\"elementor-button-content-wrapper\">\n\t\t\t\t\t\t\t\t\t<span class=\"elementor-button-text\">Obtenez un devis maintenant<\/span>\n\t\t\t\t\t<\/span>\n\t\t\t\t\t<\/a>\n\t\t\t\t<\/div>\n\t\t\t\t\t\t\t\t<\/div>\n\t\t\t\t<\/div>\n\t\t\t\t<div class=\"elementor-element elementor-element-58d6747 elementor-widget-divider--view-line elementor-widget elementor-widget-divider\" data-id=\"58d6747\" data-element_type=\"widget\" data-e-type=\"widget\" data-widget_type=\"divider.default\">\n\t\t\t\t<div class=\"elementor-widget-container\">\n\t\t\t\t\t\t\t<div class=\"elementor-divider\">\n\t\t\t<span class=\"elementor-divider-separator\">\n\t\t\t\t\t\t<\/span>\n\t\t<\/div>\n\t\t\t\t\t\t<\/div>\n\t\t\t\t<\/div>\n\t\t\t\t<div class=\"elementor-element elementor-element-f9c6a15 elementor-widget elementor-widget-spacer\" data-id=\"f9c6a15\" data-element_type=\"widget\" data-e-type=\"widget\" data-widget_type=\"spacer.default\">\n\t\t\t\t<div class=\"elementor-widget-container\">\n\t\t\t\t\t\t\t<div class=\"elementor-spacer\">\n\t\t\t<div class=\"elementor-spacer-inner\"><\/div>\n\t\t<\/div>\n\t\t\t\t\t\t<\/div>\n\t\t\t\t<\/div>\n\t\t\t\t<div class=\"elementor-element elementor-element-e42e650 elementor-shape-square elementor-grid-0 e-grid-align-center elementor-widget elementor-widget-social-icons\" data-id=\"e42e650\" data-element_type=\"widget\" data-e-type=\"widget\" data-widget_type=\"social-icons.default\">\n\t\t\t\t<div class=\"elementor-widget-container\">\n\t\t\t\t\t\t\t<div class=\"elementor-social-icons-wrapper elementor-grid\" role=\"list\">\n\t\t\t\t\t\t\t<span class=\"elementor-grid-item\" role=\"listitem\">\n\t\t\t\t\t<a class=\"elementor-icon elementor-social-icon elementor-social-icon-facebook elementor-repeater-item-0237abd\" href=\"https:\/\/www.facebook.com\/pg\/PesinaLTD\/about\/\" target=\"_blank\">\n\t\t\t\t\t\t<span class=\"elementor-screen-only\">Facebook<\/span>\n\t\t\t\t\t\t<i aria-hidden=\"true\" class=\"fab fa-facebook\"><\/i>\t\t\t\t\t<\/a>\n\t\t\t\t<\/span>\n\t\t\t\t\t\t\t<span class=\"elementor-grid-item\" role=\"listitem\">\n\t\t\t\t\t<a class=\"elementor-icon elementor-social-icon elementor-social-icon-youtube elementor-repeater-item-3074f69\" href=\"https:\/\/www.youtube.com\/watch?v=YsZ1UQ-goY4\" target=\"_blank\">\n\t\t\t\t\t\t<span class=\"elementor-screen-only\">Youtube<\/span>\n\t\t\t\t\t\t<i aria-hidden=\"true\" class=\"fab fa-youtube\"><\/i>\t\t\t\t\t<\/a>\n\t\t\t\t<\/span>\n\t\t\t\t\t\t\t<span class=\"elementor-grid-item\" role=\"listitem\">\n\t\t\t\t\t<a class=\"elementor-icon elementor-social-icon elementor-social-icon-linkedin elementor-repeater-item-86dd49b\" href=\"https:\/\/www.linkedin.com\/company\/pesina-construction-trading-ltd\" target=\"_blank\">\n\t\t\t\t\t\t<span class=\"elementor-screen-only\">Linkedin<\/span>\n\t\t\t\t\t\t<i aria-hidden=\"true\" class=\"fab fa-linkedin\"><\/i>\t\t\t\t\t<\/a>\n\t\t\t\t<\/span>\n\t\t\t\t\t\t\t<span class=\"elementor-grid-item\" role=\"listitem\">\n\t\t\t\t\t<a class=\"elementor-icon elementor-social-icon elementor-social-icon-whatsapp elementor-repeater-item-78b70cc\" href=\"https:\/\/wa.me\/902169697399\" target=\"_blank\">\n\t\t\t\t\t\t<span class=\"elementor-screen-only\">Whatsapp<\/span>\n\t\t\t\t\t\t<i aria-hidden=\"true\" class=\"fab fa-whatsapp\"><\/i>\t\t\t\t\t<\/a>\n\t\t\t\t<\/span>\n\t\t\t\t\t\t\t<span class=\"elementor-grid-item\" role=\"listitem\">\n\t\t\t\t\t<a class=\"elementor-icon elementor-social-icon elementor-social-icon-link elementor-repeater-item-53f3cf5\" href=\"https:\/\/pesina.com.tr\/project\/warehouse\/\" target=\"_blank\">\n\t\t\t\t\t\t<span class=\"elementor-screen-only\">Link<\/span>\n\t\t\t\t\t\t<i aria-hidden=\"true\" class=\"fas fa-link\"><\/i>\t\t\t\t\t<\/a>\n\t\t\t\t<\/span>\n\t\t\t\t\t<\/div>\n\t\t\t\t\t\t<\/div>\n\t\t\t\t<\/div>\n\t\t\t\t\t<\/div>\n\t\t<\/div>\n\t\t\t\t\t<\/div>\n\t\t<\/section>\n\t\t\t\t<\/div>\n\t\t","protected":false},"excerpt":{"rendered":"<p>Nous proposons la r\u00e9alisation de tous types de b\u00e2timent m\u00e9tallique, charpentes m\u00e9talliques en kit. Diff\u00e9rents types de b\u00e2timents m\u00e9talliques en kit, hangar en kit 1000m2, hangar en kit 6&#215;100, hangar en kit 400m2, batiments agricoles en kit, abris m\u00e9tallique en kit, b\u00e2timent industriel en kit, entrepot en kit etc. Notre \u00e9quipe vous accompagne dans votre [&hellip;]<\/p>\n","protected":false},"author":2,"featured_media":0,"parent":1842,"menu_order":0,"comment_status":"closed","ping_status":"closed","template":"","meta":{"_seopress_robots_primary_cat":"","_seopress_titles_title":" %%post_title%% - Charpentes M\u00e9talliques En Kit ","_seopress_titles_desc":"Nous proposons de b\u00e2timent m\u00e9tallique avec l\u2019expertise Pesina. B\u00e2timent m\u00e9tallique soigneusement con\u00e7us avec une int\u00e9grit\u00e9 structurelle et une durabilit\u00e9 sont transport\u00e9s en Afrique, en Europe et en Am\u00e9rique","_seopress_robots_index":"","content-type":"","site-sidebar-layout":"default","site-content-layout":"default","ast-site-content-layout":"default","site-content-style":"default","site-sidebar-style":"default","ast-global-header-display":"","ast-banner-title-visibility":"","ast-main-header-display":"","ast-hfb-above-header-display":"","ast-hfb-below-header-display":"","ast-hfb-mobile-header-display":"","site-post-title":"","ast-breadcrumbs-content":"","ast-featured-img":"","footer-sml-layout":"","ast-disable-related-posts":"","theme-transparent-header-meta":"default","adv-header-id-meta":"","stick-header-meta":"","header-above-stick-meta":"","header-main-stick-meta":"","header-below-stick-meta":"","astra-migrate-meta-layouts":"default","ast-page-background-enabled":"default","ast-page-background-meta":{"desktop":{"background-color":"var(--ast-global-color-4)","background-image":"","background-repeat":"repeat","background-position":"center center","background-size":"auto","background-attachment":"scroll","background-type":"","background-media":"","overlay-type":"","overlay-color":"","overlay-opacity":"","overlay-gradient":""},"tablet":{"background-color":"","background-image":"","background-repeat":"repeat","background-position":"center center","background-size":"auto","background-attachment":"scroll","background-type":"","background-media":"","overlay-type":"","overlay-color":"","overlay-opacity":"","overlay-gradient":""},"mobile":{"background-color":"","background-image":"","background-repeat":"repeat","background-position":"center center","background-size":"auto","background-attachment":"scroll","background-type":"","background-media":"","overlay-type":"","overlay-color":"","overlay-opacity":"","overlay-gradient":""}},"ast-content-background-meta":{"desktop":{"background-color":"var(--ast-global-color-5)","background-image":"","background-repeat":"repeat","background-position":"center center","background-size":"auto","background-attachment":"scroll","background-type":"","background-media":"","overlay-type":"","overlay-color":"","overlay-opacity":"","overlay-gradient":""},"tablet":{"background-color":"var(--ast-global-color-5)","background-image":"","background-repeat":"repeat","background-position":"center center","background-size":"auto","background-attachment":"scroll","background-type":"","background-media":"","overlay-type":"","overlay-color":"","overlay-opacity":"","overlay-gradient":""},"mobile":{"background-color":"var(--ast-global-color-5)","background-image":"","background-repeat":"repeat","background-position":"center center","background-size":"auto","background-attachment":"scroll","background-type":"","background-media":"","overlay-type":"","overlay-color":"","overlay-opacity":"","overlay-gradient":""}},"footnotes":""},"class_list":["post-1480","page","type-page","status-publish","hentry"],"_links":{"self":[{"href":"https:\/\/pesinasteel.com\/fr\/wp-json\/wp\/v2\/pages\/1480","targetHints":{"allow":["GET"]}}],"collection":[{"href":"https:\/\/pesinasteel.com\/fr\/wp-json\/wp\/v2\/pages"}],"about":[{"href":"https:\/\/pesinasteel.com\/fr\/wp-json\/wp\/v2\/types\/page"}],"author":[{"embeddable":true,"href":"https:\/\/pesinasteel.com\/fr\/wp-json\/wp\/v2\/users\/2"}],"replies":[{"embeddable":true,"href":"https:\/\/pesinasteel.com\/fr\/wp-json\/wp\/v2\/comments?post=1480"}],"version-history":[{"count":16,"href":"https:\/\/pesinasteel.com\/fr\/wp-json\/wp\/v2\/pages\/1480\/revisions"}],"predecessor-version":[{"id":2413,"href":"https:\/\/pesinasteel.com\/fr\/wp-json\/wp\/v2\/pages\/1480\/revisions\/2413"}],"up":[{"embeddable":true,"href":"https:\/\/pesinasteel.com\/fr\/wp-json\/wp\/v2\/pages\/1842"}],"wp:attachment":[{"href":"https:\/\/pesinasteel.com\/fr\/wp-json\/wp\/v2\/media?parent=1480"}],"curies":[{"name":"wp","href":"https:\/\/api.w.org\/{rel}","templated":true}]}}