{"id":1478,"date":"2022-04-24T13:13:10","date_gmt":"2022-04-24T13:13:10","guid":{"rendered":"https:\/\/pesinasteel.com\/edificios-metalicos\/"},"modified":"2024-12-24T11:37:38","modified_gmt":"2024-12-24T11:37:38","slug":"edificios-metalicos","status":"publish","type":"page","link":"https:\/\/pesinasteel.com\/pt-br\/solucoes\/edificios-metalicos\/","title":{"rendered":"Edif\u00edcios Met\u00e1licos"},"content":{"rendered":"\t\t<div data-elementor-type=\"wp-page\" data-elementor-id=\"1478\" class=\"elementor elementor-1478 elementor-784\">\n\t\t\t\t\t\t<section class=\"elementor-section elementor-top-section elementor-element elementor-element-4f24d5e elementor-section-boxed elementor-section-height-default elementor-section-height-default\" data-id=\"4f24d5e\" data-element_type=\"section\" data-e-type=\"section\">\n\t\t\t\t\t\t<div class=\"elementor-container elementor-column-gap-default\">\n\t\t\t\t\t<div class=\"elementor-column elementor-col-50 elementor-top-column elementor-element elementor-element-a20fd2f\" data-id=\"a20fd2f\" data-element_type=\"column\" data-e-type=\"column\">\n\t\t\t<div class=\"elementor-widget-wrap elementor-element-populated\">\n\t\t\t\t\t\t<div class=\"elementor-element elementor-element-e8ec3d9 elementor-widget elementor-widget-text-editor\" data-id=\"e8ec3d9\" data-element_type=\"widget\" data-e-type=\"widget\" data-widget_type=\"text-editor.default\">\n\t\t\t\t<div class=\"elementor-widget-container\">\n\t\t\t\t\t\t\t\t\t<p><span class=\"tlid-translation translation\" lang=\"en\"><span title=\"\">Oferecemos a realiza\u00e7\u00e3o de todos os tipos de constru\u00e7\u00f5es met\u00e1licas.<\/span> <span class=\"\" title=\"\">Diferentes dimens\u00f5es podem ser, edif\u00edcio met\u00e1lico de 30&#215;30 em Angola, constru\u00e7\u00e3o de edif\u00edcio met\u00e1lico de 40&#215;40 em Brasil, edif\u00edcio met\u00e1lico de 40&#215;60 para projetos em Angola, constru\u00e7\u00e3o de edif\u00edcio met\u00e1lico de 40&#215;80 em Brasil, solu\u00e7\u00f5es em constru\u00e7\u00e3o met\u00e1lica de diferentes dimens\u00f5es em Angola, edif\u00edcios met\u00e1licos personalizados de 30&#215;30 em \u00c1frica, edif\u00edcios met\u00e1licos modulares de 40&#215;60 em Angola, constru\u00e7\u00e3o de edif\u00edcios met\u00e1licos de grande escala em \u00c1frica<\/span><\/span><\/p>\n<p><span class=\"\" title=\"\">Nossa equipe acompanha voc\u00ea em seu projeto de A a Z e o apoia em todas as fases de sua estrutura met\u00e1lica, incluindo o conceito, a fabrica\u00e7\u00e3o, a entrega, bem como a montagem.<\/span><\/p>\n<p><span class=\"\" title=\"\">Por favor, visite nosso site <a href=\"http:\/\/www.pesinacelik.com\">pesinacelik.com<\/a> para turco.<\/span><\/p>\n\t\t\t\t\t\t\t\t<\/div>\n\t\t\t\t<\/div>\n\t\t\t\t\t<\/div>\n\t\t<\/div>\n\t\t\t\t<div class=\"elementor-column elementor-col-25 elementor-top-column elementor-element elementor-element-01e435d\" data-id=\"01e435d\" data-element_type=\"column\" data-e-type=\"column\">\n\t\t\t<div class=\"elementor-widget-wrap elementor-element-populated\">\n\t\t\t\t\t\t<div class=\"elementor-element elementor-element-c6cb382 elementor-widget elementor-widget-text-editor\" data-id=\"c6cb382\" data-element_type=\"widget\" data-e-type=\"widget\" data-widget_type=\"text-editor.default\">\n\t\t\t\t<div class=\"elementor-widget-container\">\n\t\t\t\t\t\t\t\t\t<p>Agora, atendemos a todos os pa\u00edses africanos de l\u00edngua portuguesa, incluindo Angola, Mo\u00e7ambique, Guin\u00e9-Bissau, Cabo Verde, S\u00e3o Tom\u00e9 e Pr\u00edncipe, al\u00e9m de outros pa\u00edses africanos.<\/p>\n<p>Brasil, Portugal, Timor-Leste, Macau e Goa<\/p>\n\t\t\t\t\t\t\t\t<\/div>\n\t\t\t\t<\/div>\n\t\t\t\t\t<\/div>\n\t\t<\/div>\n\t\t\t\t<div class=\"elementor-column elementor-col-25 elementor-top-column elementor-element elementor-element-a753400\" data-id=\"a753400\" data-element_type=\"column\" data-e-type=\"column\">\n\t\t\t<div class=\"elementor-widget-wrap elementor-element-populated\">\n\t\t\t\t\t\t<div class=\"elementor-element elementor-element-d0415ce elementor-widget elementor-widget-text-editor\" data-id=\"d0415ce\" data-element_type=\"widget\" data-e-type=\"widget\" data-widget_type=\"text-editor.default\">\n\t\t\t\t<div class=\"elementor-widget-container\">\n\t\t\t\t\t\t\t\t\t<p>Al\u00e9m disso, pa\u00edses do Caribe, Trinidad e Tobago, Barbados, Haiti, Rep\u00fablica Dominicana, Jamaica, Suriname, Guadalupe, Bahamas, Belize, Cura\u00e7ao, Aruba, Granada, Antigua Barbuda etc.<\/p>\n\t\t\t\t\t\t\t\t<\/div>\n\t\t\t\t<\/div>\n\t\t\t\t\t<\/div>\n\t\t<\/div>\n\t\t\t\t\t<\/div>\n\t\t<\/section>\n\t\t\t\t<section class=\"elementor-section elementor-top-section elementor-element elementor-element-21dad662 elementor-section-boxed elementor-section-height-default elementor-section-height-default\" data-id=\"21dad662\" data-element_type=\"section\" data-e-type=\"section\">\n\t\t\t\t\t\t<div class=\"elementor-container elementor-column-gap-default\">\n\t\t\t\t\t<div class=\"elementor-column elementor-col-100 elementor-top-column elementor-element elementor-element-802db13\" data-id=\"802db13\" data-element_type=\"column\" data-e-type=\"column\">\n\t\t\t<div class=\"elementor-widget-wrap elementor-element-populated\">\n\t\t\t\t\t\t<div class=\"elementor-element elementor-element-22ac5b3 elementor-widget elementor-widget-heading\" data-id=\"22ac5b3\" data-element_type=\"widget\" data-e-type=\"widget\" data-widget_type=\"heading.default\">\n\t\t\t\t<div class=\"elementor-widget-container\">\n\t\t\t\t\t<h2 class=\"elementor-heading-title elementor-size-default\">Edif\u00edcios met\u00e1licos<\/h2>\t\t\t\t<\/div>\n\t\t\t\t<\/div>\n\t\t\t\t<section class=\"elementor-section elementor-inner-section elementor-element elementor-element-7529605 elementor-section-boxed elementor-section-height-default elementor-section-height-default\" data-id=\"7529605\" data-element_type=\"section\" data-e-type=\"section\">\n\t\t\t\t\t\t<div class=\"elementor-container elementor-column-gap-default\">\n\t\t\t\t\t<div class=\"elementor-column elementor-col-100 elementor-inner-column elementor-element elementor-element-1eb4cac\" data-id=\"1eb4cac\" data-element_type=\"column\" data-e-type=\"column\">\n\t\t\t<div class=\"elementor-widget-wrap elementor-element-populated\">\n\t\t\t\t\t\t<div class=\"elementor-element elementor-element-99495eb elementor-widget elementor-widget-heading\" data-id=\"99495eb\" data-element_type=\"widget\" data-e-type=\"widget\" data-widget_type=\"heading.default\">\n\t\t\t\t<div class=\"elementor-widget-container\">\n\t\t\t\t\t<h4 class=\"elementor-heading-title elementor-size-default\">Fabrica\u00e7\u00e3o de a\u00e7o, Constru\u00e7\u00e3o de a\u00e7o, Edif\u00edcios de galp\u00e3o<\/h4>\t\t\t\t<\/div>\n\t\t\t\t<\/div>\n\t\t\t\t\t<\/div>\n\t\t<\/div>\n\t\t\t\t\t<\/div>\n\t\t<\/section>\n\t\t\t\t<section class=\"elementor-section elementor-inner-section elementor-element elementor-element-258061d elementor-section-boxed elementor-section-height-default elementor-section-height-default\" data-id=\"258061d\" data-element_type=\"section\" data-e-type=\"section\">\n\t\t\t\t\t\t<div class=\"elementor-container elementor-column-gap-default\">\n\t\t\t\t\t<div class=\"elementor-column elementor-col-50 elementor-inner-column elementor-element elementor-element-4a1bb1e\" data-id=\"4a1bb1e\" data-element_type=\"column\" data-e-type=\"column\">\n\t\t\t<div class=\"elementor-widget-wrap elementor-element-populated\">\n\t\t\t\t\t\t<div class=\"elementor-element elementor-element-667d404 elementor-widget elementor-widget-image\" data-id=\"667d404\" data-element_type=\"widget\" data-e-type=\"widget\" data-widget_type=\"image.default\">\n\t\t\t\t<div class=\"elementor-widget-container\">\n\t\t\t\t\t\t\t\t\t\t\t\t\t\t\t\t<a href=\"https:\/\/pesinasteel.com\/wp-content\/uploads\/metalbuilding.jpg\" data-elementor-open-lightbox=\"yes\" data-elementor-lightbox-title=\"constru\u00e7\u00e3o de metais\" data-elementor-lightbox-description=\"Armaz\u00e9m de A\u00e7o\" data-e-action-hash=\"#elementor-action%3Aaction%3Dlightbox%26settings%3DeyJpZCI6MTI2MywidXJsIjoiaHR0cHM6XC9cL3Blc2luYXN0ZWVsLmNvbVwvd3AtY29udGVudFwvdXBsb2Fkc1wvbWV0YWxidWlsZGluZy5qcGcifQ%3D%3D\">\n\t\t\t\t\t\t\t<img decoding=\"async\" width=\"1024\" height=\"576\" data-src=\"https:\/\/pesinasteel.com\/wp-content\/uploads\/metalbuilding.jpg\" class=\"attachment-large size-large wp-image-1263 lazyload\" alt=\"Armaz\u00e9m de A\u00e7o\" data-srcset=\"https:\/\/pesinasteel.com\/wp-content\/uploads\/metalbuilding.jpg 1024w, https:\/\/pesinasteel.com\/wp-content\/uploads\/metalbuilding-300x169.jpg 300w, https:\/\/pesinasteel.com\/wp-content\/uploads\/metalbuilding-150x84.jpg 150w, https:\/\/pesinasteel.com\/wp-content\/uploads\/metalbuilding-768x432.jpg 768w\" data-sizes=\"(max-width: 1024px) 100vw, 1024px\" src=\"data:image\/svg+xml;base64,PHN2ZyB3aWR0aD0iMSIgaGVpZ2h0PSIxIiB4bWxucz0iaHR0cDovL3d3dy53My5vcmcvMjAwMC9zdmciPjwvc3ZnPg==\" style=\"--smush-placeholder-width: 1024px; --smush-placeholder-aspect-ratio: 1024\/576;\" \/>\t\t\t\t\t\t\t\t<\/a>\n\t\t\t\t\t\t\t\t\t\t\t\t\t\t\t<\/div>\n\t\t\t\t<\/div>\n\t\t\t\t\t<\/div>\n\t\t<\/div>\n\t\t\t\t<div class=\"elementor-column elementor-col-50 elementor-inner-column elementor-element elementor-element-dc15d56\" data-id=\"dc15d56\" data-element_type=\"column\" data-e-type=\"column\">\n\t\t\t<div class=\"elementor-widget-wrap elementor-element-populated\">\n\t\t\t\t\t\t<div class=\"elementor-element elementor-element-a7660fd elementor-widget elementor-widget-image\" data-id=\"a7660fd\" data-element_type=\"widget\" data-e-type=\"widget\" data-widget_type=\"image.default\">\n\t\t\t\t<div class=\"elementor-widget-container\">\n\t\t\t\t\t\t\t\t\t\t\t\t\t\t\t\t<a href=\"https:\/\/pesinasteel.com\/wp-content\/uploads\/steel_warehouse.jpg\" data-elementor-open-lightbox=\"yes\" data-elementor-lightbox-title=\"steel_warehouse\" data-elementor-lightbox-description=\"armaz\u00e9m de a\u00e7o\" data-e-action-hash=\"#elementor-action%3Aaction%3Dlightbox%26settings%3DeyJpZCI6MTI3MiwidXJsIjoiaHR0cHM6XC9cL3Blc2luYXN0ZWVsLmNvbVwvd3AtY29udGVudFwvdXBsb2Fkc1wvc3RlZWxfd2FyZWhvdXNlLmpwZyJ9\">\n\t\t\t\t\t\t\t<img decoding=\"async\" width=\"700\" height=\"467\" data-src=\"https:\/\/pesinasteel.com\/wp-content\/uploads\/steel_warehouse.jpg\" class=\"attachment-large size-large wp-image-1272 lazyload\" alt=\"armaz\u00e9m de a\u00e7o\" data-srcset=\"https:\/\/pesinasteel.com\/wp-content\/uploads\/steel_warehouse.jpg 700w, https:\/\/pesinasteel.com\/wp-content\/uploads\/steel_warehouse-300x200.jpg 300w, https:\/\/pesinasteel.com\/wp-content\/uploads\/steel_warehouse-150x100.jpg 150w\" data-sizes=\"(max-width: 700px) 100vw, 700px\" src=\"data:image\/svg+xml;base64,PHN2ZyB3aWR0aD0iMSIgaGVpZ2h0PSIxIiB4bWxucz0iaHR0cDovL3d3dy53My5vcmcvMjAwMC9zdmciPjwvc3ZnPg==\" style=\"--smush-placeholder-width: 700px; --smush-placeholder-aspect-ratio: 700\/467;\" \/>\t\t\t\t\t\t\t\t<\/a>\n\t\t\t\t\t\t\t\t\t\t\t\t\t\t\t<\/div>\n\t\t\t\t<\/div>\n\t\t\t\t\t<\/div>\n\t\t<\/div>\n\t\t\t\t\t<\/div>\n\t\t<\/section>\n\t\t\t\t<section class=\"elementor-section elementor-inner-section elementor-element elementor-element-836ba78 elementor-section-boxed elementor-section-height-default elementor-section-height-default\" data-id=\"836ba78\" data-element_type=\"section\" data-e-type=\"section\">\n\t\t\t\t\t\t<div class=\"elementor-container elementor-column-gap-default\">\n\t\t\t\t\t<div class=\"elementor-column elementor-col-50 elementor-inner-column elementor-element elementor-element-e58c1fe\" data-id=\"e58c1fe\" data-element_type=\"column\" data-e-type=\"column\">\n\t\t\t<div class=\"elementor-widget-wrap elementor-element-populated\">\n\t\t\t\t\t\t<div class=\"elementor-element elementor-element-ac16e17 elementor-widget elementor-widget-image\" data-id=\"ac16e17\" data-element_type=\"widget\" data-e-type=\"widget\" data-widget_type=\"image.default\">\n\t\t\t\t<div class=\"elementor-widget-container\">\n\t\t\t\t\t\t\t\t\t\t\t\t\t\t\t\t<a href=\"https:\/\/pesinasteel.com\/wp-content\/uploads\/steel_structure.jpg\" data-elementor-open-lightbox=\"yes\" data-elementor-lightbox-title=\"steel_structure\" data-elementor-lightbox-description=\"estrutura de a\u00e7o\" data-e-action-hash=\"#elementor-action%3Aaction%3Dlightbox%26settings%3DeyJpZCI6MTI2OSwidXJsIjoiaHR0cHM6XC9cL3Blc2luYXN0ZWVsLmNvbVwvd3AtY29udGVudFwvdXBsb2Fkc1wvc3RlZWxfc3RydWN0dXJlLmpwZyJ9\">\n\t\t\t\t\t\t\t<img decoding=\"async\" width=\"600\" height=\"321\" data-src=\"https:\/\/pesinasteel.com\/wp-content\/uploads\/steel_structure.jpg\" class=\"attachment-large size-large wp-image-1269 lazyload\" alt=\"estrutura de a\u00e7o\" data-srcset=\"https:\/\/pesinasteel.com\/wp-content\/uploads\/steel_structure.jpg 600w, https:\/\/pesinasteel.com\/wp-content\/uploads\/steel_structure-300x161.jpg 300w, https:\/\/pesinasteel.com\/wp-content\/uploads\/steel_structure-150x80.jpg 150w\" data-sizes=\"(max-width: 600px) 100vw, 600px\" src=\"data:image\/svg+xml;base64,PHN2ZyB3aWR0aD0iMSIgaGVpZ2h0PSIxIiB4bWxucz0iaHR0cDovL3d3dy53My5vcmcvMjAwMC9zdmciPjwvc3ZnPg==\" style=\"--smush-placeholder-width: 600px; --smush-placeholder-aspect-ratio: 600\/321;\" \/>\t\t\t\t\t\t\t\t<\/a>\n\t\t\t\t\t\t\t\t\t\t\t\t\t\t\t<\/div>\n\t\t\t\t<\/div>\n\t\t\t\t\t<\/div>\n\t\t<\/div>\n\t\t\t\t<div class=\"elementor-column elementor-col-50 elementor-inner-column elementor-element elementor-element-1214a4e\" data-id=\"1214a4e\" data-element_type=\"column\" data-e-type=\"column\">\n\t\t\t<div class=\"elementor-widget-wrap elementor-element-populated\">\n\t\t\t\t\t\t<div class=\"elementor-element elementor-element-bd26b6e elementor-widget elementor-widget-image\" data-id=\"bd26b6e\" data-element_type=\"widget\" data-e-type=\"widget\" data-widget_type=\"image.default\">\n\t\t\t\t<div class=\"elementor-widget-container\">\n\t\t\t\t\t\t\t\t\t\t\t\t\t\t\t\t<a href=\"https:\/\/pesinasteel.com\/wp-content\/uploads\/steel_frames_pesina.jpg\" data-elementor-open-lightbox=\"yes\" data-elementor-lightbox-title=\"steel_frames_pesina\" data-elementor-lightbox-description=\"steel frames\" data-e-action-hash=\"#elementor-action%3Aaction%3Dlightbox%26settings%3DeyJpZCI6MTY0NCwidXJsIjoiaHR0cHM6XC9cL3Blc2luYXN0ZWVsLmNvbVwvd3AtY29udGVudFwvdXBsb2Fkc1wvc3RlZWxfZnJhbWVzX3Blc2luYS5qcGcifQ%3D%3D\">\n\t\t\t\t\t\t\t<img decoding=\"async\" width=\"800\" height=\"450\" data-src=\"https:\/\/pesinasteel.com\/wp-content\/uploads\/steel_frames_pesina.jpg\" class=\"attachment-large size-large wp-image-1644 lazyload\" alt=\"Steel frames\" data-srcset=\"https:\/\/pesinasteel.com\/wp-content\/uploads\/steel_frames_pesina.jpg 800w, https:\/\/pesinasteel.com\/wp-content\/uploads\/steel_frames_pesina-300x169.jpg 300w, https:\/\/pesinasteel.com\/wp-content\/uploads\/steel_frames_pesina-150x84.jpg 150w, https:\/\/pesinasteel.com\/wp-content\/uploads\/steel_frames_pesina-768x432.jpg 768w\" data-sizes=\"(max-width: 800px) 100vw, 800px\" src=\"data:image\/svg+xml;base64,PHN2ZyB3aWR0aD0iMSIgaGVpZ2h0PSIxIiB4bWxucz0iaHR0cDovL3d3dy53My5vcmcvMjAwMC9zdmciPjwvc3ZnPg==\" style=\"--smush-placeholder-width: 800px; --smush-placeholder-aspect-ratio: 800\/450;\" \/>\t\t\t\t\t\t\t\t<\/a>\n\t\t\t\t\t\t\t\t\t\t\t\t\t\t\t<\/div>\n\t\t\t\t<\/div>\n\t\t\t\t\t<\/div>\n\t\t<\/div>\n\t\t\t\t\t<\/div>\n\t\t<\/section>\n\t\t\t\t<section class=\"elementor-section elementor-inner-section elementor-element elementor-element-69ff3de elementor-section-boxed elementor-section-height-default elementor-section-height-default\" data-id=\"69ff3de\" data-element_type=\"section\" data-e-type=\"section\">\n\t\t\t\t\t\t<div class=\"elementor-container elementor-column-gap-default\">\n\t\t\t\t\t<div class=\"elementor-column elementor-col-100 elementor-inner-column elementor-element elementor-element-2a2ee49\" data-id=\"2a2ee49\" data-element_type=\"column\" data-e-type=\"column\">\n\t\t\t<div class=\"elementor-widget-wrap elementor-element-populated\">\n\t\t\t\t\t\t<div class=\"elementor-element elementor-element-4de3b7d elementor-widget elementor-widget-text-editor\" data-id=\"4de3b7d\" data-element_type=\"widget\" data-e-type=\"widget\" data-widget_type=\"text-editor.default\">\n\t\t\t\t<div class=\"elementor-widget-container\">\n\t\t\t\t\t\t\t\t\t<p>Se voc\u00ea est\u00e1 procurando uma solu\u00e7\u00e3o confi\u00e1vel e econ\u00f4mica para seus projetos de constru\u00e7\u00e3o, pode considerar os perfis de a\u00e7o galvanizado leve Os perfis de a\u00e7o galvanizado leve s\u00e3o chapas finas de a\u00e7o que s\u00e3o dobradas para formar vigas, colunas, montantes, vigas de apoio e outros elementos estruturais Eles s\u00e3o f\u00e1ceis de transportar, instalar e modificar, al\u00e9m de oferecerem alta resist\u00eancia e durabilidade.<\/p>\n<p>Na nossa empresa, como fabricante de a\u00e7o e fornecedor de perfis de a\u00e7o galvanizado leve, temos a experi\u00eancia e os equipamentos necess\u00e1rios para produzir perfis sob medida que atendem \u00e0s suas especifica\u00e7\u00f5es e requisitos. Tamb\u00e9m podemos fornecer assist\u00eancia no design, suporte de engenharia e servi\u00e7os de instala\u00e7\u00e3o. Quer precise de perfis de a\u00e7o galvanizado leve para aplica\u00e7\u00f5es residenciais, comerciais ou industriais, podemos ajud\u00e1-lo a alcan\u00e7ar seus objetivos, seja em Angola, Mo\u00e7ambique, Guin\u00e9-Bissau ou outros pa\u00edses de l\u00edngua portuguesa na \u00c1frica.  <\/p>\n<p>Entre em contato conosco hoje para obter um or\u00e7amento gratuito e saber mais sobre nossos perfis de a\u00e7o galvanizado leve. Temos a certeza de que ficar\u00e1 satisfeito com nossos produtos de qualidade e excelente atendimento ao cliente, seja em Angola, Mo\u00e7ambique, Guin\u00e9-Bissau ou outros pa\u00edses de l\u00edngua portuguesa na \u00c1frica. <\/p>\n\t\t\t\t\t\t\t\t<\/div>\n\t\t\t\t<\/div>\n\t\t\t\t<div class=\"elementor-element elementor-element-803503a elementor-widget elementor-widget-spacer\" data-id=\"803503a\" data-element_type=\"widget\" data-e-type=\"widget\" data-widget_type=\"spacer.default\">\n\t\t\t\t<div class=\"elementor-widget-container\">\n\t\t\t\t\t\t\t<div class=\"elementor-spacer\">\n\t\t\t<div class=\"elementor-spacer-inner\"><\/div>\n\t\t<\/div>\n\t\t\t\t\t\t<\/div>\n\t\t\t\t<\/div>\n\t\t\t\t\t<\/div>\n\t\t<\/div>\n\t\t\t\t\t<\/div>\n\t\t<\/section>\n\t\t\t\t<div class=\"elementor-element elementor-element-ac4ca22 elementor-align-center elementor-widget elementor-widget-button\" data-id=\"ac4ca22\" data-element_type=\"widget\" data-e-type=\"widget\" data-widget_type=\"button.default\">\n\t\t\t\t<div class=\"elementor-widget-container\">\n\t\t\t\t\t\t\t\t\t<div class=\"elementor-button-wrapper\">\n\t\t\t\t\t<a class=\"elementor-button elementor-button-link elementor-size-lg\" href=\"https:\/\/pesinasteel.com\/pt-br\/obtenha-uma-cotacao\/\">\n\t\t\t\t\t\t<span class=\"elementor-button-content-wrapper\">\n\t\t\t\t\t\t\t\t\t<span class=\"elementor-button-text\">Obter Uma Cota\u00e7\u00e3o Agora<\/span>\n\t\t\t\t\t<\/span>\n\t\t\t\t\t<\/a>\n\t\t\t\t<\/div>\n\t\t\t\t\t\t\t\t<\/div>\n\t\t\t\t<\/div>\n\t\t\t\t<div class=\"elementor-element elementor-element-58d6747 elementor-widget-divider--view-line elementor-widget elementor-widget-divider\" data-id=\"58d6747\" data-element_type=\"widget\" data-e-type=\"widget\" data-widget_type=\"divider.default\">\n\t\t\t\t<div class=\"elementor-widget-container\">\n\t\t\t\t\t\t\t<div class=\"elementor-divider\">\n\t\t\t<span class=\"elementor-divider-separator\">\n\t\t\t\t\t\t<\/span>\n\t\t<\/div>\n\t\t\t\t\t\t<\/div>\n\t\t\t\t<\/div>\n\t\t\t\t<div class=\"elementor-element elementor-element-f9c6a15 elementor-widget elementor-widget-spacer\" data-id=\"f9c6a15\" data-element_type=\"widget\" data-e-type=\"widget\" data-widget_type=\"spacer.default\">\n\t\t\t\t<div class=\"elementor-widget-container\">\n\t\t\t\t\t\t\t<div class=\"elementor-spacer\">\n\t\t\t<div class=\"elementor-spacer-inner\"><\/div>\n\t\t<\/div>\n\t\t\t\t\t\t<\/div>\n\t\t\t\t<\/div>\n\t\t\t\t<div class=\"elementor-element elementor-element-e42e650 elementor-shape-square elementor-grid-0 e-grid-align-center elementor-widget elementor-widget-social-icons\" data-id=\"e42e650\" data-element_type=\"widget\" data-e-type=\"widget\" data-widget_type=\"social-icons.default\">\n\t\t\t\t<div class=\"elementor-widget-container\">\n\t\t\t\t\t\t\t<div class=\"elementor-social-icons-wrapper elementor-grid\" role=\"list\">\n\t\t\t\t\t\t\t<span class=\"elementor-grid-item\" role=\"listitem\">\n\t\t\t\t\t<a class=\"elementor-icon elementor-social-icon elementor-social-icon-facebook elementor-repeater-item-0237abd\" href=\"https:\/\/www.facebook.com\/pg\/PesinaLTD\/about\/\" target=\"_blank\">\n\t\t\t\t\t\t<span class=\"elementor-screen-only\">Facebook<\/span>\n\t\t\t\t\t\t<i aria-hidden=\"true\" class=\"fab fa-facebook\"><\/i>\t\t\t\t\t<\/a>\n\t\t\t\t<\/span>\n\t\t\t\t\t\t\t<span class=\"elementor-grid-item\" role=\"listitem\">\n\t\t\t\t\t<a class=\"elementor-icon elementor-social-icon elementor-social-icon-youtube elementor-repeater-item-3074f69\" href=\"https:\/\/www.youtube.com\/watch?v=YsZ1UQ-goY4\" target=\"_blank\">\n\t\t\t\t\t\t<span class=\"elementor-screen-only\">Youtube<\/span>\n\t\t\t\t\t\t<i aria-hidden=\"true\" class=\"fab fa-youtube\"><\/i>\t\t\t\t\t<\/a>\n\t\t\t\t<\/span>\n\t\t\t\t\t\t\t<span class=\"elementor-grid-item\" role=\"listitem\">\n\t\t\t\t\t<a class=\"elementor-icon elementor-social-icon elementor-social-icon-linkedin elementor-repeater-item-86dd49b\" href=\"https:\/\/www.linkedin.com\/company\/pesina-construction-trading-ltd\" target=\"_blank\">\n\t\t\t\t\t\t<span class=\"elementor-screen-only\">Linkedin<\/span>\n\t\t\t\t\t\t<i aria-hidden=\"true\" class=\"fab fa-linkedin\"><\/i>\t\t\t\t\t<\/a>\n\t\t\t\t<\/span>\n\t\t\t\t\t\t\t<span class=\"elementor-grid-item\" role=\"listitem\">\n\t\t\t\t\t<a class=\"elementor-icon elementor-social-icon elementor-social-icon-whatsapp elementor-repeater-item-78b70cc\" href=\"https:\/\/wa.me\/902169697399\" target=\"_blank\">\n\t\t\t\t\t\t<span class=\"elementor-screen-only\">Whatsapp<\/span>\n\t\t\t\t\t\t<i aria-hidden=\"true\" class=\"fab fa-whatsapp\"><\/i>\t\t\t\t\t<\/a>\n\t\t\t\t<\/span>\n\t\t\t\t\t\t\t<span class=\"elementor-grid-item\" role=\"listitem\">\n\t\t\t\t\t<a class=\"elementor-icon elementor-social-icon elementor-social-icon-link elementor-repeater-item-53f3cf5\" href=\"https:\/\/pesina.com.tr\/project\/warehouse\/\" target=\"_blank\">\n\t\t\t\t\t\t<span class=\"elementor-screen-only\">Link<\/span>\n\t\t\t\t\t\t<i aria-hidden=\"true\" class=\"fas fa-link\"><\/i>\t\t\t\t\t<\/a>\n\t\t\t\t<\/span>\n\t\t\t\t\t<\/div>\n\t\t\t\t\t\t<\/div>\n\t\t\t\t<\/div>\n\t\t\t\t\t<\/div>\n\t\t<\/div>\n\t\t\t\t\t<\/div>\n\t\t<\/section>\n\t\t\t\t<\/div>\n\t\t","protected":false},"excerpt":{"rendered":"<p>Oferecemos a realiza\u00e7\u00e3o de todos os tipos de constru\u00e7\u00f5es met\u00e1licas. Diferentes dimens\u00f5es podem ser, edif\u00edcio met\u00e1lico de 30&#215;30 em Angola, constru\u00e7\u00e3o de edif\u00edcio met\u00e1lico de 40&#215;40 em Brasil, edif\u00edcio met\u00e1lico de 40&#215;60 para projetos em Angola, constru\u00e7\u00e3o de edif\u00edcio met\u00e1lico de 40&#215;80 em Brasil, solu\u00e7\u00f5es em constru\u00e7\u00e3o met\u00e1lica de diferentes dimens\u00f5es em Angola, edif\u00edcios met\u00e1licos [&hellip;]<\/p>\n","protected":false},"author":2,"featured_media":0,"parent":1844,"menu_order":0,"comment_status":"closed","ping_status":"closed","template":"","meta":{"_seopress_robots_primary_cat":"","_seopress_titles_title":" %%post_title%% - N\u00f3s Projetamos, Fabricamos, Transportamos ","_seopress_titles_desc":"Oferecemos edif\u00edcios met\u00e1licos com a experi\u00eancia da Pesina. Edif\u00edcios met\u00e1licos cuidadosamente projetados, com integridade estrutural e durabilidade, s\u00e3o transportados para o exterior, \u00c1frica, Europa e Am\u00e9rica.","_seopress_robots_index":"","content-type":"","site-sidebar-layout":"default","site-content-layout":"default","ast-site-content-layout":"default","site-content-style":"default","site-sidebar-style":"default","ast-global-header-display":"","ast-banner-title-visibility":"","ast-main-header-display":"","ast-hfb-above-header-display":"","ast-hfb-below-header-display":"","ast-hfb-mobile-header-display":"","site-post-title":"","ast-breadcrumbs-content":"","ast-featured-img":"","footer-sml-layout":"","ast-disable-related-posts":"","theme-transparent-header-meta":"default","adv-header-id-meta":"","stick-header-meta":"","header-above-stick-meta":"","header-main-stick-meta":"","header-below-stick-meta":"","astra-migrate-meta-layouts":"default","ast-page-background-enabled":"default","ast-page-background-meta":{"desktop":{"background-color":"var(--ast-global-color-4)","background-image":"","background-repeat":"repeat","background-position":"center center","background-size":"auto","background-attachment":"scroll","background-type":"","background-media":"","overlay-type":"","overlay-color":"","overlay-opacity":"","overlay-gradient":""},"tablet":{"background-color":"","background-image":"","background-repeat":"repeat","background-position":"center center","background-size":"auto","background-attachment":"scroll","background-type":"","background-media":"","overlay-type":"","overlay-color":"","overlay-opacity":"","overlay-gradient":""},"mobile":{"background-color":"","background-image":"","background-repeat":"repeat","background-position":"center center","background-size":"auto","background-attachment":"scroll","background-type":"","background-media":"","overlay-type":"","overlay-color":"","overlay-opacity":"","overlay-gradient":""}},"ast-content-background-meta":{"desktop":{"background-color":"var(--ast-global-color-5)","background-image":"","background-repeat":"repeat","background-position":"center center","background-size":"auto","background-attachment":"scroll","background-type":"","background-media":"","overlay-type":"","overlay-color":"","overlay-opacity":"","overlay-gradient":""},"tablet":{"background-color":"var(--ast-global-color-5)","background-image":"","background-repeat":"repeat","background-position":"center center","background-size":"auto","background-attachment":"scroll","background-type":"","background-media":"","overlay-type":"","overlay-color":"","overlay-opacity":"","overlay-gradient":""},"mobile":{"background-color":"var(--ast-global-color-5)","background-image":"","background-repeat":"repeat","background-position":"center center","background-size":"auto","background-attachment":"scroll","background-type":"","background-media":"","overlay-type":"","overlay-color":"","overlay-opacity":"","overlay-gradient":""}},"footnotes":""},"class_list":["post-1478","page","type-page","status-publish","hentry"],"_links":{"self":[{"href":"https:\/\/pesinasteel.com\/pt-br\/wp-json\/wp\/v2\/pages\/1478","targetHints":{"allow":["GET"]}}],"collection":[{"href":"https:\/\/pesinasteel.com\/pt-br\/wp-json\/wp\/v2\/pages"}],"about":[{"href":"https:\/\/pesinasteel.com\/pt-br\/wp-json\/wp\/v2\/types\/page"}],"author":[{"embeddable":true,"href":"https:\/\/pesinasteel.com\/pt-br\/wp-json\/wp\/v2\/users\/2"}],"replies":[{"embeddable":true,"href":"https:\/\/pesinasteel.com\/pt-br\/wp-json\/wp\/v2\/comments?post=1478"}],"version-history":[{"count":4,"href":"https:\/\/pesinasteel.com\/pt-br\/wp-json\/wp\/v2\/pages\/1478\/revisions"}],"predecessor-version":[{"id":2417,"href":"https:\/\/pesinasteel.com\/pt-br\/wp-json\/wp\/v2\/pages\/1478\/revisions\/2417"}],"up":[{"embeddable":true,"href":"https:\/\/pesinasteel.com\/pt-br\/wp-json\/wp\/v2\/pages\/1844"}],"wp:attachment":[{"href":"https:\/\/pesinasteel.com\/pt-br\/wp-json\/wp\/v2\/media?parent=1478"}],"curies":[{"name":"wp","href":"https:\/\/api.w.org\/{rel}","templated":true}]}}