{"id":1821,"date":"2022-09-21T18:26:38","date_gmt":"2022-09-21T18:26:38","guid":{"rendered":"https:\/\/pesinasteel.com\/sobre\/"},"modified":"2022-09-21T18:28:42","modified_gmt":"2022-09-21T18:28:42","slug":"sobre","status":"publish","type":"page","link":"https:\/\/pesinasteel.com\/pt-br\/sobre\/","title":{"rendered":"Sobre"},"content":{"rendered":"\t\t<div data-elementor-type=\"wp-post\" data-elementor-id=\"1821\" class=\"elementor elementor-1821 elementor-17\">\n\t\t\t\t\t\t<section class=\"elementor-section elementor-top-section elementor-element elementor-element-cc06a10 elementor-section-boxed elementor-section-height-default elementor-section-height-default\" data-id=\"cc06a10\" data-element_type=\"section\" data-e-type=\"section\" data-settings=\"{&quot;background_background&quot;:&quot;classic&quot;}\">\n\t\t\t\t\t\t<div class=\"elementor-container elementor-column-gap-no\">\n\t\t\t\t\t<div class=\"elementor-column elementor-col-100 elementor-top-column elementor-element elementor-element-ff87637\" data-id=\"ff87637\" data-element_type=\"column\" data-e-type=\"column\">\n\t\t\t<div class=\"elementor-widget-wrap elementor-element-populated\">\n\t\t\t\t\t\t<div class=\"elementor-element elementor-element-fa03338 elementor-widget elementor-widget-heading\" data-id=\"fa03338\" data-element_type=\"widget\" data-e-type=\"widget\" data-widget_type=\"heading.default\">\n\t\t\t\t<div class=\"elementor-widget-container\">\n\t\t\t\t\t<h6 class=\"elementor-heading-title elementor-size-default\">Algumas palavras<\/h6>\t\t\t\t<\/div>\n\t\t\t\t<\/div>\n\t\t\t\t<div class=\"elementor-element elementor-element-bfe8f4d elementor-widget elementor-widget-heading\" data-id=\"bfe8f4d\" data-element_type=\"widget\" data-e-type=\"widget\" data-widget_type=\"heading.default\">\n\t\t\t\t<div class=\"elementor-widget-container\">\n\t\t\t\t\t<h1 class=\"elementor-heading-title elementor-size-default\">Quem somos<\/h1>\t\t\t\t<\/div>\n\t\t\t\t<\/div>\n\t\t\t\t\t<\/div>\n\t\t<\/div>\n\t\t\t\t\t<\/div>\n\t\t<\/section>\n\t\t\t\t<section class=\"elementor-section elementor-top-section elementor-element elementor-element-446a499c elementor-section-content-middle elementor-section-boxed elementor-section-height-default elementor-section-height-default\" data-id=\"446a499c\" data-element_type=\"section\" data-e-type=\"section\">\n\t\t\t\t\t\t<div class=\"elementor-container elementor-column-gap-no\">\n\t\t\t\t\t<div class=\"elementor-column elementor-col-50 elementor-top-column elementor-element elementor-element-351a43a3\" data-id=\"351a43a3\" data-element_type=\"column\" data-e-type=\"column\">\n\t\t\t<div class=\"elementor-widget-wrap elementor-element-populated\">\n\t\t\t\t\t\t<div class=\"elementor-element elementor-element-87f4344 elementor-widget elementor-widget-heading\" data-id=\"87f4344\" data-element_type=\"widget\" data-e-type=\"widget\" data-widget_type=\"heading.default\">\n\t\t\t\t<div class=\"elementor-widget-container\">\n\t\t\t\t\t<h6 class=\"elementor-heading-title elementor-size-default\">CONSTRU\u00c7\u00c3O PESINA<\/h6>\t\t\t\t<\/div>\n\t\t\t\t<\/div>\n\t\t\t\t<div class=\"elementor-element elementor-element-79201971 elementor-widget elementor-widget-heading\" data-id=\"79201971\" data-element_type=\"widget\" data-e-type=\"widget\" data-widget_type=\"heading.default\">\n\t\t\t\t<div class=\"elementor-widget-container\">\n\t\t\t\t\t<h3 class=\"elementor-heading-title elementor-size-default\">Fornecendo seu pensamento construtivo<\/h3>\t\t\t\t<\/div>\n\t\t\t\t<\/div>\n\t\t\t\t<div class=\"elementor-element elementor-element-3e710676 elementor-widget elementor-widget-heading\" data-id=\"3e710676\" data-element_type=\"widget\" data-e-type=\"widget\" data-widget_type=\"heading.default\">\n\t\t\t\t<div class=\"elementor-widget-container\">\n\t\t\t\t\t<h4 class=\"elementor-heading-title elementor-size-default\">Trazemos a Plausibilidade do Seu Doce Lar<\/h4>\t\t\t\t<\/div>\n\t\t\t\t<\/div>\n\t\t\t\t<div class=\"elementor-element elementor-element-7175cafe elementor-widget elementor-widget-text-editor\" data-id=\"7175cafe\" data-element_type=\"widget\" data-e-type=\"widget\" data-widget_type=\"text-editor.default\">\n\t\t\t\t<div class=\"elementor-widget-container\">\n\t\t\t\t\t\t\t\t\t<p>Na Pesina, ouvimos nossos clientes e nos preocupamos com seu sonho de melhores espa\u00e7os de conviv\u00eancia.<\/p><p>De 10 m2 a 10.000 m2, cada pr\u00e9dio tem finalidade e meta para realizar os m\u00ednimos requisitos. Casas e edif\u00edcios emoldurados de a\u00e7o t\u00eam reputa\u00e7\u00e3o duradoura de constru\u00e7\u00e3o pr\u00e1tica, r\u00e1pida e seca. E \u00e9 aqui que a Pesina Construction entra em cena. Do design pronto para muito espa\u00e7os arqueol\u00f3gicos personalizados, damos \u00e0 imagem um toque s\u00f3lido e real.<\/p><p>Palavras-chave: Casas pr\u00e9-fabricadas, edif\u00edcios modulares, casas emolduradas em a\u00e7o<\/p><p> <\/p>\t\t\t\t\t\t\t\t<\/div>\n\t\t\t\t<\/div>\n\t\t\t\t\t<\/div>\n\t\t<\/div>\n\t\t\t\t<div class=\"elementor-column elementor-col-50 elementor-top-column elementor-element elementor-element-651d311e\" data-id=\"651d311e\" data-element_type=\"column\" data-e-type=\"column\" data-settings=\"{&quot;background_background&quot;:&quot;classic&quot;}\">\n\t\t\t<div class=\"elementor-widget-wrap elementor-element-populated\">\n\t\t\t\t\t\t<section class=\"elementor-section elementor-inner-section elementor-element elementor-element-72b3462 elementor-section-boxed elementor-section-height-default elementor-section-height-default\" data-id=\"72b3462\" data-element_type=\"section\" data-e-type=\"section\">\n\t\t\t\t\t\t<div class=\"elementor-container elementor-column-gap-no\">\n\t\t\t\t\t<div class=\"elementor-column elementor-col-100 elementor-inner-column elementor-element elementor-element-e6e9063\" data-id=\"e6e9063\" data-element_type=\"column\" data-e-type=\"column\" data-settings=\"{&quot;background_background&quot;:&quot;classic&quot;}\">\n\t\t\t<div class=\"elementor-widget-wrap elementor-element-populated\">\n\t\t\t\t\t<div class=\"elementor-background-overlay\"><\/div>\n\t\t\t\t\t\t<div class=\"elementor-element elementor-element-aaa95c3 elementor-widget elementor-widget-image\" data-id=\"aaa95c3\" data-element_type=\"widget\" data-e-type=\"widget\" data-widget_type=\"image.default\">\n\t\t\t\t<div class=\"elementor-widget-container\">\n\t\t\t\t\t\t\t\t\t\t\t\t\t\t\t<img decoding=\"async\" data-src=\"https:\/\/pesinasteel.com\/wp-content\/uploads\/2019\/12\/man.jpg\" title=\"\" alt=\"\" src=\"data:image\/svg+xml;base64,PHN2ZyB3aWR0aD0iMSIgaGVpZ2h0PSIxIiB4bWxucz0iaHR0cDovL3d3dy53My5vcmcvMjAwMC9zdmciPjwvc3ZnPg==\" class=\"lazyload\" \/>\t\t\t\t\t\t\t\t\t\t\t\t\t\t\t<\/div>\n\t\t\t\t<\/div>\n\t\t\t\t\t<\/div>\n\t\t<\/div>\n\t\t\t\t\t<\/div>\n\t\t<\/section>\n\t\t\t\t<section class=\"elementor-section elementor-inner-section elementor-element elementor-element-471ed62 elementor-section-boxed elementor-section-height-default elementor-section-height-default\" data-id=\"471ed62\" data-element_type=\"section\" data-e-type=\"section\">\n\t\t\t\t\t\t<div class=\"elementor-container elementor-column-gap-no\">\n\t\t\t\t\t<div class=\"elementor-column elementor-col-50 elementor-inner-column elementor-element elementor-element-a691372\" data-id=\"a691372\" data-element_type=\"column\" data-e-type=\"column\" data-settings=\"{&quot;background_background&quot;:&quot;classic&quot;}\">\n\t\t\t<div class=\"elementor-widget-wrap elementor-element-populated\">\n\t\t\t\t\t\t<div class=\"elementor-element elementor-element-78906ff elementor-widget elementor-widget-image\" data-id=\"78906ff\" data-element_type=\"widget\" data-e-type=\"widget\" data-widget_type=\"image.default\">\n\t\t\t\t<div class=\"elementor-widget-container\">\n\t\t\t\t\t\t\t\t\t\t\t\t\t\t\t<img decoding=\"async\" width=\"300\" height=\"225\" data-src=\"https:\/\/pesinasteel.com\/wp-content\/uploads\/2020\/06\/twostoreysteelframedhouse-300x225.jpg\" class=\"attachment-medium size-medium wp-image-1008 lazyload\" alt=\"duas casa strorey\" data-srcset=\"https:\/\/pesinasteel.com\/wp-content\/uploads\/2020\/06\/twostoreysteelframedhouse-300x225.jpg 300w, https:\/\/pesinasteel.com\/wp-content\/uploads\/2020\/06\/twostoreysteelframedhouse-1024x768.jpg 1024w, https:\/\/pesinasteel.com\/wp-content\/uploads\/2020\/06\/twostoreysteelframedhouse-768x576.jpg 768w, https:\/\/pesinasteel.com\/wp-content\/uploads\/2020\/06\/twostoreysteelframedhouse-1536x1152.jpg 1536w, https:\/\/pesinasteel.com\/wp-content\/uploads\/2020\/06\/twostoreysteelframedhouse-e1593094201582.jpg 800w\" data-sizes=\"(max-width: 300px) 100vw, 300px\" src=\"data:image\/svg+xml;base64,PHN2ZyB3aWR0aD0iMSIgaGVpZ2h0PSIxIiB4bWxucz0iaHR0cDovL3d3dy53My5vcmcvMjAwMC9zdmciPjwvc3ZnPg==\" style=\"--smush-placeholder-width: 300px; --smush-placeholder-aspect-ratio: 300\/225;\" \/>\t\t\t\t\t\t\t\t\t\t\t\t\t\t\t<\/div>\n\t\t\t\t<\/div>\n\t\t\t\t\t<\/div>\n\t\t<\/div>\n\t\t\t\t<div class=\"elementor-column elementor-col-50 elementor-inner-column elementor-element elementor-element-6ce05a1\" data-id=\"6ce05a1\" data-element_type=\"column\" data-e-type=\"column\" data-settings=\"{&quot;background_background&quot;:&quot;classic&quot;}\">\n\t\t\t<div class=\"elementor-widget-wrap elementor-element-populated\">\n\t\t\t\t\t\t<div class=\"elementor-element elementor-element-120f7f8 elementor-widget elementor-widget-image\" data-id=\"120f7f8\" data-element_type=\"widget\" data-e-type=\"widget\" data-widget_type=\"image.default\">\n\t\t\t\t<div class=\"elementor-widget-container\">\n\t\t\t\t\t\t\t\t\t\t\t\t\t\t\t<img decoding=\"async\" data-src=\"https:\/\/pesinasteel.com\/wp-content\/uploads\/2019\/12\/office-cabin.jpg\" title=\"\" alt=\"\" src=\"data:image\/svg+xml;base64,PHN2ZyB3aWR0aD0iMSIgaGVpZ2h0PSIxIiB4bWxucz0iaHR0cDovL3d3dy53My5vcmcvMjAwMC9zdmciPjwvc3ZnPg==\" class=\"lazyload\" \/>\t\t\t\t\t\t\t\t\t\t\t\t\t\t\t<\/div>\n\t\t\t\t<\/div>\n\t\t\t\t\t<\/div>\n\t\t<\/div>\n\t\t\t\t\t<\/div>\n\t\t<\/section>\n\t\t\t\t\t<\/div>\n\t\t<\/div>\n\t\t\t\t\t<\/div>\n\t\t<\/section>\n\t\t\t\t<section class=\"elementor-section elementor-top-section elementor-element elementor-element-596c4de2 elementor-section-content-middle elementor-section-boxed elementor-section-height-default elementor-section-height-default\" data-id=\"596c4de2\" data-element_type=\"section\" data-e-type=\"section\" data-settings=\"{&quot;background_background&quot;:&quot;classic&quot;,&quot;shape_divider_top&quot;:&quot;tilt&quot;}\">\n\t\t\t\t\t\t\t<div class=\"elementor-background-overlay\"><\/div>\n\t\t\t\t\t\t<div class=\"elementor-shape elementor-shape-top\" aria-hidden=\"true\" data-negative=\"false\">\n\t\t\t<svg xmlns=\"http:\/\/www.w3.org\/2000\/svg\" viewBox=\"0 0 1000 100\" preserveAspectRatio=\"none\">\n\t<path class=\"elementor-shape-fill\" d=\"M0,6V0h1000v100L0,6z\"\/>\n<\/svg>\t\t<\/div>\n\t\t\t\t\t<div class=\"elementor-container elementor-column-gap-no\">\n\t\t\t\t\t<div class=\"elementor-column elementor-col-100 elementor-top-column elementor-element elementor-element-13cf2fdb\" data-id=\"13cf2fdb\" data-element_type=\"column\" data-e-type=\"column\">\n\t\t\t<div class=\"elementor-widget-wrap elementor-element-populated\">\n\t\t\t\t\t\t<div class=\"elementor-element elementor-element-7e090451 elementor-widget elementor-widget-heading\" data-id=\"7e090451\" data-element_type=\"widget\" data-e-type=\"widget\" data-widget_type=\"heading.default\">\n\t\t\t\t<div class=\"elementor-widget-container\">\n\t\t\t\t\t<h6 class=\"elementor-heading-title elementor-size-default\">Edif\u00edcios pr\u00e9-fabricados\n<\/h6>\t\t\t\t<\/div>\n\t\t\t\t<\/div>\n\t\t\t\t<div class=\"elementor-element elementor-element-732b3087 elementor-widget elementor-widget-heading\" data-id=\"732b3087\" data-element_type=\"widget\" data-e-type=\"widget\" data-widget_type=\"heading.default\">\n\t\t\t\t<div class=\"elementor-widget-container\">\n\t\t\t\t\t<h2 class=\"elementor-heading-title elementor-size-default\">Edif\u00edcios pr\u00e9-fabricados, Casas Modulares\n<\/h2>\t\t\t\t<\/div>\n\t\t\t\t<\/div>\n\t\t\t\t<div class=\"elementor-element elementor-element-0017edc elementor-widget elementor-widget-heading\" data-id=\"0017edc\" data-element_type=\"widget\" data-e-type=\"widget\" data-widget_type=\"heading.default\">\n\t\t\t\t<div class=\"elementor-widget-container\">\n\t\t\t\t\t<h3 class=\"elementor-heading-title elementor-size-default\">Pesina \u00e9 empresa especializada para edif\u00edcios pr\u00e9-fabricados e elementos de constru\u00e7\u00e3o pr\u00e9-fabricados<\/h3>\t\t\t\t<\/div>\n\t\t\t\t<\/div>\n\t\t\t\t<section class=\"elementor-section elementor-inner-section elementor-element elementor-element-19821d2e elementor-section-content-top elementor-section-boxed elementor-section-height-default elementor-section-height-default\" data-id=\"19821d2e\" data-element_type=\"section\" data-e-type=\"section\">\n\t\t\t\t\t\t<div class=\"elementor-container elementor-column-gap-no\">\n\t\t\t\t\t<div class=\"elementor-column elementor-col-50 elementor-inner-column elementor-element elementor-element-2c940300\" data-id=\"2c940300\" data-element_type=\"column\" data-e-type=\"column\">\n\t\t\t<div class=\"elementor-widget-wrap elementor-element-populated\">\n\t\t\t\t\t\t<div class=\"elementor-element elementor-element-39ee1cc elementor-widget elementor-widget-text-editor\" data-id=\"39ee1cc\" data-element_type=\"widget\" data-e-type=\"widget\" data-widget_type=\"text-editor.default\">\n\t\t\t\t<div class=\"elementor-widget-container\">\n\t\t\t\t\t\t\t\t\t<p>Edif\u00edcios pr\u00e9-fabricados, casas modulares ser\u00e3o uma tend\u00eancia mais do que nunca para o futuro. Suas aplica\u00e7\u00f5es pr\u00e1ticas, fabrica\u00e7\u00e3o de ambiente controlado por f\u00e1brica, uso de arma\u00e7\u00f5es de a\u00e7o<\/p><h6>Quais s\u00e3o as vantagens das Casas Pr\u00e9-Fabricadas?<\/h6><p>Especialmente em campos, fora das cidades, construir uma casa pode ser um trabalho dif\u00edcil. Casas pr\u00e9-fabricadas com constru\u00e7\u00e3o seca e modular podem facilitar e facilitar.<\/p><h6> <\/h6>\t\t\t\t\t\t\t\t<\/div>\n\t\t\t\t<\/div>\n\t\t\t\t\t<\/div>\n\t\t<\/div>\n\t\t\t\t<div class=\"elementor-column elementor-col-50 elementor-inner-column elementor-element elementor-element-381e8acf\" data-id=\"381e8acf\" data-element_type=\"column\" data-e-type=\"column\">\n\t\t\t<div class=\"elementor-widget-wrap elementor-element-populated\">\n\t\t\t\t\t\t<div class=\"elementor-element elementor-element-546c4a9e elementor-widget elementor-widget-text-editor\" data-id=\"546c4a9e\" data-element_type=\"widget\" data-e-type=\"widget\" data-widget_type=\"text-editor.default\">\n\t\t\t\t<div class=\"elementor-widget-container\">\n\t\t\t\t\t\t\t\t\t<h6>Como podemos pedir?<\/h6><p>Pesina est\u00e1 sediada em Istambul, Turquia. Depois de preparar e enviar sua casa\/constru\u00e7\u00e3o para um porto mar\u00edtimo internacional ou aduaneiro do pa\u00eds de destino, seu agente aduaneiro contratado cuidar\u00e1 da documenta\u00e7\u00e3o etc. O resto \u00e9 transporte local e m\u00e3o de obra local para instala\u00e7\u00e3o.<\/p>\t\t\t\t\t\t\t\t<\/div>\n\t\t\t\t<\/div>\n\t\t\t\t\t<\/div>\n\t\t<\/div>\n\t\t\t\t\t<\/div>\n\t\t<\/section>\n\t\t\t\t<div class=\"elementor-element elementor-element-38688ed elementor-widget elementor-widget-spacer\" data-id=\"38688ed\" data-element_type=\"widget\" data-e-type=\"widget\" data-widget_type=\"spacer.default\">\n\t\t\t\t<div class=\"elementor-widget-container\">\n\t\t\t\t\t\t\t<div class=\"elementor-spacer\">\n\t\t\t<div class=\"elementor-spacer-inner\"><\/div>\n\t\t<\/div>\n\t\t\t\t\t\t<\/div>\n\t\t\t\t<\/div>\n\t\t\t\t<div class=\"elementor-element elementor-element-7a54354 elementor-position-top elementor-widget elementor-widget-image-box\" data-id=\"7a54354\" data-element_type=\"widget\" data-e-type=\"widget\" data-widget_type=\"image-box.default\">\n\t\t\t\t<div class=\"elementor-widget-container\">\n\t\t\t\t\t<div class=\"elementor-image-box-wrapper\"><figure class=\"elementor-image-box-img\"><a href=\"https:\/\/pesinasteel.com\/pt-br\/casas-minusculas-pre-fabricadas\/\" tabindex=\"-1\"><img decoding=\"async\" width=\"800\" height=\"450\" data-src=\"https:\/\/pesinasteel.com\/wp-content\/uploads\/psn6_contw4.jpg\" class=\"attachment-full size-full wp-image-1233 lazyload\" alt=\"prefab casas min\u00fasculas\" data-srcset=\"https:\/\/pesinasteel.com\/wp-content\/uploads\/psn6_contw4.jpg 800w, https:\/\/pesinasteel.com\/wp-content\/uploads\/psn6_contw4-300x169.jpg 300w, https:\/\/pesinasteel.com\/wp-content\/uploads\/psn6_contw4-150x84.jpg 150w, https:\/\/pesinasteel.com\/wp-content\/uploads\/psn6_contw4-768x432.jpg 768w\" data-sizes=\"(max-width: 800px) 100vw, 800px\" src=\"data:image\/svg+xml;base64,PHN2ZyB3aWR0aD0iMSIgaGVpZ2h0PSIxIiB4bWxucz0iaHR0cDovL3d3dy53My5vcmcvMjAwMC9zdmciPjwvc3ZnPg==\" style=\"--smush-placeholder-width: 800px; --smush-placeholder-aspect-ratio: 800\/450;\" \/><\/a><\/figure><div class=\"elementor-image-box-content\"><h3 class=\"elementor-image-box-title\"><a href=\"https:\/\/pesinasteel.com\/pt-br\/casas-minusculas-pre-fabricadas\/\">Casas Min\u00fasculas Pr\u00e9-Fabricadas<\/a><\/h3><p class=\"elementor-image-box-description\">Procure por casas min\u00fasculas pr\u00e9-fabricadas. \u00c9 reloc\u00e1vel, remov\u00edvel com piso de chasis de a\u00e7o.<\/p><\/div><\/div>\t\t\t\t<\/div>\n\t\t\t\t<\/div>\n\t\t\t\t<div class=\"elementor-element elementor-element-6330088 elementor-widget elementor-widget-spacer\" data-id=\"6330088\" data-element_type=\"widget\" data-e-type=\"widget\" data-widget_type=\"spacer.default\">\n\t\t\t\t<div class=\"elementor-widget-container\">\n\t\t\t\t\t\t\t<div class=\"elementor-spacer\">\n\t\t\t<div class=\"elementor-spacer-inner\"><\/div>\n\t\t<\/div>\n\t\t\t\t\t\t<\/div>\n\t\t\t\t<\/div>\n\t\t\t\t<div class=\"elementor-element elementor-element-f03f048 elementor-position-top elementor-widget elementor-widget-image-box\" data-id=\"f03f048\" data-element_type=\"widget\" data-e-type=\"widget\" data-widget_type=\"image-box.default\">\n\t\t\t\t<div class=\"elementor-widget-container\">\n\t\t\t\t\t<div class=\"elementor-image-box-wrapper\"><figure class=\"elementor-image-box-img\"><a href=\"https:\/\/pesinasteel.com\/residential-prefabricated-houses\/\" tabindex=\"-1\"><img decoding=\"async\" width=\"515\" height=\"511\" data-src=\"https:\/\/pesinasteel.com\/wp-content\/uploads\/Yellow_house_1-1.jpg\" class=\"attachment-full size-full wp-image-1107 lazyload\" alt=\"Casa Amarela Casa Pr\u00e9-fabricada\" data-srcset=\"https:\/\/pesinasteel.com\/wp-content\/uploads\/Yellow_house_1-1.jpg 515w, https:\/\/pesinasteel.com\/wp-content\/uploads\/Yellow_house_1-1-300x298.jpg 300w, https:\/\/pesinasteel.com\/wp-content\/uploads\/Yellow_house_1-1-150x150.jpg 150w\" data-sizes=\"(max-width: 515px) 100vw, 515px\" src=\"data:image\/svg+xml;base64,PHN2ZyB3aWR0aD0iMSIgaGVpZ2h0PSIxIiB4bWxucz0iaHR0cDovL3d3dy53My5vcmcvMjAwMC9zdmciPjwvc3ZnPg==\" style=\"--smush-placeholder-width: 515px; --smush-placeholder-aspect-ratio: 515\/511;\" \/><\/a><\/figure><div class=\"elementor-image-box-content\"><h3 class=\"elementor-image-box-title\"><a href=\"https:\/\/pesinasteel.com\/residential-prefabricated-houses\/\">Casas de Parede Modulares Pr\u00e9-Fabricadas<\/a><\/h3><p class=\"elementor-image-box-description\">Verifique se h\u00e1 casas de parede modulares. Voc\u00ea pode personaliz\u00e1-lo de acordo com suas necessidades.<\/p><\/div><\/div>\t\t\t\t<\/div>\n\t\t\t\t<\/div>\n\t\t\t\t\t<\/div>\n\t\t<\/div>\n\t\t\t\t\t<\/div>\n\t\t<\/section>\n\t\t\t\t<section class=\"elementor-section elementor-top-section elementor-element elementor-element-7916b6b elementor-section-boxed elementor-section-height-default elementor-section-height-default\" data-id=\"7916b6b\" data-element_type=\"section\" data-e-type=\"section\">\n\t\t\t\t\t\t<div class=\"elementor-container elementor-column-gap-default\">\n\t\t\t\t\t<div class=\"elementor-column elementor-col-100 elementor-top-column elementor-element elementor-element-228db0d\" data-id=\"228db0d\" data-element_type=\"column\" data-e-type=\"column\">\n\t\t\t<div class=\"elementor-widget-wrap elementor-element-populated\">\n\t\t\t\t\t\t<div class=\"elementor-element elementor-element-a9de51e elementor-align-center elementor-widget elementor-widget-button\" data-id=\"a9de51e\" data-element_type=\"widget\" data-e-type=\"widget\" data-widget_type=\"button.default\">\n\t\t\t\t<div class=\"elementor-widget-container\">\n\t\t\t\t\t\t\t\t\t<div class=\"elementor-button-wrapper\">\n\t\t\t\t\t<a class=\"elementor-button elementor-button-link elementor-size-sm\" href=\"https:\/\/pesinasteel.com\/pt-br\/obtenha-uma-cotacao\/\">\n\t\t\t\t\t\t<span class=\"elementor-button-content-wrapper\">\n\t\t\t\t\t\t\t\t\t<span class=\"elementor-button-text\">Obter uma cita\u00e7\u00e3o<\/span>\n\t\t\t\t\t<\/span>\n\t\t\t\t\t<\/a>\n\t\t\t\t<\/div>\n\t\t\t\t\t\t\t\t<\/div>\n\t\t\t\t<\/div>\n\t\t\t\t\t<\/div>\n\t\t<\/div>\n\t\t\t\t\t<\/div>\n\t\t<\/section>\n\t\t\t\t<\/div>\n\t\t","protected":false},"excerpt":{"rendered":"<p>Algumas palavras Quem somos CONSTRU\u00c7\u00c3O PESINA Fornecendo seu pensamento construtivo Trazemos a Plausibilidade do Seu Doce Lar Na Pesina, ouvimos nossos clientes e nos preocupamos com seu sonho de melhores espa\u00e7os de conviv\u00eancia. De 10 m2 a 10.000 m2, cada pr\u00e9dio tem finalidade e meta para realizar os m\u00ednimos requisitos. Casas e edif\u00edcios emoldurados de [&hellip;]<\/p>\n","protected":false},"author":2,"featured_media":0,"parent":0,"menu_order":0,"comment_status":"closed","ping_status":"closed","template":"","meta":{"_seopress_robots_primary_cat":"","_seopress_titles_title":"%%post_title%% %%sep%%Casas emolduradas de a\u00e7o","_seopress_titles_desc":"Quem somos. De 10 m2 a 10.000 m2, cada pr\u00e9dio tem finalidade e meta para realizar os m\u00ednimos requisitos. Casas e edif\u00edcios emoldurados de a\u00e7o t\u00eam solu\u00e7\u00f5es duradouras.","_seopress_robots_index":"","content-type":"","site-sidebar-layout":"no-sidebar","site-content-layout":"page-builder","ast-site-content-layout":"default","site-content-style":"default","site-sidebar-style":"default","ast-global-header-display":"","ast-banner-title-visibility":"","ast-main-header-display":"","ast-hfb-above-header-display":"","ast-hfb-below-header-display":"","ast-hfb-mobile-header-display":"","site-post-title":"disabled","ast-breadcrumbs-content":"","ast-featured-img":"disabled","footer-sml-layout":"","ast-disable-related-posts":"","theme-transparent-header-meta":"default","adv-header-id-meta":"","stick-header-meta":"","header-above-stick-meta":"","header-main-stick-meta":"","header-below-stick-meta":"","astra-migrate-meta-layouts":"default","ast-page-background-enabled":"default","ast-page-background-meta":{"desktop":{"background-color":"var(--ast-global-color-4)","background-image":"","background-repeat":"repeat","background-position":"center center","background-size":"auto","background-attachment":"scroll","background-type":"","background-media":"","overlay-type":"","overlay-color":"","overlay-opacity":"","overlay-gradient":""},"tablet":{"background-color":"","background-image":"","background-repeat":"repeat","background-position":"center center","background-size":"auto","background-attachment":"scroll","background-type":"","background-media":"","overlay-type":"","overlay-color":"","overlay-opacity":"","overlay-gradient":""},"mobile":{"background-color":"","background-image":"","background-repeat":"repeat","background-position":"center center","background-size":"auto","background-attachment":"scroll","background-type":"","background-media":"","overlay-type":"","overlay-color":"","overlay-opacity":"","overlay-gradient":""}},"ast-content-background-meta":{"desktop":{"background-color":"var(--ast-global-color-5)","background-image":"","background-repeat":"repeat","background-position":"center center","background-size":"auto","background-attachment":"scroll","background-type":"","background-media":"","overlay-type":"","overlay-color":"","overlay-opacity":"","overlay-gradient":""},"tablet":{"background-color":"var(--ast-global-color-5)","background-image":"","background-repeat":"repeat","background-position":"center center","background-size":"auto","background-attachment":"scroll","background-type":"","background-media":"","overlay-type":"","overlay-color":"","overlay-opacity":"","overlay-gradient":""},"mobile":{"background-color":"var(--ast-global-color-5)","background-image":"","background-repeat":"repeat","background-position":"center center","background-size":"auto","background-attachment":"scroll","background-type":"","background-media":"","overlay-type":"","overlay-color":"","overlay-opacity":"","overlay-gradient":""}},"footnotes":""},"class_list":["post-1821","page","type-page","status-publish","hentry"],"_links":{"self":[{"href":"https:\/\/pesinasteel.com\/pt-br\/wp-json\/wp\/v2\/pages\/1821","targetHints":{"allow":["GET"]}}],"collection":[{"href":"https:\/\/pesinasteel.com\/pt-br\/wp-json\/wp\/v2\/pages"}],"about":[{"href":"https:\/\/pesinasteel.com\/pt-br\/wp-json\/wp\/v2\/types\/page"}],"author":[{"embeddable":true,"href":"https:\/\/pesinasteel.com\/pt-br\/wp-json\/wp\/v2\/users\/2"}],"replies":[{"embeddable":true,"href":"https:\/\/pesinasteel.com\/pt-br\/wp-json\/wp\/v2\/comments?post=1821"}],"version-history":[{"count":3,"href":"https:\/\/pesinasteel.com\/pt-br\/wp-json\/wp\/v2\/pages\/1821\/revisions"}],"predecessor-version":[{"id":1826,"href":"https:\/\/pesinasteel.com\/pt-br\/wp-json\/wp\/v2\/pages\/1821\/revisions\/1826"}],"wp:attachment":[{"href":"https:\/\/pesinasteel.com\/pt-br\/wp-json\/wp\/v2\/media?parent=1821"}],"curies":[{"name":"wp","href":"https:\/\/api.w.org\/{rel}","templated":true}]}}